{"id":1207,"date":"2019-01-25T18:14:21","date_gmt":"2019-01-25T18:14:21","guid":{"rendered":"http:\/\/feguars.es\/?page_id=1207"},"modified":"2019-01-25T18:14:23","modified_gmt":"2019-01-25T18:14:23","slug":"balada-de-otono","status":"publish","type":"page","link":"http:\/\/feguars.es\/?page_id=1207","title":{"rendered":"Balada de Oto\u00f1o"},"content":{"rendered":"\n<figure class=\"wp-block-image\"><a href=\"http:\/\/feguars.es\/wp-content\/uploads\/2019\/01\/Balada-de-Otono.jpg\" data-gallery><img loading=\"lazy\" decoding=\"async\" width=\"1024\" height=\"815\" src=\"http:\/\/feguars.es\/wp-content\/uploads\/2019\/01\/Balada-de-Otono-1024x815.jpg\" alt=\"\" class=\"wp-image-1210\" srcset=\"http:\/\/feguars.es\/wp-content\/uploads\/2019\/01\/Balada-de-Otono-1024x815.jpg 1024w, http:\/\/feguars.es\/wp-content\/uploads\/2019\/01\/Balada-de-Otono-300x239.jpg 300w, http:\/\/feguars.es\/wp-content\/uploads\/2019\/01\/Balada-de-Otono-768x611.jpg 768w, http:\/\/feguars.es\/wp-content\/uploads\/2019\/01\/Balada-de-Otono-1148x914.jpg 1148w, http:\/\/feguars.es\/wp-content\/uploads\/2019\/01\/Balada-de-Otono-377x300.jpg 377w, http:\/\/feguars.es\/wp-content\/uploads\/2019\/01\/Balada-de-Otono.jpg 1500w\" sizes=\"auto, (max-width: 1024px) 100vw, 1024px\" \/><\/a><\/figure>\n\n\n\n<p><strong>T\u00edtulo: \u201dBALADA DE OTO\u00d1O\u201d.<\/strong><br><strong>Medidas: 54&#215;65 Cm.<\/strong><br><strong>T\u00e9cnica: \u00d3leo sobre lienzo.<\/strong><\/p>\n\n\n\n<p> <em>Basado en la canci\u00f3n del mismo t\u00edtulo de Joan Manuel Serrat.<\/em><\/p>\n\n\n\n<p style=\"text-align:center\"> <br>Llueve,<br> detr\u00e1s de los cristales, llueve y llueve<br> sobre los chopos medio deshojados, <br> sobre los pardos tejados,<br> sobre los campos, llueve.<br> <br> Pintaron de gris el cielo<br> y el suelo <br> se fue abrigando con hojas,<br> se fue vistiendo de oto\u00f1o&#8230;. <\/p>\n","protected":false},"excerpt":{"rendered":"<p>T\u00edtulo: \u201dBALADA DE OTO\u00d1O\u201d.Medidas: 54&#215;65 Cm.T\u00e9cnica: \u00d3leo sobre lienzo. Basado en la canci\u00f3n del mismo t\u00edtulo de Joan Manuel Serrat. Llueve, detr\u00e1s de los cristales, llueve y llueve sobre los chopos medio deshojados, sobre los pardos tejados, sobre los campos, <span class=\"excerpt-dots\">&hellip;<\/span> <a class=\"more-link\" href=\"http:\/\/feguars.es\/?page_id=1207\"><span class=\"more-msg\">Sigue leyendo &rarr;<\/span><\/a><\/p>\n","protected":false},"author":1,"featured_media":1210,"parent":174,"menu_order":0,"comment_status":"closed","ping_status":"closed","template":"","meta":{"footnotes":""},"class_list":["post-1207","page","type-page","status-publish","has-post-thumbnail","hentry"],"_links":{"self":[{"href":"http:\/\/feguars.es\/index.php?rest_route=\/wp\/v2\/pages\/1207","targetHints":{"allow":["GET"]}}],"collection":[{"href":"http:\/\/feguars.es\/index.php?rest_route=\/wp\/v2\/pages"}],"about":[{"href":"http:\/\/feguars.es\/index.php?rest_route=\/wp\/v2\/types\/page"}],"author":[{"embeddable":true,"href":"http:\/\/feguars.es\/index.php?rest_route=\/wp\/v2\/users\/1"}],"replies":[{"embeddable":true,"href":"http:\/\/feguars.es\/index.php?rest_route=%2Fwp%2Fv2%2Fcomments&post=1207"}],"version-history":[{"count":1,"href":"http:\/\/feguars.es\/index.php?rest_route=\/wp\/v2\/pages\/1207\/revisions"}],"predecessor-version":[{"id":1216,"href":"http:\/\/feguars.es\/index.php?rest_route=\/wp\/v2\/pages\/1207\/revisions\/1216"}],"up":[{"embeddable":true,"href":"http:\/\/feguars.es\/index.php?rest_route=\/wp\/v2\/pages\/174"}],"wp:featuredmedia":[{"embeddable":true,"href":"http:\/\/feguars.es\/index.php?rest_route=\/wp\/v2\/media\/1210"}],"wp:attachment":[{"href":"http:\/\/feguars.es\/index.php?rest_route=%2Fwp%2Fv2%2Fmedia&parent=1207"}],"curies":[{"name":"wp","href":"https:\/\/api.w.org\/{rel}","templated":true}]}}