{"id":1435,"date":"2019-08-29T14:37:23","date_gmt":"2019-08-29T14:37:23","guid":{"rendered":"http:\/\/feguars.es\/?page_id=1435"},"modified":"2021-12-30T17:02:45","modified_gmt":"2021-12-30T17:02:45","slug":"once-upon-a-time-in-the-west","status":"publish","type":"page","link":"http:\/\/feguars.es\/?page_id=1435","title":{"rendered":"Once Upon a Time in the West"},"content":{"rendered":"<p><a href=\"http:\/\/feguars.es\/wp-content\/uploads\/2019\/08\/OnceUponATimeInTheWest.jpg\" data-gallery><img loading=\"lazy\" decoding=\"async\" class=\"aligncenter wp-image-1438 size-large\" src=\"http:\/\/feguars.es\/wp-content\/uploads\/2019\/08\/OnceUponATimeInTheWest-1024x780.jpg\" alt=\"\" width=\"1024\" height=\"780\" srcset=\"http:\/\/feguars.es\/wp-content\/uploads\/2019\/08\/OnceUponATimeInTheWest-1024x780.jpg 1024w, http:\/\/feguars.es\/wp-content\/uploads\/2019\/08\/OnceUponATimeInTheWest-300x229.jpg 300w, http:\/\/feguars.es\/wp-content\/uploads\/2019\/08\/OnceUponATimeInTheWest-768x585.jpg 768w, http:\/\/feguars.es\/wp-content\/uploads\/2019\/08\/OnceUponATimeInTheWest-394x300.jpg 394w, http:\/\/feguars.es\/wp-content\/uploads\/2019\/08\/OnceUponATimeInTheWest.jpg 1080w\" sizes=\"auto, (max-width: 1024px) 100vw, 1024px\" \/><\/a><\/p>\n<p>&nbsp;<\/p>\n<table id=\"table49\" border=\"0\" width=\"100%\" cellpadding=\"0\">\n<tbody>\n<tr>\n<td width=\"30\"><\/td>\n<td width=\"24%\"><b>T\u00edtulo<\/b><\/td>\n<td><span id=\"fbPhotoSnowliftCaption\" class=\"fbPhotosPhotoCaption\" tabindex=\"0\" aria-live=\"polite\" data-ft=\"{&quot;tn&quot;:&quot;K&quot;}\"><span class=\"hasCaption\">\u00abOnce Upon a Time in the West\u00bb,<\/span><\/span><\/td>\n<\/tr>\n<tr>\n<td width=\"30\"><\/td>\n<td width=\"24%\"><b>Medidas<\/b><\/td>\n<td><span id=\"fbPhotoSnowliftCaption\" class=\"fbPhotosPhotoCaption\" tabindex=\"0\" aria-live=\"polite\" data-ft=\"{&quot;tn&quot;:&quot;K&quot;}\"><span class=\"hasCaption\">89 x 116 cm<\/span><\/span><\/td>\n<\/tr>\n<tr>\n<td width=\"30\"><\/td>\n<td width=\"24%\"><b>T\u00e9cnica<\/b><\/td>\n<td>\u00d3leo sobre lienzo<\/td>\n<\/tr>\n<tr>\n<td width=\"30\"><\/td>\n<td colspan=\"2\"><span id=\"fbPhotoSnowliftCaption\" class=\"fbPhotosPhotoCaption\" tabindex=\"0\" aria-live=\"polite\" data-ft=\"{&quot;tn&quot;:&quot;K&quot;}\"><span class=\"hasCaption\"> Basado en la pel\u00edcula de Sergio Leone y la m\u00fasica de Ennio Morricone. <\/span><\/span><\/td>\n<\/tr>\n<\/tbody>\n<\/table>\n<p>&nbsp;<\/p>\n","protected":false},"excerpt":{"rendered":"<p>&nbsp; T\u00edtulo \u00abOnce Upon a Time in the West\u00bb, Medidas 89 x 116 cm T\u00e9cnica \u00d3leo sobre lienzo Basado en la pel\u00edcula de Sergio Leone y la m\u00fasica de Ennio Morricone. &nbsp;<\/p>\n <a class=\"more-link\" href=\"http:\/\/feguars.es\/?page_id=1435\"><span class=\"more-msg\">Sigue leyendo &rarr;<\/span><\/a>","protected":false},"author":1,"featured_media":1438,"parent":174,"menu_order":0,"comment_status":"closed","ping_status":"closed","template":"","meta":{"footnotes":""},"class_list":["post-1435","page","type-page","status-publish","has-post-thumbnail","hentry"],"_links":{"self":[{"href":"http:\/\/feguars.es\/index.php?rest_route=\/wp\/v2\/pages\/1435","targetHints":{"allow":["GET"]}}],"collection":[{"href":"http:\/\/feguars.es\/index.php?rest_route=\/wp\/v2\/pages"}],"about":[{"href":"http:\/\/feguars.es\/index.php?rest_route=\/wp\/v2\/types\/page"}],"author":[{"embeddable":true,"href":"http:\/\/feguars.es\/index.php?rest_route=\/wp\/v2\/users\/1"}],"replies":[{"embeddable":true,"href":"http:\/\/feguars.es\/index.php?rest_route=%2Fwp%2Fv2%2Fcomments&post=1435"}],"version-history":[{"count":2,"href":"http:\/\/feguars.es\/index.php?rest_route=\/wp\/v2\/pages\/1435\/revisions"}],"predecessor-version":[{"id":1448,"href":"http:\/\/feguars.es\/index.php?rest_route=\/wp\/v2\/pages\/1435\/revisions\/1448"}],"up":[{"embeddable":true,"href":"http:\/\/feguars.es\/index.php?rest_route=\/wp\/v2\/pages\/174"}],"wp:featuredmedia":[{"embeddable":true,"href":"http:\/\/feguars.es\/index.php?rest_route=\/wp\/v2\/media\/1438"}],"wp:attachment":[{"href":"http:\/\/feguars.es\/index.php?rest_route=%2Fwp%2Fv2%2Fmedia&parent=1435"}],"curies":[{"name":"wp","href":"https:\/\/api.w.org\/{rel}","templated":true}]}}