{"id":1489,"date":"2020-04-14T15:28:07","date_gmt":"2020-04-14T15:28:07","guid":{"rendered":"http:\/\/feguars.es\/?page_id=1489"},"modified":"2020-04-14T15:29:25","modified_gmt":"2020-04-14T15:29:25","slug":"once-upon-a-time-in-the-west-2","status":"publish","type":"page","link":"http:\/\/feguars.es\/?page_id=1489","title":{"rendered":"Once Upon a Time in the West"},"content":{"rendered":"<p><a href=\"http:\/\/feguars.es\/?attachment_id=1483\"><img loading=\"lazy\" decoding=\"async\" class=\"aligncenter wp-image-1483 size-large\" src=\"http:\/\/feguars.es\/wp-content\/uploads\/2020\/04\/Feguars-Once-Upon-a-Time-in-the-West-1024x780.jpg\" alt=\"\" width=\"1024\" height=\"780\" srcset=\"http:\/\/feguars.es\/wp-content\/uploads\/2020\/04\/Feguars-Once-Upon-a-Time-in-the-West-1024x780.jpg 1024w, http:\/\/feguars.es\/wp-content\/uploads\/2020\/04\/Feguars-Once-Upon-a-Time-in-the-West-300x229.jpg 300w, http:\/\/feguars.es\/wp-content\/uploads\/2020\/04\/Feguars-Once-Upon-a-Time-in-the-West-768x585.jpg 768w, http:\/\/feguars.es\/wp-content\/uploads\/2020\/04\/Feguars-Once-Upon-a-Time-in-the-West-394x300.jpg 394w, http:\/\/feguars.es\/wp-content\/uploads\/2020\/04\/Feguars-Once-Upon-a-Time-in-the-West.jpg 1080w\" sizes=\"auto, (max-width: 1024px) 100vw, 1024px\" \/><\/a><\/p>\n<p>&nbsp;<\/p>\n<table width=\"94%\">\n<tbody>\n<tr>\n<td width=\"24%\"><strong>T\u00edtulo<\/strong><\/td>\n<td>Once Upon a Time in the West<\/td>\n<\/tr>\n<tr>\n<td width=\"24%\"><strong>Medidas<\/strong><\/td>\n<td>89 x 116 cm<\/td>\n<\/tr>\n<tr>\n<td width=\"24%\"><strong>T\u00e9cnica<\/strong><\/td>\n<td>\u00d3leo sobre lienzo.<\/td>\n<\/tr>\n<tr>\n<td colspan=\"2\"><strong>Basado en la pel\u00edcula de Sergio Leone y la m\u00fasica de Ennio Morricone. <\/strong><\/td>\n<\/tr>\n<\/tbody>\n<\/table>\n<p>&nbsp;<\/p>\n","protected":false},"excerpt":{"rendered":"<p>&nbsp; T\u00edtulo Once Upon a Time in the West Medidas 89 x 116 cm T\u00e9cnica \u00d3leo sobre lienzo. Basado en la pel\u00edcula de Sergio Leone y la m\u00fasica de Ennio Morricone. &nbsp;<\/p>\n <a class=\"more-link\" href=\"http:\/\/feguars.es\/?page_id=1489\"><span class=\"more-msg\">Sigue leyendo &rarr;<\/span><\/a>","protected":false},"author":1,"featured_media":1483,"parent":174,"menu_order":0,"comment_status":"closed","ping_status":"closed","template":"","meta":{"footnotes":""},"class_list":["post-1489","page","type-page","status-publish","has-post-thumbnail","hentry"],"_links":{"self":[{"href":"http:\/\/feguars.es\/index.php?rest_route=\/wp\/v2\/pages\/1489","targetHints":{"allow":["GET"]}}],"collection":[{"href":"http:\/\/feguars.es\/index.php?rest_route=\/wp\/v2\/pages"}],"about":[{"href":"http:\/\/feguars.es\/index.php?rest_route=\/wp\/v2\/types\/page"}],"author":[{"embeddable":true,"href":"http:\/\/feguars.es\/index.php?rest_route=\/wp\/v2\/users\/1"}],"replies":[{"embeddable":true,"href":"http:\/\/feguars.es\/index.php?rest_route=%2Fwp%2Fv2%2Fcomments&post=1489"}],"version-history":[{"count":1,"href":"http:\/\/feguars.es\/index.php?rest_route=\/wp\/v2\/pages\/1489\/revisions"}],"predecessor-version":[{"id":1492,"href":"http:\/\/feguars.es\/index.php?rest_route=\/wp\/v2\/pages\/1489\/revisions\/1492"}],"up":[{"embeddable":true,"href":"http:\/\/feguars.es\/index.php?rest_route=\/wp\/v2\/pages\/174"}],"wp:featuredmedia":[{"embeddable":true,"href":"http:\/\/feguars.es\/index.php?rest_route=\/wp\/v2\/media\/1483"}],"wp:attachment":[{"href":"http:\/\/feguars.es\/index.php?rest_route=%2Fwp%2Fv2%2Fmedia&parent=1489"}],"curies":[{"name":"wp","href":"https:\/\/api.w.org\/{rel}","templated":true}]}}