{"id":1515,"date":"2020-08-07T16:38:08","date_gmt":"2020-08-07T16:38:08","guid":{"rendered":"http:\/\/feguars.es\/?page_id=1515"},"modified":"2020-09-05T10:13:59","modified_gmt":"2020-09-05T10:13:59","slug":"cantame-una-cancion","status":"publish","type":"page","link":"http:\/\/feguars.es\/?page_id=1515","title":{"rendered":"C\u00e1ntame una Canci\u00f3n"},"content":{"rendered":"<p><a href=\"http:\/\/feguars.es\/wp-content\/uploads\/2020\/08\/C\u00e1ntame-una-canci\u00f3n.jpg\" data-gallery><img loading=\"lazy\" decoding=\"async\" class=\"alignnone wp-image-1512 size-large\" src=\"http:\/\/feguars.es\/wp-content\/uploads\/2020\/08\/C\u00e1ntame-una-canci\u00f3n-1024x841.jpg\" alt=\"\" width=\"1024\" height=\"841\" srcset=\"http:\/\/feguars.es\/wp-content\/uploads\/2020\/08\/C\u00e1ntame-una-canci\u00f3n-1024x841.jpg 1024w, http:\/\/feguars.es\/wp-content\/uploads\/2020\/08\/C\u00e1ntame-una-canci\u00f3n-300x246.jpg 300w, http:\/\/feguars.es\/wp-content\/uploads\/2020\/08\/C\u00e1ntame-una-canci\u00f3n-768x631.jpg 768w, http:\/\/feguars.es\/wp-content\/uploads\/2020\/08\/C\u00e1ntame-una-canci\u00f3n-1148x943.jpg 1148w, http:\/\/feguars.es\/wp-content\/uploads\/2020\/08\/C\u00e1ntame-una-canci\u00f3n-365x300.jpg 365w, http:\/\/feguars.es\/wp-content\/uploads\/2020\/08\/C\u00e1ntame-una-canci\u00f3n.jpg 1990w\" sizes=\"auto, (max-width: 1024px) 100vw, 1024px\" \/><\/a><\/p>\n<table width=\"94%\">\n<tbody>\n<tr>\n<td width=\"24%\"><strong>T\u00edtulo<\/strong><\/td>\n<td>C\u00e1ntame una Canci\u00f3n<\/td>\n<\/tr>\n<tr>\n<td width=\"24%\"><strong>Medidas<\/strong><\/td>\n<td>81 x 100 cm<\/td>\n<\/tr>\n<tr>\n<td width=\"24%\"><strong>T\u00e9cnica<\/strong><\/td>\n<td>\u00d3leo sobre lienzo.<\/td>\n<\/tr>\n<tr>\n<td colspan=\"2\"><strong>Basado en la canci\u00f3n \u00abY Nos Dieron las Diez\u00bb de Joaqu\u00edn Sabina. <\/strong><\/td>\n<\/tr>\n<\/tbody>\n<\/table>\n<p>Fue en un pueblo con mar, una noche despu\u00e9s de un concierto<br \/>\nT\u00fa reinabas detr\u00e1s de la barra del \u00fanico bar que vimos abierto<br \/>\nC\u00e1ntame una canci\u00f3n al o\u00eddo y te pongo un cubata<br \/>\nCon una condici\u00f3n, que me dejes abierto el balc\u00f3n de tus ojos de gata<\/p>\n<p>Loco por conocer los secretos de tu dormitorio<br \/>\nEsa noche cant\u00e9 al piano del amanecer todo mi repertorio<\/p>\n<p>Los clientes del bar, uno a uno se fueron marchando<br \/>\nT\u00fa saliste a cerrar, yo me dije \u00abCuidado, chaval, te est\u00e1s enamorando\u00bb<br \/>\nLuego todo pas\u00f3, de repente, tu dedo en mi espalda<br \/>\nDibujo un coraz\u00f3n y mi mano le correspondi\u00f3 debajo de tu falda<\/p>\n<p>Caminito al hostal nos besamos en cada farola<br \/>\nEra un pueblo con mar yo quer\u00eda dormir contigo y t\u00fa no quer\u00edas dormir sola<\/p>\n<p>Y nos dieron las diez y las once<br \/>\nLas doce y la una, y las dos y las tres<br \/>\nY desnudos al anochecer nos encontr\u00f3 la luna<\/p>\n<p>Nos dijimos adi\u00f3s, ojal\u00e1 que volvamos a vernos<br \/>\nEl verano acab\u00f3, el oto\u00f1o dur\u00f3 lo que tarda en llegar el invierno<br \/>\nY a tu pueblo el azar, otra vez el verano siguiente<br \/>\nMe llev\u00f3, y al final del concierto me puse a buscar tu cara entre la gente<\/p>\n<p>Y no halle quien de ti me dijera ni media palabra<br \/>\nParec\u00eda como si me quisiera gastar el destino una broma macabra<\/p>\n<p>No hab\u00eda nadie detr\u00e1s de la barra del otro verano<br \/>\nY en lugar de tu bar me encontr\u00e9 una sucursal del banco hispano americano<br \/>\nTu memoria vengu\u00e9 a pedradas contra los cristales<br \/>\n\u00abS\u00e9 que no lo so\u00f1\u00e9\u00bb protestaba mientras me esposaban los municipales<\/p>\n<p>En mi declaraci\u00f3n alegu\u00e9 que llevaba tres copas<br \/>\nY empec\u00e9 esta canci\u00f3n en el cuarto donde aquella vez te quitaba la ropa<\/p>\n<p>Y nos dieron las diez y las once<br \/>\nLas doce y la una y las dos y las tres<br \/>\nY desnudos al anochecer nos encontr\u00f3 la luna<\/p>\n<p>Y nos dieron las diez y las once<br \/>\nLas doce y la una y las dos y las tres<br \/>\nY desnudos al anochecer nos encontr\u00f3 la luna<\/p>\n","protected":false},"excerpt":{"rendered":"<p>T\u00edtulo C\u00e1ntame una Canci\u00f3n Medidas 81 x 100 cm T\u00e9cnica \u00d3leo sobre lienzo. Basado en la canci\u00f3n \u00abY Nos Dieron las Diez\u00bb de Joaqu\u00edn Sabina. Fue en un pueblo con mar, una noche despu\u00e9s de un concierto T\u00fa reinabas detr\u00e1s <span class=\"excerpt-dots\">&hellip;<\/span> <a class=\"more-link\" href=\"http:\/\/feguars.es\/?page_id=1515\"><span class=\"more-msg\">Sigue leyendo &rarr;<\/span><\/a><\/p>\n","protected":false},"author":1,"featured_media":1512,"parent":174,"menu_order":0,"comment_status":"closed","ping_status":"closed","template":"","meta":{"footnotes":""},"class_list":["post-1515","page","type-page","status-publish","has-post-thumbnail","hentry"],"_links":{"self":[{"href":"http:\/\/feguars.es\/index.php?rest_route=\/wp\/v2\/pages\/1515","targetHints":{"allow":["GET"]}}],"collection":[{"href":"http:\/\/feguars.es\/index.php?rest_route=\/wp\/v2\/pages"}],"about":[{"href":"http:\/\/feguars.es\/index.php?rest_route=\/wp\/v2\/types\/page"}],"author":[{"embeddable":true,"href":"http:\/\/feguars.es\/index.php?rest_route=\/wp\/v2\/users\/1"}],"replies":[{"embeddable":true,"href":"http:\/\/feguars.es\/index.php?rest_route=%2Fwp%2Fv2%2Fcomments&post=1515"}],"version-history":[{"count":2,"href":"http:\/\/feguars.es\/index.php?rest_route=\/wp\/v2\/pages\/1515\/revisions"}],"predecessor-version":[{"id":1524,"href":"http:\/\/feguars.es\/index.php?rest_route=\/wp\/v2\/pages\/1515\/revisions\/1524"}],"up":[{"embeddable":true,"href":"http:\/\/feguars.es\/index.php?rest_route=\/wp\/v2\/pages\/174"}],"wp:featuredmedia":[{"embeddable":true,"href":"http:\/\/feguars.es\/index.php?rest_route=\/wp\/v2\/media\/1512"}],"wp:attachment":[{"href":"http:\/\/feguars.es\/index.php?rest_route=%2Fwp%2Fv2%2Fmedia&parent=1515"}],"curies":[{"name":"wp","href":"https:\/\/api.w.org\/{rel}","templated":true}]}}