{"id":1614,"date":"2021-03-25T08:48:20","date_gmt":"2021-03-25T08:48:20","guid":{"rendered":"http:\/\/feguars.es\/?page_id=1614"},"modified":"2021-03-25T08:53:16","modified_gmt":"2021-03-25T08:53:16","slug":"moon-river","status":"publish","type":"page","link":"http:\/\/feguars.es\/?page_id=1614","title":{"rendered":"Moon River"},"content":{"rendered":"<p><a href=\"http:\/\/feguars.es\/?attachment_id=1617\"><img loading=\"lazy\" decoding=\"async\" class=\"aligncenter wp-image-1617 size-large\" src=\"http:\/\/feguars.es\/wp-content\/uploads\/2021\/03\/Moon-River-81-x-100-Cm.-1024x832.jpg\" alt=\"\" width=\"1024\" height=\"832\" srcset=\"http:\/\/feguars.es\/wp-content\/uploads\/2021\/03\/Moon-River-81-x-100-Cm.-1024x832.jpg 1024w, http:\/\/feguars.es\/wp-content\/uploads\/2021\/03\/Moon-River-81-x-100-Cm.-300x244.jpg 300w, http:\/\/feguars.es\/wp-content\/uploads\/2021\/03\/Moon-River-81-x-100-Cm.-768x624.jpg 768w, http:\/\/feguars.es\/wp-content\/uploads\/2021\/03\/Moon-River-81-x-100-Cm.-1148x933.jpg 1148w, http:\/\/feguars.es\/wp-content\/uploads\/2021\/03\/Moon-River-81-x-100-Cm.-369x300.jpg 369w\" sizes=\"auto, (max-width: 1024px) 100vw, 1024px\" \/><\/a><\/p>\n<table width=\"94%\">\n<tbody>\n<tr>\n<td width=\"24%\"><strong>T\u00edtulo<\/strong><\/td>\n<td>Moon Riverl<\/td>\n<\/tr>\n<tr>\n<td width=\"24%\"><strong>Medidas<\/strong><\/td>\n<td>81 x 100 cm<\/td>\n<\/tr>\n<tr>\n<td width=\"24%\"><strong>T\u00e9cnica<\/strong><\/td>\n<td>\u00d3leo sobre lienzo.<\/td>\n<\/tr>\n<tr>\n<td colspan=\"2\"><strong>\u00a0Basado en la banda sonora de la pel\u00edcula Desayuno con Diamantes.<br \/>\n<\/strong><\/td>\n<\/tr>\n<\/tbody>\n<\/table>\n<blockquote><p>Moon river<br \/>\nWider than a mile<br \/>\nI&#8217;m crossing you<br \/>\nIn style some day<br \/>\nOh, dream maker<br \/>\nYou heart breaker<br \/>\nWherever you&#8217;re goin&#8217;<br \/>\nI&#8217;m goin&#8217; your way<br \/>\nTwo drifters<br \/>\nOff to see the world<br \/>\nThere&#8217;s such<br \/>\nA lot of world to see<br \/>\nWe&#8217;re after the same<br \/>\nRainbow&#8217;s end<br \/>\nWaitin&#8217; &#8216;round the bend<br \/>\nMy huckleberry friend<br \/>\nMoon river<br \/>\nAnd me<\/p><\/blockquote>\n","protected":false},"excerpt":{"rendered":"<p>T\u00edtulo Moon Riverl Medidas 81 x 100 cm T\u00e9cnica \u00d3leo sobre lienzo. \u00a0Basado en la banda sonora de la pel\u00edcula Desayuno con Diamantes. Moon river Wider than a mile I&#8217;m crossing you In style some day Oh, dream maker You <span class=\"excerpt-dots\">&hellip;<\/span> <a class=\"more-link\" href=\"http:\/\/feguars.es\/?page_id=1614\"><span class=\"more-msg\">Sigue leyendo &rarr;<\/span><\/a><\/p>\n","protected":false},"author":1,"featured_media":1617,"parent":174,"menu_order":0,"comment_status":"closed","ping_status":"closed","template":"","meta":{"footnotes":""},"class_list":["post-1614","page","type-page","status-publish","has-post-thumbnail","hentry"],"_links":{"self":[{"href":"http:\/\/feguars.es\/index.php?rest_route=\/wp\/v2\/pages\/1614","targetHints":{"allow":["GET"]}}],"collection":[{"href":"http:\/\/feguars.es\/index.php?rest_route=\/wp\/v2\/pages"}],"about":[{"href":"http:\/\/feguars.es\/index.php?rest_route=\/wp\/v2\/types\/page"}],"author":[{"embeddable":true,"href":"http:\/\/feguars.es\/index.php?rest_route=\/wp\/v2\/users\/1"}],"replies":[{"embeddable":true,"href":"http:\/\/feguars.es\/index.php?rest_route=%2Fwp%2Fv2%2Fcomments&post=1614"}],"version-history":[{"count":4,"href":"http:\/\/feguars.es\/index.php?rest_route=\/wp\/v2\/pages\/1614\/revisions"}],"predecessor-version":[{"id":1621,"href":"http:\/\/feguars.es\/index.php?rest_route=\/wp\/v2\/pages\/1614\/revisions\/1621"}],"up":[{"embeddable":true,"href":"http:\/\/feguars.es\/index.php?rest_route=\/wp\/v2\/pages\/174"}],"wp:featuredmedia":[{"embeddable":true,"href":"http:\/\/feguars.es\/index.php?rest_route=\/wp\/v2\/media\/1617"}],"wp:attachment":[{"href":"http:\/\/feguars.es\/index.php?rest_route=%2Fwp%2Fv2%2Fmedia&parent=1614"}],"curies":[{"name":"wp","href":"https:\/\/api.w.org\/{rel}","templated":true}]}}