{"id":1626,"date":"2021-03-25T09:01:08","date_gmt":"2021-03-25T09:01:08","guid":{"rendered":"http:\/\/feguars.es\/?page_id=1626"},"modified":"2021-03-25T09:02:36","modified_gmt":"2021-03-25T09:02:36","slug":"y-seras-capaz","status":"publish","type":"page","link":"http:\/\/feguars.es\/?page_id=1626","title":{"rendered":"Y ser\u00e1s capaz"},"content":{"rendered":"<p><a href=\"http:\/\/feguars.es\/?attachment_id=1627\"><img loading=\"lazy\" decoding=\"async\" class=\"aligncenter wp-image-1627 size-large\" src=\"http:\/\/feguars.es\/wp-content\/uploads\/2021\/03\/Yserascapaz73x92Cm.-1024x818.jpg\" alt=\"\" width=\"1024\" height=\"818\" srcset=\"http:\/\/feguars.es\/wp-content\/uploads\/2021\/03\/Yserascapaz73x92Cm.-1024x818.jpg 1024w, http:\/\/feguars.es\/wp-content\/uploads\/2021\/03\/Yserascapaz73x92Cm.-300x240.jpg 300w, http:\/\/feguars.es\/wp-content\/uploads\/2021\/03\/Yserascapaz73x92Cm.-768x613.jpg 768w, http:\/\/feguars.es\/wp-content\/uploads\/2021\/03\/Yserascapaz73x92Cm.-1148x917.jpg 1148w, http:\/\/feguars.es\/wp-content\/uploads\/2021\/03\/Yserascapaz73x92Cm.-376x300.jpg 376w\" sizes=\"auto, (max-width: 1024px) 100vw, 1024px\" \/><\/a><\/p>\n<table width=\"94%\">\n<tbody>\n<tr>\n<td width=\"24%\"><strong>T\u00edtulo<\/strong><\/td>\n<td>Y ser\u00e1s capaz<\/td>\n<\/tr>\n<tr>\n<td width=\"24%\"><strong>Medidas<\/strong><\/td>\n<td>73 x 92 cm<\/td>\n<\/tr>\n<tr>\n<td width=\"24%\"><strong>T\u00e9cnica<\/strong><\/td>\n<td>\u00d3leo sobre lienzo.<\/td>\n<\/tr>\n<tr>\n<td colspan=\"2\"><strong> Basado en la letra y m\u00fasica compuesta por Chema Pur\u00f3n.<br \/>\n<\/strong><\/td>\n<\/tr>\n<\/tbody>\n<\/table>\n<blockquote><p>Me hablas de razones, que no puedo comprender<br \/>\nCuando mis ilusiones se niegan a envejecer\u2026<br \/>\nMe dices tantas cosas y yo se la realidad<br \/>\nY tu mal se que no es otro que quererme de verdad.<br \/>\nYo soy tu realidad, y tu fuente de ternura,<br \/>\ntu sonrisa, tu amargura, soy tu guerra y soy tu paz,<br \/>\nyo soy tu despertar, y yo soy tus buenas noches,<br \/>\ntus caricias tus reproches, tu principio y tu final\u2026.<br \/>\nY ser\u00e1s capaz, y ser\u00e1s capaz,<br \/>\nde dejarme cuando tienes<br \/>\nen tus manos mi verdad,<br \/>\ny ser\u00e1s capaz de dejar morir,<br \/>\nel amor que con calor<br \/>\nhe ido guardando para ti.<br \/>\nSoy un rayo de sol, aunque t\u00fa me veas nube,<br \/>\ny me embarga y me consume<br \/>\nmi desesperado amor,<br \/>\nsoy en tu libertad, una celda que aprisiona<br \/>\nlo que solo t\u00fa y ninguna otra, me ha querido dar.<br \/>\nY ser\u00e1s capaz, y ser\u00e1s capaz\u2026.<\/p><\/blockquote>\n","protected":false},"excerpt":{"rendered":"<p>T\u00edtulo Y ser\u00e1s capaz Medidas 73 x 92 cm T\u00e9cnica \u00d3leo sobre lienzo. Basado en la letra y m\u00fasica compuesta por Chema Pur\u00f3n. Me hablas de razones, que no puedo comprender Cuando mis ilusiones se niegan a envejecer\u2026 Me dices <span class=\"excerpt-dots\">&hellip;<\/span> <a class=\"more-link\" href=\"http:\/\/feguars.es\/?page_id=1626\"><span class=\"more-msg\">Sigue leyendo &rarr;<\/span><\/a><\/p>\n","protected":false},"author":1,"featured_media":1627,"parent":174,"menu_order":0,"comment_status":"closed","ping_status":"closed","template":"","meta":{"footnotes":""},"class_list":["post-1626","page","type-page","status-publish","has-post-thumbnail","hentry"],"_links":{"self":[{"href":"http:\/\/feguars.es\/index.php?rest_route=\/wp\/v2\/pages\/1626","targetHints":{"allow":["GET"]}}],"collection":[{"href":"http:\/\/feguars.es\/index.php?rest_route=\/wp\/v2\/pages"}],"about":[{"href":"http:\/\/feguars.es\/index.php?rest_route=\/wp\/v2\/types\/page"}],"author":[{"embeddable":true,"href":"http:\/\/feguars.es\/index.php?rest_route=\/wp\/v2\/users\/1"}],"replies":[{"embeddable":true,"href":"http:\/\/feguars.es\/index.php?rest_route=%2Fwp%2Fv2%2Fcomments&post=1626"}],"version-history":[{"count":1,"href":"http:\/\/feguars.es\/index.php?rest_route=\/wp\/v2\/pages\/1626\/revisions"}],"predecessor-version":[{"id":1629,"href":"http:\/\/feguars.es\/index.php?rest_route=\/wp\/v2\/pages\/1626\/revisions\/1629"}],"up":[{"embeddable":true,"href":"http:\/\/feguars.es\/index.php?rest_route=\/wp\/v2\/pages\/174"}],"wp:featuredmedia":[{"embeddable":true,"href":"http:\/\/feguars.es\/index.php?rest_route=\/wp\/v2\/media\/1627"}],"wp:attachment":[{"href":"http:\/\/feguars.es\/index.php?rest_route=%2Fwp%2Fv2%2Fmedia&parent=1626"}],"curies":[{"name":"wp","href":"https:\/\/api.w.org\/{rel}","templated":true}]}}