{"id":184,"date":"2015-10-22T10:26:23","date_gmt":"2015-10-22T10:26:23","guid":{"rendered":"http:\/\/feguars.es\/?page_id=184"},"modified":"2018-06-29T16:10:27","modified_gmt":"2018-06-29T16:10:27","slug":"la-manana","status":"publish","type":"page","link":"http:\/\/feguars.es\/?page_id=184","title":{"rendered":"La Ma\u00f1ana"},"content":{"rendered":"<p><a href=\"http:\/\/feguars.es\/wp-content\/uploads\/2015\/10\/La-Ma\u00f1ana-114x146-Cm..jpg\" data-gallery><img loading=\"lazy\" decoding=\"async\" class=\"aligncenter wp-image-816 \" src=\"http:\/\/feguars.es\/wp-content\/uploads\/2015\/10\/La-Ma\u00f1ana-114x146-Cm.-300x236.jpg\" alt=\"La Ma\u00f1ana 114x146 Cm.\" width=\"472\" height=\"373\" srcset=\"http:\/\/feguars.es\/wp-content\/uploads\/2015\/10\/La-Ma\u00f1ana-114x146-Cm.-300x236.jpg 300w, http:\/\/feguars.es\/wp-content\/uploads\/2015\/10\/La-Ma\u00f1ana-114x146-Cm.-381x300.jpg 381w\" sizes=\"auto, (max-width: 472px) 100vw, 472px\" \/><\/a><\/p>\n<table id=\"table35\" border=\"2\" width=\"90%\" cellspacing=\"6\" cellpadding=\"0\">\n<tbody>\n<tr>\n<td>\n<table id=\"table36\" border=\"0\" width=\"100%\" cellpadding=\"0\">\n<tbody>\n<tr>\n<td width=\"30\"><\/td>\n<td width=\"24%\"><b><span style=\"font-family: Verdana; font-size: x-large;\">T\u00edtulo<\/span><\/b><\/td>\n<td><span style=\"font-family: Verdana; font-size: x-large;\">La ma\u00f1ana<\/span><\/td>\n<\/tr>\n<tr>\n<td width=\"30\"><\/td>\n<td width=\"24%\"><b><span style=\"font-family: Verdana; font-size: x-large;\">Medidas<\/span><\/b><\/td>\n<td><span style=\"font-family: Verdana; font-size: x-large;\">114 x 146 cm<\/span><\/td>\n<\/tr>\n<tr>\n<td width=\"30\"><\/td>\n<td width=\"24%\"><b><span style=\"font-family: Verdana; font-size: x-large;\">T\u00e9cnica<\/span><\/b><\/td>\n<td><span style=\"font-family: Verdana; font-size: x-large;\">\u00d3leo sobre lienzo.<\/span><\/td>\n<\/tr>\n<tr>\n<td width=\"30\"><\/td>\n<td colspan=\"2\"><b><span style=\"font-family: Verdana;\">Basado en la obra del mismo t\u00edtulo de Edward Grieg<\/span><\/b><\/td>\n<\/tr>\n<\/tbody>\n<\/table>\n<\/td>\n<\/tr>\n<\/tbody>\n<\/table>\n","protected":false},"excerpt":{"rendered":"<p>T\u00edtulo La ma\u00f1ana Medidas 114 x 146 cm T\u00e9cnica \u00d3leo sobre lienzo. Basado en la obra del mismo t\u00edtulo de Edward Grieg<\/p>\n <a class=\"more-link\" href=\"http:\/\/feguars.es\/?page_id=184\"><span class=\"more-msg\">Sigue leyendo &rarr;<\/span><\/a>","protected":false},"author":1,"featured_media":816,"parent":174,"menu_order":0,"comment_status":"closed","ping_status":"open","template":"","meta":{"footnotes":""},"class_list":["post-184","page","type-page","status-publish","has-post-thumbnail","hentry"],"_links":{"self":[{"href":"http:\/\/feguars.es\/index.php?rest_route=\/wp\/v2\/pages\/184","targetHints":{"allow":["GET"]}}],"collection":[{"href":"http:\/\/feguars.es\/index.php?rest_route=\/wp\/v2\/pages"}],"about":[{"href":"http:\/\/feguars.es\/index.php?rest_route=\/wp\/v2\/types\/page"}],"author":[{"embeddable":true,"href":"http:\/\/feguars.es\/index.php?rest_route=\/wp\/v2\/users\/1"}],"replies":[{"embeddable":true,"href":"http:\/\/feguars.es\/index.php?rest_route=%2Fwp%2Fv2%2Fcomments&post=184"}],"version-history":[{"count":7,"href":"http:\/\/feguars.es\/index.php?rest_route=\/wp\/v2\/pages\/184\/revisions"}],"predecessor-version":[{"id":1030,"href":"http:\/\/feguars.es\/index.php?rest_route=\/wp\/v2\/pages\/184\/revisions\/1030"}],"up":[{"embeddable":true,"href":"http:\/\/feguars.es\/index.php?rest_route=\/wp\/v2\/pages\/174"}],"wp:featuredmedia":[{"embeddable":true,"href":"http:\/\/feguars.es\/index.php?rest_route=\/wp\/v2\/media\/816"}],"wp:attachment":[{"href":"http:\/\/feguars.es\/index.php?rest_route=%2Fwp%2Fv2%2Fmedia&parent=184"}],"curies":[{"name":"wp","href":"https:\/\/api.w.org\/{rel}","templated":true}]}}