{"id":217,"date":"2015-11-05T16:39:59","date_gmt":"2015-11-05T16:39:59","guid":{"rendered":"http:\/\/feguars.es\/?page_id=217"},"modified":"2018-06-29T16:15:35","modified_gmt":"2018-06-29T16:15:35","slug":"ay-paloma","status":"publish","type":"page","link":"http:\/\/feguars.es\/?page_id=217","title":{"rendered":"Ay Paloma II"},"content":{"rendered":"<p><a href=\"http:\/\/feguars.es\/wp-content\/uploads\/2016\/02\/Ay-paloma-2-61x50.jpg\" data-gallery><img loading=\"lazy\" decoding=\"async\" class=\"aligncenter wp-image-503 \" src=\"http:\/\/feguars.es\/wp-content\/uploads\/2016\/02\/Ay-paloma-2-61x50-248x300.jpg\" alt=\"Ay paloma 2 61x50\" width=\"301\" height=\"363\" srcset=\"http:\/\/feguars.es\/wp-content\/uploads\/2016\/02\/Ay-paloma-2-61x50-248x300.jpg 248w, http:\/\/feguars.es\/wp-content\/uploads\/2016\/02\/Ay-paloma-2-61x50.jpg 745w\" sizes=\"auto, (max-width: 301px) 100vw, 301px\" \/><\/a><\/p>\n<table width=\"94%\">\n<tbody>\n<tr>\n<td width=\"24%\"><strong>T\u00edtulo<\/strong><\/td>\n<td>Ay Paloma<\/td>\n<\/tr>\n<tr>\n<td width=\"24%\"><strong>Medidas<\/strong><\/td>\n<td>61 x 50 cm<\/td>\n<\/tr>\n<tr>\n<td width=\"24%\"><strong>T\u00e9cnica<\/strong><\/td>\n<td>\u00d3leo sobre lienzo.<\/td>\n<\/tr>\n<tr>\n<td colspan=\"2\"><strong>Basado en la canci\u00f3n del mismo t\u00edtulo de Rosa Le\u00f3n.<\/strong><\/td>\n<\/tr>\n<\/tbody>\n<\/table>\n<p>&nbsp;<\/p>\n<p>&nbsp;<\/p>\n","protected":false},"excerpt":{"rendered":"<p>T\u00edtulo Ay Paloma Medidas 61 x 50 cm T\u00e9cnica \u00d3leo sobre lienzo. Basado en la canci\u00f3n del mismo t\u00edtulo de Rosa Le\u00f3n. &nbsp; &nbsp;<\/p>\n <a class=\"more-link\" href=\"http:\/\/feguars.es\/?page_id=217\"><span class=\"more-msg\">Sigue leyendo &rarr;<\/span><\/a>","protected":false},"author":1,"featured_media":0,"parent":174,"menu_order":0,"comment_status":"closed","ping_status":"closed","template":"","meta":{"footnotes":""},"class_list":["post-217","page","type-page","status-publish","hentry"],"_links":{"self":[{"href":"http:\/\/feguars.es\/index.php?rest_route=\/wp\/v2\/pages\/217","targetHints":{"allow":["GET"]}}],"collection":[{"href":"http:\/\/feguars.es\/index.php?rest_route=\/wp\/v2\/pages"}],"about":[{"href":"http:\/\/feguars.es\/index.php?rest_route=\/wp\/v2\/types\/page"}],"author":[{"embeddable":true,"href":"http:\/\/feguars.es\/index.php?rest_route=\/wp\/v2\/users\/1"}],"replies":[{"embeddable":true,"href":"http:\/\/feguars.es\/index.php?rest_route=%2Fwp%2Fv2%2Fcomments&post=217"}],"version-history":[{"count":8,"href":"http:\/\/feguars.es\/index.php?rest_route=\/wp\/v2\/pages\/217\/revisions"}],"predecessor-version":[{"id":1056,"href":"http:\/\/feguars.es\/index.php?rest_route=\/wp\/v2\/pages\/217\/revisions\/1056"}],"up":[{"embeddable":true,"href":"http:\/\/feguars.es\/index.php?rest_route=\/wp\/v2\/pages\/174"}],"wp:attachment":[{"href":"http:\/\/feguars.es\/index.php?rest_route=%2Fwp%2Fv2%2Fmedia&parent=217"}],"curies":[{"name":"wp","href":"https:\/\/api.w.org\/{rel}","templated":true}]}}