{"id":318,"date":"2016-01-27T17:32:45","date_gmt":"2016-01-27T17:32:45","guid":{"rendered":"http:\/\/feguars.es\/?page_id=318"},"modified":"2018-06-29T16:13:17","modified_gmt":"2018-06-29T16:13:17","slug":"con-su-blanca-palidez","status":"publish","type":"page","link":"http:\/\/feguars.es\/?page_id=318","title":{"rendered":"Con su Blanca Palidez"},"content":{"rendered":"<p><a href=\"http:\/\/feguars.es\/wp-content\/uploads\/2015\/11\/C05-Blanca-palidez-42x34-cm.jpg\" rel=\"lightbox\" data-gallery><img loading=\"lazy\" decoding=\"async\" class=\"aligncenter wp-image-260\" src=\"http:\/\/feguars.es\/wp-content\/uploads\/2015\/11\/C05-Blanca-palidez-42x34-cm-245x300.jpg\" alt=\"C05 Blanca palidez 42x34 cm\" width=\"353\" height=\"427\" \/><\/a><\/p>\n<p>&nbsp;<\/p>\n<table id=\"table40\" border=\"0\" width=\"100%\" cellpadding=\"0\">\n<tbody>\n<tr>\n<td width=\"30\"><\/td>\n<td width=\"24%\"><b><span style=\"font-family: Verdana; font-size: x-large;\">T\u00edtulo<\/span><\/b><\/td>\n<td><span style=\"font-family: Verdana; font-size: x-large;\">Con su Blanca Palidez<\/span><\/td>\n<\/tr>\n<tr>\n<td width=\"30\"><\/td>\n<td width=\"24%\"><b><span style=\"font-family: Verdana; font-size: x-large;\">Medidas<\/span><\/b><\/td>\n<td><span style=\"font-family: Verdana; font-size: x-large;\">42 x 34 cm<\/span><\/td>\n<\/tr>\n<tr>\n<td width=\"30\"><\/td>\n<td width=\"24%\"><b><span style=\"font-family: Verdana; font-size: x-large;\">T\u00e9cnica<\/span><\/b><\/td>\n<td><span style=\"font-family: Verdana; font-size: x-large;\">\u00d3leo sobre tabla.<\/span><\/td>\n<\/tr>\n<tr>\n<td width=\"30\"><\/td>\n<td colspan=\"2\"><b><span style=\"font-family: Verdana;\">Basado en la canci\u00f3n del mismo t\u00edtulo de Procol Harum.<\/span><\/b><\/td>\n<\/tr>\n<\/tbody>\n<\/table>\n","protected":false},"excerpt":{"rendered":"<p>&nbsp; T\u00edtulo Con su Blanca Palidez Medidas 42 x 34 cm T\u00e9cnica \u00d3leo sobre tabla. Basado en la canci\u00f3n del mismo t\u00edtulo de Procol Harum.<\/p>\n <a class=\"more-link\" href=\"http:\/\/feguars.es\/?page_id=318\"><span class=\"more-msg\">Sigue leyendo &rarr;<\/span><\/a>","protected":false},"author":1,"featured_media":260,"parent":174,"menu_order":0,"comment_status":"closed","ping_status":"closed","template":"","meta":{"footnotes":""},"class_list":["post-318","page","type-page","status-publish","has-post-thumbnail","hentry"],"_links":{"self":[{"href":"http:\/\/feguars.es\/index.php?rest_route=\/wp\/v2\/pages\/318","targetHints":{"allow":["GET"]}}],"collection":[{"href":"http:\/\/feguars.es\/index.php?rest_route=\/wp\/v2\/pages"}],"about":[{"href":"http:\/\/feguars.es\/index.php?rest_route=\/wp\/v2\/types\/page"}],"author":[{"embeddable":true,"href":"http:\/\/feguars.es\/index.php?rest_route=\/wp\/v2\/users\/1"}],"replies":[{"embeddable":true,"href":"http:\/\/feguars.es\/index.php?rest_route=%2Fwp%2Fv2%2Fcomments&post=318"}],"version-history":[{"count":6,"href":"http:\/\/feguars.es\/index.php?rest_route=\/wp\/v2\/pages\/318\/revisions"}],"predecessor-version":[{"id":1047,"href":"http:\/\/feguars.es\/index.php?rest_route=\/wp\/v2\/pages\/318\/revisions\/1047"}],"up":[{"embeddable":true,"href":"http:\/\/feguars.es\/index.php?rest_route=\/wp\/v2\/pages\/174"}],"wp:featuredmedia":[{"embeddable":true,"href":"http:\/\/feguars.es\/index.php?rest_route=\/wp\/v2\/media\/260"}],"wp:attachment":[{"href":"http:\/\/feguars.es\/index.php?rest_route=%2Fwp%2Fv2%2Fmedia&parent=318"}],"curies":[{"name":"wp","href":"https:\/\/api.w.org\/{rel}","templated":true}]}}