{"id":337,"date":"2016-01-27T18:18:53","date_gmt":"2016-01-27T18:18:53","guid":{"rendered":"http:\/\/feguars.es\/?page_id=337"},"modified":"2018-06-29T16:07:15","modified_gmt":"2018-06-29T16:07:15","slug":"send-in-the-clowns","status":"publish","type":"page","link":"http:\/\/feguars.es\/?page_id=337","title":{"rendered":"Send in the Clowns"},"content":{"rendered":"<p><a href=\"http:\/\/feguars.es\/wp-content\/uploads\/2015\/11\/C09-Send-in-the-clowns-42x34-cm.jpg\" rel=\"lightbox\" data-gallery><img loading=\"lazy\" decoding=\"async\" class=\"aligncenter wp-image-264\" src=\"http:\/\/feguars.es\/wp-content\/uploads\/2015\/11\/C09-Send-in-the-clowns-42x34-cm-242x300.jpg\" alt=\"C09 Send in the clowns 42x34 cm\" width=\"289\" height=\"354\" \/><\/a><\/p>\n<table id=\"table44\" border=\"0\" width=\"100%\" cellpadding=\"0\">\n<tbody>\n<tr>\n<td width=\"30\"><\/td>\n<td width=\"24%\"><b><span style=\"font-family: Verdana; font-size: x-large;\">T\u00edtulo<\/span><\/b><\/td>\n<td><span style=\"font-family: Verdana; font-size: x-large;\">Send in The Clowns<\/span><\/td>\n<\/tr>\n<tr>\n<td width=\"30\"><\/td>\n<td width=\"24%\"><b><span style=\"font-family: Verdana; font-size: x-large;\">Medidas<\/span><\/b><\/td>\n<td><span style=\"font-family: Verdana; font-size: x-large;\">42 x 34 cm<\/span><\/td>\n<\/tr>\n<tr>\n<td width=\"30\"><\/td>\n<td width=\"24%\"><b><span style=\"font-family: Verdana; font-size: x-large;\">T\u00e9cnica<\/span><\/b><\/td>\n<td><span style=\"font-family: Verdana; font-size: x-large;\">\u00d3leo sobre tabla<\/span><\/td>\n<\/tr>\n<tr>\n<td width=\"30\"><\/td>\n<td colspan=\"2\"><b><span style=\"font-family: Verdana;\">Basado en la canci\u00f3n del mismo t\u00edtulo Interpretada por Barbra Streisand.<\/span><\/b><\/td>\n<\/tr>\n<\/tbody>\n<\/table>\n","protected":false},"excerpt":{"rendered":"<p>T\u00edtulo Send in The Clowns Medidas 42 x 34 cm T\u00e9cnica \u00d3leo sobre tabla Basado en la canci\u00f3n del mismo t\u00edtulo Interpretada por Barbra Streisand.<\/p>\n <a class=\"more-link\" href=\"http:\/\/feguars.es\/?page_id=337\"><span class=\"more-msg\">Sigue leyendo &rarr;<\/span><\/a>","protected":false},"author":1,"featured_media":264,"parent":174,"menu_order":0,"comment_status":"closed","ping_status":"closed","template":"","meta":{"footnotes":""},"class_list":["post-337","page","type-page","status-publish","has-post-thumbnail","hentry"],"_links":{"self":[{"href":"http:\/\/feguars.es\/index.php?rest_route=\/wp\/v2\/pages\/337","targetHints":{"allow":["GET"]}}],"collection":[{"href":"http:\/\/feguars.es\/index.php?rest_route=\/wp\/v2\/pages"}],"about":[{"href":"http:\/\/feguars.es\/index.php?rest_route=\/wp\/v2\/types\/page"}],"author":[{"embeddable":true,"href":"http:\/\/feguars.es\/index.php?rest_route=\/wp\/v2\/users\/1"}],"replies":[{"embeddable":true,"href":"http:\/\/feguars.es\/index.php?rest_route=%2Fwp%2Fv2%2Fcomments&post=337"}],"version-history":[{"count":5,"href":"http:\/\/feguars.es\/index.php?rest_route=\/wp\/v2\/pages\/337\/revisions"}],"predecessor-version":[{"id":1013,"href":"http:\/\/feguars.es\/index.php?rest_route=\/wp\/v2\/pages\/337\/revisions\/1013"}],"up":[{"embeddable":true,"href":"http:\/\/feguars.es\/index.php?rest_route=\/wp\/v2\/pages\/174"}],"wp:featuredmedia":[{"embeddable":true,"href":"http:\/\/feguars.es\/index.php?rest_route=\/wp\/v2\/media\/264"}],"wp:attachment":[{"href":"http:\/\/feguars.es\/index.php?rest_route=%2Fwp%2Fv2%2Fmedia&parent=337"}],"curies":[{"name":"wp","href":"https:\/\/api.w.org\/{rel}","templated":true}]}}