{"id":342,"date":"2016-01-27T18:31:00","date_gmt":"2016-01-27T18:31:00","guid":{"rendered":"http:\/\/feguars.es\/?page_id=342"},"modified":"2018-06-29T16:13:01","modified_gmt":"2018-06-29T16:13:01","slug":"concierto-para-guitarra","status":"publish","type":"page","link":"http:\/\/feguars.es\/?page_id=342","title":{"rendered":"Concierto para Guitarra"},"content":{"rendered":"<p><a href=\"http:\/\/feguars.es\/wp-content\/uploads\/2015\/11\/C10-Concierto-para-Guitarra-114x146-Cm..jpg\" data-gallery><img loading=\"lazy\" decoding=\"async\" class=\"aligncenter wp-image-265 \" src=\"http:\/\/feguars.es\/wp-content\/uploads\/2015\/11\/C10-Concierto-para-Guitarra-114x146-Cm.-1024x804.jpg\" alt=\"C10 Concierto para Guitarra 114x146 Cm.\" width=\"548\" height=\"433\" \/><\/a><\/p>\n<table id=\"table45\" border=\"0\" width=\"100%\" cellpadding=\"0\">\n<tbody>\n<tr>\n<td width=\"30\"><\/td>\n<td width=\"24%\"><b><span style=\"font-family: Verdana; font-size: x-large;\">T\u00edtulo<\/span><\/b><\/td>\n<td><span style=\"font-family: Verdana; font-size: x-large;\">Concierto para Guitarra<\/span><\/td>\n<\/tr>\n<tr>\n<td width=\"30\"><\/td>\n<td width=\"24%\"><b><span style=\"font-family: Verdana; font-size: x-large;\">Medidas<\/span><\/b><\/td>\n<td><span style=\"font-family: Verdana; font-size: x-large;\">114 x 146 cm<\/span><\/td>\n<\/tr>\n<tr>\n<td width=\"30\"><\/td>\n<td width=\"24%\"><b><span style=\"font-family: Verdana; font-size: x-large;\">T\u00e9cnica<\/span><\/b><\/td>\n<td><span style=\"font-family: Verdana; font-size: x-large;\">\u00d3leo sobre lienzo<\/span><\/td>\n<\/tr>\n<tr>\n<td width=\"30\"><\/td>\n<td colspan=\"2\"><b><span style=\"font-family: Verdana;\">Basado en la obra de Salvador Bacarisse<span class=\"Apple-converted-space\">\u00a0<\/span><i>\u00abConcertino Guitarra y Orquesta, OP, 72\u00bb<\/i>.<\/span><\/b><\/td>\n<\/tr>\n<\/tbody>\n<\/table>\n","protected":false},"excerpt":{"rendered":"<p>T\u00edtulo Concierto para Guitarra Medidas 114 x 146 cm T\u00e9cnica \u00d3leo sobre lienzo Basado en la obra de Salvador Bacarisse\u00a0\u00abConcertino Guitarra y Orquesta, OP, 72\u00bb.<\/p>\n <a class=\"more-link\" href=\"http:\/\/feguars.es\/?page_id=342\"><span class=\"more-msg\">Sigue leyendo &rarr;<\/span><\/a>","protected":false},"author":1,"featured_media":265,"parent":174,"menu_order":0,"comment_status":"closed","ping_status":"closed","template":"","meta":{"footnotes":""},"class_list":["post-342","page","type-page","status-publish","has-post-thumbnail","hentry"],"_links":{"self":[{"href":"http:\/\/feguars.es\/index.php?rest_route=\/wp\/v2\/pages\/342","targetHints":{"allow":["GET"]}}],"collection":[{"href":"http:\/\/feguars.es\/index.php?rest_route=\/wp\/v2\/pages"}],"about":[{"href":"http:\/\/feguars.es\/index.php?rest_route=\/wp\/v2\/types\/page"}],"author":[{"embeddable":true,"href":"http:\/\/feguars.es\/index.php?rest_route=\/wp\/v2\/users\/1"}],"replies":[{"embeddable":true,"href":"http:\/\/feguars.es\/index.php?rest_route=%2Fwp%2Fv2%2Fcomments&post=342"}],"version-history":[{"count":3,"href":"http:\/\/feguars.es\/index.php?rest_route=\/wp\/v2\/pages\/342\/revisions"}],"predecessor-version":[{"id":1044,"href":"http:\/\/feguars.es\/index.php?rest_route=\/wp\/v2\/pages\/342\/revisions\/1044"}],"up":[{"embeddable":true,"href":"http:\/\/feguars.es\/index.php?rest_route=\/wp\/v2\/pages\/174"}],"wp:featuredmedia":[{"embeddable":true,"href":"http:\/\/feguars.es\/index.php?rest_route=\/wp\/v2\/media\/265"}],"wp:attachment":[{"href":"http:\/\/feguars.es\/index.php?rest_route=%2Fwp%2Fv2%2Fmedia&parent=342"}],"curies":[{"name":"wp","href":"https:\/\/api.w.org\/{rel}","templated":true}]}}