{"id":344,"date":"2016-01-27T18:33:38","date_gmt":"2016-01-27T18:33:38","guid":{"rendered":"http:\/\/feguars.es\/?page_id=344"},"modified":"2018-06-29T16:09:04","modified_gmt":"2018-06-29T16:09:04","slug":"rojo-sobre-negro","status":"publish","type":"page","link":"http:\/\/feguars.es\/?page_id=344","title":{"rendered":"Rojo Sobre  Negro"},"content":{"rendered":"<p><a href=\"http:\/\/feguars.es\/wp-content\/uploads\/2015\/11\/C11-Preludio-92x73-cm.jpg\" data-gallery><img loading=\"lazy\" decoding=\"async\" class=\"aligncenter wp-image-266 \" src=\"http:\/\/feguars.es\/wp-content\/uploads\/2015\/11\/C11-Preludio-92x73-cm-239x300.jpg\" alt=\"C11 Preludio 92x73 cm\" width=\"348\" height=\"431\" \/><\/a><\/p>\n<p>&nbsp;<\/p>\n<table id=\"table46\" border=\"0\" width=\"100%\" cellpadding=\"0\">\n<tbody>\n<tr>\n<td width=\"30\"><\/td>\n<td width=\"24%\"><b><span style=\"font-family: Verdana; font-size: x-large;\">T\u00edtulo<\/span><\/b><\/td>\n<td><span style=\"font-family: Verdana; font-size: x-large;\">Rojo Sobre Negro<\/span><\/td>\n<\/tr>\n<tr>\n<td width=\"30\"><\/td>\n<td width=\"24%\"><b><span style=\"font-family: Verdana; font-size: x-large;\">Medidas<\/span><\/b><\/td>\n<td><span style=\"font-family: Verdana; font-size: x-large;\">92 x 73 cm<\/span><\/td>\n<\/tr>\n<tr>\n<td width=\"30\"><\/td>\n<td width=\"24%\"><b><span style=\"font-family: Verdana; font-size: x-large;\">T\u00e9cnica<\/span><\/b><\/td>\n<td><span style=\"font-family: Verdana; font-size: x-large;\">\u00d3leo sobre lienzo<\/span><\/td>\n<\/tr>\n<tr>\n<td width=\"30\"><\/td>\n<td colspan=\"2\"><b><span style=\"font-family: Verdana;\">Basado en la canci\u00f3n del mismo t\u00edtulo de Luis Eduardo Aute.<\/span><\/b><\/td>\n<\/tr>\n<\/tbody>\n<\/table>\n<p style=\"text-align: center;\">Rojo sobre negro,<br \/>\nuna rosa roja se cay\u00f3<br \/>\nsobre el asfalto<br \/>\ny despu\u00e9s llovi\u00f3.<br \/>\nFui a recogerla,<br \/>\nel viento sopl\u00f3,<br \/>\ncorr\u00ed detr\u00e1s de ella<br \/>\ny desapareci\u00f3.<\/p>\n<p style=\"text-align: center;\">Rojo sobre negro,<br \/>\ntus labios en la oscuridad,<br \/>\nllamas que se encienden<br \/>\npara iluminar.<br \/>\nMe acerqu\u00e9 a besarlos<br \/>\nbuscando el placer,<br \/>\nmaldije aquellos labios<br \/>\ncuando me quem\u00e9&#8230;<\/p>\n<p>&nbsp;<\/p>\n","protected":false},"excerpt":{"rendered":"<p>&nbsp; T\u00edtulo Rojo Sobre Negro Medidas 92 x 73 cm T\u00e9cnica \u00d3leo sobre lienzo Basado en la canci\u00f3n del mismo t\u00edtulo de Luis Eduardo Aute. Rojo sobre negro, una rosa roja se cay\u00f3 sobre el asfalto y despu\u00e9s llovi\u00f3. Fui <span class=\"excerpt-dots\">&hellip;<\/span> <a class=\"more-link\" href=\"http:\/\/feguars.es\/?page_id=344\"><span class=\"more-msg\">Sigue leyendo &rarr;<\/span><\/a><\/p>\n","protected":false},"author":1,"featured_media":266,"parent":174,"menu_order":0,"comment_status":"closed","ping_status":"closed","template":"","meta":{"footnotes":""},"class_list":["post-344","page","type-page","status-publish","has-post-thumbnail","hentry"],"_links":{"self":[{"href":"http:\/\/feguars.es\/index.php?rest_route=\/wp\/v2\/pages\/344","targetHints":{"allow":["GET"]}}],"collection":[{"href":"http:\/\/feguars.es\/index.php?rest_route=\/wp\/v2\/pages"}],"about":[{"href":"http:\/\/feguars.es\/index.php?rest_route=\/wp\/v2\/types\/page"}],"author":[{"embeddable":true,"href":"http:\/\/feguars.es\/index.php?rest_route=\/wp\/v2\/users\/1"}],"replies":[{"embeddable":true,"href":"http:\/\/feguars.es\/index.php?rest_route=%2Fwp%2Fv2%2Fcomments&post=344"}],"version-history":[{"count":7,"href":"http:\/\/feguars.es\/index.php?rest_route=\/wp\/v2\/pages\/344\/revisions"}],"predecessor-version":[{"id":1016,"href":"http:\/\/feguars.es\/index.php?rest_route=\/wp\/v2\/pages\/344\/revisions\/1016"}],"up":[{"embeddable":true,"href":"http:\/\/feguars.es\/index.php?rest_route=\/wp\/v2\/pages\/174"}],"wp:featuredmedia":[{"embeddable":true,"href":"http:\/\/feguars.es\/index.php?rest_route=\/wp\/v2\/media\/266"}],"wp:attachment":[{"href":"http:\/\/feguars.es\/index.php?rest_route=%2Fwp%2Fv2%2Fmedia&parent=344"}],"curies":[{"name":"wp","href":"https:\/\/api.w.org\/{rel}","templated":true}]}}