{"id":347,"date":"2016-01-27T18:55:55","date_gmt":"2016-01-27T18:55:55","guid":{"rendered":"http:\/\/feguars.es\/?page_id=347"},"modified":"2018-06-29T16:07:10","modified_gmt":"2018-06-29T16:07:10","slug":"serenata","status":"publish","type":"page","link":"http:\/\/feguars.es\/?page_id=347","title":{"rendered":"Serenata"},"content":{"rendered":"<p><a href=\"http:\/\/feguars.es\/wp-content\/uploads\/2015\/11\/C12-Serenata-97x130-Cm..jpg\" data-gallery><img loading=\"lazy\" decoding=\"async\" class=\"aligncenter wp-image-267 \" src=\"http:\/\/feguars.es\/wp-content\/uploads\/2015\/11\/C12-Serenata-97x130-Cm.-300x225.jpg\" alt=\"C12 Serenata 97x130 Cm.\" width=\"477\" height=\"363\" \/><\/a><\/p>\n<table id=\"table47\" border=\"0\" width=\"100%\" cellpadding=\"0\">\n<tbody>\n<tr>\n<td width=\"30\"><\/td>\n<td width=\"24%\"><b><span style=\"font-family: Verdana; font-size: x-large;\">T\u00edtulo<\/span><\/b><\/td>\n<td><span style=\"font-family: Verdana; font-size: x-large;\">Serenata<\/span><\/td>\n<\/tr>\n<tr>\n<td width=\"30\"><\/td>\n<td width=\"24%\"><b><span style=\"font-family: Verdana; font-size: x-large;\">Medidas<\/span><\/b><\/td>\n<td><span style=\"font-family: Verdana; font-size: x-large;\">97 x 130 cm<\/span><\/td>\n<\/tr>\n<tr>\n<td width=\"30\"><\/td>\n<td width=\"24%\"><b><span style=\"font-family: Verdana; font-size: x-large;\">T\u00e9cnica<\/span><\/b><\/td>\n<td><span style=\"font-family: Verdana; font-size: x-large;\">\u00d3leo sobre lienzo<\/span><\/td>\n<\/tr>\n<tr>\n<td width=\"30\"><\/td>\n<td colspan=\"2\"><b><span style=\"font-family: Verdana;\">Basado en la obra de Glenn Miller<span class=\"Apple-converted-space\">\u00a0<\/span><i>\u00abSerenata bajo la luz de la luna\u00bb<\/i>.<\/span><\/b><\/td>\n<\/tr>\n<\/tbody>\n<\/table>\n","protected":false},"excerpt":{"rendered":"<p>T\u00edtulo Serenata Medidas 97 x 130 cm T\u00e9cnica \u00d3leo sobre lienzo Basado en la obra de Glenn Miller\u00a0\u00abSerenata bajo la luz de la luna\u00bb.<\/p>\n <a class=\"more-link\" href=\"http:\/\/feguars.es\/?page_id=347\"><span class=\"more-msg\">Sigue leyendo &rarr;<\/span><\/a>","protected":false},"author":1,"featured_media":267,"parent":174,"menu_order":0,"comment_status":"closed","ping_status":"closed","template":"","meta":{"footnotes":""},"class_list":["post-347","page","type-page","status-publish","has-post-thumbnail","hentry"],"_links":{"self":[{"href":"http:\/\/feguars.es\/index.php?rest_route=\/wp\/v2\/pages\/347","targetHints":{"allow":["GET"]}}],"collection":[{"href":"http:\/\/feguars.es\/index.php?rest_route=\/wp\/v2\/pages"}],"about":[{"href":"http:\/\/feguars.es\/index.php?rest_route=\/wp\/v2\/types\/page"}],"author":[{"embeddable":true,"href":"http:\/\/feguars.es\/index.php?rest_route=\/wp\/v2\/users\/1"}],"replies":[{"embeddable":true,"href":"http:\/\/feguars.es\/index.php?rest_route=%2Fwp%2Fv2%2Fcomments&post=347"}],"version-history":[{"count":3,"href":"http:\/\/feguars.es\/index.php?rest_route=\/wp\/v2\/pages\/347\/revisions"}],"predecessor-version":[{"id":1012,"href":"http:\/\/feguars.es\/index.php?rest_route=\/wp\/v2\/pages\/347\/revisions\/1012"}],"up":[{"embeddable":true,"href":"http:\/\/feguars.es\/index.php?rest_route=\/wp\/v2\/pages\/174"}],"wp:featuredmedia":[{"embeddable":true,"href":"http:\/\/feguars.es\/index.php?rest_route=\/wp\/v2\/media\/267"}],"wp:attachment":[{"href":"http:\/\/feguars.es\/index.php?rest_route=%2Fwp%2Fv2%2Fmedia&parent=347"}],"curies":[{"name":"wp","href":"https:\/\/api.w.org\/{rel}","templated":true}]}}