{"id":356,"date":"2016-01-28T11:58:29","date_gmt":"2016-01-28T11:58:29","guid":{"rendered":"http:\/\/feguars.es\/?page_id=356"},"modified":"2018-06-29T16:16:07","modified_gmt":"2018-06-29T16:16:07","slug":"en-la-noche-de-las-miradas","status":"publish","type":"page","link":"http:\/\/feguars.es\/?page_id=356","title":{"rendered":"Al Alba"},"content":{"rendered":"<p><a href=\"http:\/\/feguars.es\/wp-content\/uploads\/2015\/11\/C14-En-la-noche-de-las-miradas-116x89cm.jpg\" data-gallery><img loading=\"lazy\" decoding=\"async\" class=\"aligncenter wp-image-269 \" src=\"http:\/\/feguars.es\/wp-content\/uploads\/2015\/11\/C14-En-la-noche-de-las-miradas-116x89cm-231x300.jpg\" alt=\"C14 En la noche de las miradas 116x89cm\" width=\"353\" height=\"452\" \/><\/a><\/p>\n<table id=\"table49\" border=\"0\" width=\"100%\" cellpadding=\"0\">\n<tbody>\n<tr>\n<td width=\"30\"><\/td>\n<td width=\"24%\"><b><span style=\"font-family: Verdana; font-size: x-large;\">T\u00edtulo<\/span><\/b><\/td>\n<td><span style=\"font-family: Verdana; font-size: x-large;\">En la Noche de las Miradas<\/span><\/td>\n<\/tr>\n<tr>\n<td width=\"30\"><\/td>\n<td width=\"24%\"><b><span style=\"font-family: Verdana; font-size: x-large;\">Medidas<\/span><\/b><\/td>\n<td><span style=\"font-family: Verdana; font-size: x-large;\">116 x 89 cm<\/span><\/td>\n<\/tr>\n<tr>\n<td width=\"30\"><\/td>\n<td width=\"24%\"><b><span style=\"font-family: Verdana; font-size: x-large;\">T\u00e9cnica<\/span><\/b><\/td>\n<td><span style=\"font-family: Verdana; font-size: x-large;\">\u00d3leo sobre lienzo<\/span><\/td>\n<\/tr>\n<tr>\n<td width=\"30\"><\/td>\n<td colspan=\"2\"><b><span style=\"font-family: Verdana;\">Basado en la canci\u00f3n \u00ab<i>Al Alba<\/i>\u00bb de Luis Eduardo Aute.<\/span><\/b><\/td>\n<\/tr>\n<\/tbody>\n<\/table>\n<p style=\"text-align: center;\">Si te dijera, amor m\u00edo,<br \/>\nque temoa a la madrugada,<br \/>\nno s\u00e9 qu\u00e9 estrellas son estas<br \/>\nque hieren como amenazas,<br \/>\nni s\u00e9 qu\u00e9 sangra la luna<br \/>\nal filo de su guada\u00f1a.<\/p>\n<p style=\"text-align: center;\">Presiento que tras la noche<br \/>\nvendr\u00e1 la noche m\u00e1s larga,<br \/>\nquiero que no me abandones<br \/>\namor m\u00edo, al alba.<\/p>\n<p style=\"text-align: center;\">Los hijos que no tuvimos<br \/>\nse esconden en las cloacas,<br \/>\ncomen las \u00faltimas flores,<br \/>\nparece que adivinaran<br \/>\nque el d\u00eda que se avecina<br \/>\nviene con hambre atrasada.<\/p>\n<p style=\"text-align: center;\">Presiento que tras la noche&#8230;<br \/>\nMiles de buitres callados<br \/>\nvan extendiendo sus alas,<br \/>\nno te destroza, amor m\u00edo,<br \/>\nesta silenciosa danza,<br \/>\nmaldito baile de muertos,<br \/>\np\u00f3lvora de la ma\u00f1ana.<\/p>\n<p style=\"text-align: center;\">Presiento que tras la noche<\/p>\n","protected":false},"excerpt":{"rendered":"<p>T\u00edtulo En la Noche de las Miradas Medidas 116 x 89 cm T\u00e9cnica \u00d3leo sobre lienzo Basado en la canci\u00f3n \u00abAl Alba\u00bb de Luis Eduardo Aute. Si te dijera, amor m\u00edo, que temoa a la madrugada, no s\u00e9 qu\u00e9 estrellas <span class=\"excerpt-dots\">&hellip;<\/span> <a class=\"more-link\" href=\"http:\/\/feguars.es\/?page_id=356\"><span class=\"more-msg\">Sigue leyendo &rarr;<\/span><\/a><\/p>\n","protected":false},"author":1,"featured_media":269,"parent":174,"menu_order":0,"comment_status":"closed","ping_status":"closed","template":"","meta":{"footnotes":""},"class_list":["post-356","page","type-page","status-publish","has-post-thumbnail","hentry"],"_links":{"self":[{"href":"http:\/\/feguars.es\/index.php?rest_route=\/wp\/v2\/pages\/356","targetHints":{"allow":["GET"]}}],"collection":[{"href":"http:\/\/feguars.es\/index.php?rest_route=\/wp\/v2\/pages"}],"about":[{"href":"http:\/\/feguars.es\/index.php?rest_route=\/wp\/v2\/types\/page"}],"author":[{"embeddable":true,"href":"http:\/\/feguars.es\/index.php?rest_route=\/wp\/v2\/users\/1"}],"replies":[{"embeddable":true,"href":"http:\/\/feguars.es\/index.php?rest_route=%2Fwp%2Fv2%2Fcomments&post=356"}],"version-history":[{"count":6,"href":"http:\/\/feguars.es\/index.php?rest_route=\/wp\/v2\/pages\/356\/revisions"}],"predecessor-version":[{"id":1060,"href":"http:\/\/feguars.es\/index.php?rest_route=\/wp\/v2\/pages\/356\/revisions\/1060"}],"up":[{"embeddable":true,"href":"http:\/\/feguars.es\/index.php?rest_route=\/wp\/v2\/pages\/174"}],"wp:featuredmedia":[{"embeddable":true,"href":"http:\/\/feguars.es\/index.php?rest_route=\/wp\/v2\/media\/269"}],"wp:attachment":[{"href":"http:\/\/feguars.es\/index.php?rest_route=%2Fwp%2Fv2%2Fmedia&parent=356"}],"curies":[{"name":"wp","href":"https:\/\/api.w.org\/{rel}","templated":true}]}}