{"id":361,"date":"2016-01-28T12:06:46","date_gmt":"2016-01-28T12:06:46","guid":{"rendered":"http:\/\/feguars.es\/?page_id=361"},"modified":"2018-06-29T16:09:21","modified_gmt":"2018-06-29T16:09:21","slug":"puente-sobre-aguas-turbulentas","status":"publish","type":"page","link":"http:\/\/feguars.es\/?page_id=361","title":{"rendered":"Puente Sobre Aguas Turbulentas"},"content":{"rendered":"<p><a href=\"http:\/\/feguars.es\/wp-content\/uploads\/2015\/11\/C15-Puente-sobre-aguas-turbulentas-130x162-cm.jpg\" data-gallery><img loading=\"lazy\" decoding=\"async\" class=\"aligncenter wp-image-270 \" src=\"http:\/\/feguars.es\/wp-content\/uploads\/2015\/11\/C15-Puente-sobre-aguas-turbulentas-130x162-cm-300x243.jpg\" alt=\"C15 Puente sobre aguas turbulentas 130x162 cm\" width=\"425\" height=\"348\" \/><\/a><\/p>\n<p>&nbsp;<\/p>\n<table id=\"table50\" border=\"0\" width=\"100%\" cellpadding=\"0\">\n<tbody>\n<tr>\n<td width=\"30\"><\/td>\n<td width=\"24%\"><b><span style=\"font-family: Verdana; font-size: x-large;\">T\u00edtulo<\/span><\/b><\/td>\n<td><span style=\"font-family: Verdana; font-size: x-large;\">Puente Sobre Aguas Turbulentas<\/span><\/td>\n<\/tr>\n<tr>\n<td width=\"30\"><\/td>\n<td width=\"24%\"><b><span style=\"font-family: Verdana; font-size: x-large;\">Medidas<\/span><\/b><\/td>\n<td><span style=\"font-family: Verdana; font-size: x-large;\">130 x 162 cm<\/span><\/td>\n<\/tr>\n<tr>\n<td width=\"30\"><\/td>\n<td width=\"24%\"><b><span style=\"font-family: Verdana; font-size: x-large;\">T\u00e9cnica<\/span><\/b><\/td>\n<td><span style=\"font-family: Verdana; font-size: x-large;\">\u00d3leo sobre lienzo<\/span><\/td>\n<\/tr>\n<tr>\n<td width=\"30\"><\/td>\n<td colspan=\"2\"><b><span style=\"font-family: Verdana;\">Basado en la canci\u00f3n del mismo t\u00edtulo de Simon &amp; Garfunkel.<\/span><\/b><\/td>\n<\/tr>\n<\/tbody>\n<\/table>\n","protected":false},"excerpt":{"rendered":"<p>&nbsp; T\u00edtulo Puente Sobre Aguas Turbulentas Medidas 130 x 162 cm T\u00e9cnica \u00d3leo sobre lienzo Basado en la canci\u00f3n del mismo t\u00edtulo de Simon &amp; Garfunkel.<\/p>\n <a class=\"more-link\" href=\"http:\/\/feguars.es\/?page_id=361\"><span class=\"more-msg\">Sigue leyendo &rarr;<\/span><\/a>","protected":false},"author":1,"featured_media":270,"parent":174,"menu_order":0,"comment_status":"closed","ping_status":"closed","template":"","meta":{"footnotes":""},"class_list":["post-361","page","type-page","status-publish","has-post-thumbnail","hentry"],"_links":{"self":[{"href":"http:\/\/feguars.es\/index.php?rest_route=\/wp\/v2\/pages\/361","targetHints":{"allow":["GET"]}}],"collection":[{"href":"http:\/\/feguars.es\/index.php?rest_route=\/wp\/v2\/pages"}],"about":[{"href":"http:\/\/feguars.es\/index.php?rest_route=\/wp\/v2\/types\/page"}],"author":[{"embeddable":true,"href":"http:\/\/feguars.es\/index.php?rest_route=\/wp\/v2\/users\/1"}],"replies":[{"embeddable":true,"href":"http:\/\/feguars.es\/index.php?rest_route=%2Fwp%2Fv2%2Fcomments&post=361"}],"version-history":[{"count":2,"href":"http:\/\/feguars.es\/index.php?rest_route=\/wp\/v2\/pages\/361\/revisions"}],"predecessor-version":[{"id":1019,"href":"http:\/\/feguars.es\/index.php?rest_route=\/wp\/v2\/pages\/361\/revisions\/1019"}],"up":[{"embeddable":true,"href":"http:\/\/feguars.es\/index.php?rest_route=\/wp\/v2\/pages\/174"}],"wp:featuredmedia":[{"embeddable":true,"href":"http:\/\/feguars.es\/index.php?rest_route=\/wp\/v2\/media\/270"}],"wp:attachment":[{"href":"http:\/\/feguars.es\/index.php?rest_route=%2Fwp%2Fv2%2Fmedia&parent=361"}],"curies":[{"name":"wp","href":"https:\/\/api.w.org\/{rel}","templated":true}]}}