{"id":363,"date":"2016-01-28T12:09:29","date_gmt":"2016-01-28T12:09:29","guid":{"rendered":"http:\/\/feguars.es\/?page_id=363"},"modified":"2018-06-29T16:13:40","modified_gmt":"2018-06-29T16:13:40","slug":"castillos-en-el-aire","status":"publish","type":"page","link":"http:\/\/feguars.es\/?page_id=363","title":{"rendered":"Castillos en el Aire"},"content":{"rendered":"<p><a href=\"http:\/\/feguars.es\/wp-content\/uploads\/2015\/11\/C16-Castillos-en-el-aire-146-x-114-Cm..jpg\" data-gallery><img loading=\"lazy\" decoding=\"async\" class=\"aligncenter wp-image-271 \" src=\"http:\/\/feguars.es\/wp-content\/uploads\/2015\/11\/C16-Castillos-en-el-aire-146-x-114-Cm.-238x300.jpg\" alt=\"C16 Castillos en el aire 146 x 114 Cm.\" width=\"317\" height=\"394\" \/><\/a><\/p>\n<table id=\"table51\" border=\"0\" width=\"100%\" cellpadding=\"0\">\n<tbody>\n<tr>\n<td width=\"30\"><\/td>\n<td width=\"24%\"><b><span style=\"font-family: Verdana; font-size: x-large;\">T\u00edtulo<\/span><\/b><\/td>\n<td><span style=\"font-family: Verdana; font-size: x-large;\">Castillos en el Aire<\/span><\/td>\n<\/tr>\n<tr>\n<td width=\"30\"><\/td>\n<td width=\"24%\"><b><span style=\"font-family: Verdana; font-size: x-large;\">Medidas<\/span><\/b><\/td>\n<td><span style=\"font-family: Verdana; font-size: x-large;\">146 x 114 cm<\/span><\/td>\n<\/tr>\n<tr>\n<td width=\"30\"><\/td>\n<td width=\"24%\"><b><span style=\"font-family: Verdana; font-size: x-large;\">T\u00e9cnica<\/span><\/b><\/td>\n<td><span style=\"font-family: Verdana; font-size: x-large;\">\u00d3leo sobre lienzo<\/span><\/td>\n<\/tr>\n<tr>\n<td width=\"30\"><\/td>\n<td colspan=\"2\"><b><span style=\"font-family: Verdana;\">Basado en la canci\u00f3n del mismo t\u00edtulo de Alberto Cortez.<\/span><\/b><\/td>\n<\/tr>\n<\/tbody>\n<\/table>\n<p style=\"text-align: center;\">Quiso volar igual que las gaviotas,<br \/>\nlibre en el aire, por el aire libre<br \/>\ny los dem\u00e1s dijeron, \u00ab\u00bb\u00a1pobre idiota,<br \/>\nno sabe que volar es imposible!\u00bb\u00bb.<\/p>\n<p style=\"text-align: center;\">Mas \u00e9l alz\u00f3 sus sue\u00f1os hacia el cielo<br \/>\ny poco a poco, fue ganando altura<br \/>\ny los dem\u00e1s, quedaron en el suelo<br \/>\nguardando la cordura.<\/p>\n<p style=\"text-align: center;\">Y construy\u00f3, castillos en aire<br \/>\na pleno sol, con nubes de algod\u00f3n,<br \/>\nen un lugar, adonde nunca nadie<br \/>\npudo llegar usando la raz\u00f3n.<\/p>\n<p style=\"text-align: center;\">Y construy\u00f3 ventanas fabulosas,<br \/>\nllenas de luz, de magia y de color<br \/>\ny convoc\u00f3 al duende de las cosas<br \/>\nque tiene mucho que ver con el amor.<\/p>\n<p style=\"text-align: center;\">En los dem\u00e1s, al verlo tan dichoso,<br \/>\ncundi\u00f3 la alarma, se dictaron normas,<br \/>\n\u00ab\u00bbNo vaya a ser que fuera contagioso&#8230;\u00bb\u00bb<br \/>\ntratar de ser feliz de aquella forma.<\/p>\n<p style=\"text-align: center;\">La conclusi\u00f3n, es clara y contundente,<br \/>\nlo condenaron por su chifladura<br \/>\na convivir de nuevo con la gente,<br \/>\nvestido de cordura.<\/p>\n<p style=\"text-align: center;\">Por construir castillos en el aire<br \/>\na pleno sol, con nubes de algod\u00f3n<br \/>\nen un lugar, adonde nunca nadie<br \/>\npudo llegar usando la raz\u00f3n.<\/p>\n<p style=\"text-align: center;\">Y por abrir ventanas fabulosas,<br \/>\nllenas de luz, de magia y de color<br \/>\ny convocar al duende de las cosas<br \/>\nque tienen mucho que ver con el amor.<\/p>\n<p style=\"text-align: center;\">Acaba aqu\u00ed la historia del idiota<br \/>\nque por el aire, como el aire libre,<br \/>\nquiso volar igual que las gaviotas&#8230;,<br \/>\npero eso es imposible&#8230;, \u00bfo no?&#8230;<\/p>\n","protected":false},"excerpt":{"rendered":"<p>T\u00edtulo Castillos en el Aire Medidas 146 x 114 cm T\u00e9cnica \u00d3leo sobre lienzo Basado en la canci\u00f3n del mismo t\u00edtulo de Alberto Cortez. Quiso volar igual que las gaviotas, libre en el aire, por el aire libre y los <span class=\"excerpt-dots\">&hellip;<\/span> <a class=\"more-link\" href=\"http:\/\/feguars.es\/?page_id=363\"><span class=\"more-msg\">Sigue leyendo &rarr;<\/span><\/a><\/p>\n","protected":false},"author":1,"featured_media":271,"parent":174,"menu_order":0,"comment_status":"closed","ping_status":"closed","template":"","meta":{"footnotes":""},"class_list":["post-363","page","type-page","status-publish","has-post-thumbnail","hentry"],"_links":{"self":[{"href":"http:\/\/feguars.es\/index.php?rest_route=\/wp\/v2\/pages\/363","targetHints":{"allow":["GET"]}}],"collection":[{"href":"http:\/\/feguars.es\/index.php?rest_route=\/wp\/v2\/pages"}],"about":[{"href":"http:\/\/feguars.es\/index.php?rest_route=\/wp\/v2\/types\/page"}],"author":[{"embeddable":true,"href":"http:\/\/feguars.es\/index.php?rest_route=\/wp\/v2\/users\/1"}],"replies":[{"embeddable":true,"href":"http:\/\/feguars.es\/index.php?rest_route=%2Fwp%2Fv2%2Fcomments&post=363"}],"version-history":[{"count":3,"href":"http:\/\/feguars.es\/index.php?rest_route=\/wp\/v2\/pages\/363\/revisions"}],"predecessor-version":[{"id":1051,"href":"http:\/\/feguars.es\/index.php?rest_route=\/wp\/v2\/pages\/363\/revisions\/1051"}],"up":[{"embeddable":true,"href":"http:\/\/feguars.es\/index.php?rest_route=\/wp\/v2\/pages\/174"}],"wp:featuredmedia":[{"embeddable":true,"href":"http:\/\/feguars.es\/index.php?rest_route=\/wp\/v2\/media\/271"}],"wp:attachment":[{"href":"http:\/\/feguars.es\/index.php?rest_route=%2Fwp%2Fv2%2Fmedia&parent=363"}],"curies":[{"name":"wp","href":"https:\/\/api.w.org\/{rel}","templated":true}]}}