{"id":382,"date":"2016-01-28T12:33:04","date_gmt":"2016-01-28T12:33:04","guid":{"rendered":"http:\/\/feguars.es\/?page_id=382"},"modified":"2018-06-29T16:09:50","modified_gmt":"2018-06-29T16:09:50","slug":"musica-acuatica-ii","status":"publish","type":"page","link":"http:\/\/feguars.es\/?page_id=382","title":{"rendered":"M\u00fasica Acu\u00e1tica II"},"content":{"rendered":"<p><a href=\"http:\/\/feguars.es\/wp-content\/uploads\/2015\/11\/C24-M\u00fasica-acu\u00e1tica-n\u00ba2-54x65cm.jpg\" data-gallery><img loading=\"lazy\" decoding=\"async\" class=\"aligncenter wp-image-279 \" src=\"http:\/\/feguars.es\/wp-content\/uploads\/2015\/11\/C24-M\u00fasica-acu\u00e1tica-n\u00ba2-54x65cm-300x253.jpg\" alt=\"C24 M\u00fasica acu\u00e1tica n\u00ba2 54x65cm\" width=\"389\" height=\"331\" \/><\/a><\/p>\n<p>&nbsp;<\/p>\n<table id=\"table59\" border=\"0\" width=\"100%\" cellpadding=\"0\">\n<tbody>\n<tr>\n<td width=\"30\"><\/td>\n<td width=\"24%\"><b><span style=\"font-family: Verdana; font-size: x-large;\">T\u00edtulo<\/span><\/b><\/td>\n<td><span style=\"font-family: Verdana; font-size: x-large;\">M\u00fasica Acu\u00e1tica II<\/span><\/td>\n<\/tr>\n<tr>\n<td width=\"30\"><\/td>\n<td width=\"24%\"><b><span style=\"font-family: Verdana; font-size: x-large;\">Medidas<\/span><\/b><\/td>\n<td><span style=\"font-family: Verdana; font-size: x-large;\">54 x 65 cm<\/span><\/td>\n<\/tr>\n<tr>\n<td width=\"30\"><\/td>\n<td width=\"24%\"><b><span style=\"font-family: Verdana; font-size: x-large;\">T\u00e9cnica<\/span><\/b><\/td>\n<td><span style=\"font-family: Verdana; font-size: x-large;\">\u00d3leo sobre lienzo<\/span><\/td>\n<\/tr>\n<tr>\n<td width=\"30\"><\/td>\n<td colspan=\"2\"><strong><span style=\"font-family: Verdana;\">Basado en la obra \u201cM\u00fasica Acu\u00e1tica\u201d del compositor Georg Friedrich Haendel<\/span><\/strong><\/td>\n<\/tr>\n<\/tbody>\n<\/table>\n<p>Obra estrenada en el verano de 1.717 a requerimiento del rey Jorge I para ser interpretada durante sus paseos en barca por el r\u00edo T\u00e1mesis.<\/p>\n","protected":false},"excerpt":{"rendered":"<p>&nbsp; T\u00edtulo M\u00fasica Acu\u00e1tica II Medidas 54 x 65 cm T\u00e9cnica \u00d3leo sobre lienzo Basado en la obra \u201cM\u00fasica Acu\u00e1tica\u201d del compositor Georg Friedrich Haendel Obra estrenada en el verano de 1.717 a requerimiento del rey Jorge I para ser <span class=\"excerpt-dots\">&hellip;<\/span> <a class=\"more-link\" href=\"http:\/\/feguars.es\/?page_id=382\"><span class=\"more-msg\">Sigue leyendo &rarr;<\/span><\/a><\/p>\n","protected":false},"author":1,"featured_media":279,"parent":174,"menu_order":0,"comment_status":"closed","ping_status":"closed","template":"","meta":{"footnotes":""},"class_list":["post-382","page","type-page","status-publish","has-post-thumbnail","hentry"],"_links":{"self":[{"href":"http:\/\/feguars.es\/index.php?rest_route=\/wp\/v2\/pages\/382","targetHints":{"allow":["GET"]}}],"collection":[{"href":"http:\/\/feguars.es\/index.php?rest_route=\/wp\/v2\/pages"}],"about":[{"href":"http:\/\/feguars.es\/index.php?rest_route=\/wp\/v2\/types\/page"}],"author":[{"embeddable":true,"href":"http:\/\/feguars.es\/index.php?rest_route=\/wp\/v2\/users\/1"}],"replies":[{"embeddable":true,"href":"http:\/\/feguars.es\/index.php?rest_route=%2Fwp%2Fv2%2Fcomments&post=382"}],"version-history":[{"count":5,"href":"http:\/\/feguars.es\/index.php?rest_route=\/wp\/v2\/pages\/382\/revisions"}],"predecessor-version":[{"id":1024,"href":"http:\/\/feguars.es\/index.php?rest_route=\/wp\/v2\/pages\/382\/revisions\/1024"}],"up":[{"embeddable":true,"href":"http:\/\/feguars.es\/index.php?rest_route=\/wp\/v2\/pages\/174"}],"wp:featuredmedia":[{"embeddable":true,"href":"http:\/\/feguars.es\/index.php?rest_route=\/wp\/v2\/media\/279"}],"wp:attachment":[{"href":"http:\/\/feguars.es\/index.php?rest_route=%2Fwp%2Fv2%2Fmedia&parent=382"}],"curies":[{"name":"wp","href":"https:\/\/api.w.org\/{rel}","templated":true}]}}