{"id":3892,"date":"2021-11-05T17:52:48","date_gmt":"2021-11-05T17:52:48","guid":{"rendered":"http:\/\/feguars.es\/?page_id=3892"},"modified":"2021-11-05T18:09:01","modified_gmt":"2021-11-05T18:09:01","slug":"3892-2","status":"publish","type":"page","link":"http:\/\/feguars.es\/?page_id=3892","title":{"rendered":"Esta tierra te doy"},"content":{"rendered":"<p><a href=\"http:\/\/feguars.es\/wp-content\/uploads\/2021\/11\/Esta-tierra-te-doy-81-x-100-Cm.jpg\" data-gallery><img loading=\"lazy\" decoding=\"async\" class=\"aligncenter wp-image-3890 size-large\" src=\"http:\/\/feguars.es\/wp-content\/uploads\/2021\/11\/Esta-tierra-te-doy-81-x-100-Cm-1024x828.jpg\" alt=\"\" width=\"1024\" height=\"828\" srcset=\"http:\/\/feguars.es\/wp-content\/uploads\/2021\/11\/Esta-tierra-te-doy-81-x-100-Cm-1024x828.jpg 1024w, http:\/\/feguars.es\/wp-content\/uploads\/2021\/11\/Esta-tierra-te-doy-81-x-100-Cm-300x243.jpg 300w, http:\/\/feguars.es\/wp-content\/uploads\/2021\/11\/Esta-tierra-te-doy-81-x-100-Cm-768x621.jpg 768w, http:\/\/feguars.es\/wp-content\/uploads\/2021\/11\/Esta-tierra-te-doy-81-x-100-Cm-1536x1242.jpg 1536w, http:\/\/feguars.es\/wp-content\/uploads\/2021\/11\/Esta-tierra-te-doy-81-x-100-Cm-1148x928.jpg 1148w, http:\/\/feguars.es\/wp-content\/uploads\/2021\/11\/Esta-tierra-te-doy-81-x-100-Cm-371x300.jpg 371w, http:\/\/feguars.es\/wp-content\/uploads\/2021\/11\/Esta-tierra-te-doy-81-x-100-Cm.jpg 1920w\" sizes=\"auto, (max-width: 1024px) 100vw, 1024px\" \/><\/a><\/p>\n<table width=\"94%\">\n<tbody>\n<tr>\n<td width=\"24%\"><strong>T\u00edtulo<\/strong><\/td>\n<td>Esta tierra te doy<\/td>\n<\/tr>\n<tr>\n<td width=\"24%\"><strong>Medidas<\/strong><\/td>\n<td>81 x 100 cm<\/td>\n<\/tr>\n<tr>\n<td width=\"24%\"><strong>T\u00e9cnica<\/strong><\/td>\n<td>\u00d3leo sobre lienzo.<\/td>\n<\/tr>\n<tr>\n<td colspan=\"2\"><strong>Letra y arreglo musical de Pablo Guerrero y Jos\u00e9 Luis Armenteros (Sobre un tema de Paganini) interprete Basilio<\/strong><\/td>\n<\/tr>\n<\/tbody>\n<\/table>\n<p>&nbsp;<\/p>\n<p><img loading=\"lazy\" decoding=\"async\" class=\"aligncenter wp-image-3891 size-large\" src=\"http:\/\/feguars.es\/wp-content\/uploads\/2021\/11\/Letra-Esa-tierra-te-doy-001-503x1024.jpg\" alt=\"\" width=\"503\" height=\"1024\" srcset=\"http:\/\/feguars.es\/wp-content\/uploads\/2021\/11\/Letra-Esa-tierra-te-doy-001-503x1024.jpg 503w, http:\/\/feguars.es\/wp-content\/uploads\/2021\/11\/Letra-Esa-tierra-te-doy-001-147x300.jpg 147w, http:\/\/feguars.es\/wp-content\/uploads\/2021\/11\/Letra-Esa-tierra-te-doy-001.jpg 540w\" sizes=\"auto, (max-width: 503px) 100vw, 503px\" \/><\/p>\n","protected":false},"excerpt":{"rendered":"<p>T\u00edtulo Esta tierra te doy Medidas 81 x 100 cm T\u00e9cnica \u00d3leo sobre lienzo. Letra y arreglo musical de Pablo Guerrero y Jos\u00e9 Luis Armenteros (Sobre un tema de Paganini) interprete Basilio &nbsp;<\/p>\n <a class=\"more-link\" href=\"http:\/\/feguars.es\/?page_id=3892\"><span class=\"more-msg\">Sigue leyendo &rarr;<\/span><\/a>","protected":false},"author":1,"featured_media":3890,"parent":174,"menu_order":0,"comment_status":"closed","ping_status":"closed","template":"","meta":{"footnotes":""},"class_list":["post-3892","page","type-page","status-publish","has-post-thumbnail","hentry"],"_links":{"self":[{"href":"http:\/\/feguars.es\/index.php?rest_route=\/wp\/v2\/pages\/3892","targetHints":{"allow":["GET"]}}],"collection":[{"href":"http:\/\/feguars.es\/index.php?rest_route=\/wp\/v2\/pages"}],"about":[{"href":"http:\/\/feguars.es\/index.php?rest_route=\/wp\/v2\/types\/page"}],"author":[{"embeddable":true,"href":"http:\/\/feguars.es\/index.php?rest_route=\/wp\/v2\/users\/1"}],"replies":[{"embeddable":true,"href":"http:\/\/feguars.es\/index.php?rest_route=%2Fwp%2Fv2%2Fcomments&post=3892"}],"version-history":[{"count":6,"href":"http:\/\/feguars.es\/index.php?rest_route=\/wp\/v2\/pages\/3892\/revisions"}],"predecessor-version":[{"id":3900,"href":"http:\/\/feguars.es\/index.php?rest_route=\/wp\/v2\/pages\/3892\/revisions\/3900"}],"up":[{"embeddable":true,"href":"http:\/\/feguars.es\/index.php?rest_route=\/wp\/v2\/pages\/174"}],"wp:featuredmedia":[{"embeddable":true,"href":"http:\/\/feguars.es\/index.php?rest_route=\/wp\/v2\/media\/3890"}],"wp:attachment":[{"href":"http:\/\/feguars.es\/index.php?rest_route=%2Fwp%2Fv2%2Fmedia&parent=3892"}],"curies":[{"name":"wp","href":"https:\/\/api.w.org\/{rel}","templated":true}]}}