{"id":397,"date":"2016-02-08T16:03:33","date_gmt":"2016-02-08T16:03:33","guid":{"rendered":"http:\/\/feguars.es\/?page_id=397"},"modified":"2018-06-29T16:13:25","modified_gmt":"2018-06-29T16:13:25","slug":"compromiso-ii","status":"publish","type":"page","link":"http:\/\/feguars.es\/?page_id=397","title":{"rendered":"Compromiso II"},"content":{"rendered":"<p><a href=\"http:\/\/feguars.es\/wp-content\/uploads\/2016\/02\/El-Compromiso-II-114x162-Cm..jpg\" data-gallery><img loading=\"lazy\" decoding=\"async\" class=\"aligncenter wp-image-398 \" src=\"http:\/\/feguars.es\/wp-content\/uploads\/2016\/02\/El-Compromiso-II-114x162-Cm.-300x210.jpg\" alt=\"El Compromiso II 114x162 Cm.\" width=\"482\" height=\"345\" \/><\/a><\/p>\n<p>T\u00edtulo: \u201cCOMPROMISO II\u201d\u00a0\u00a0 \u00a02012<br \/>\nMedidas:114&#215;162 Cm.<br \/>\nT\u00e9cnica: \u00d3leo sobre lienzo.<\/p>\n<p>Vuelan tres\u00a0melod\u00edas en un reflejo actualizado de la efem\u00e9rides. Un portal hist\u00f3rico en el que, jugando a la abstracci\u00f3n geom\u00e9trica, se dan cita unos personajes que a modo de duendes describen puntos rec\u00f3nditos de la Historia.<\/p>\n","protected":false},"excerpt":{"rendered":"<p>T\u00edtulo: \u201cCOMPROMISO II\u201d\u00a0\u00a0 \u00a02012 Medidas:114&#215;162 Cm. T\u00e9cnica: \u00d3leo sobre lienzo. Vuelan tres\u00a0melod\u00edas en un reflejo actualizado de la efem\u00e9rides. Un portal hist\u00f3rico en el que, jugando a la abstracci\u00f3n geom\u00e9trica, se dan cita unos personajes que a modo de duendes <span class=\"excerpt-dots\">&hellip;<\/span> <a class=\"more-link\" href=\"http:\/\/feguars.es\/?page_id=397\"><span class=\"more-msg\">Sigue leyendo &rarr;<\/span><\/a><\/p>\n","protected":false},"author":1,"featured_media":398,"parent":174,"menu_order":0,"comment_status":"closed","ping_status":"closed","template":"","meta":{"footnotes":""},"class_list":["post-397","page","type-page","status-publish","has-post-thumbnail","hentry"],"_links":{"self":[{"href":"http:\/\/feguars.es\/index.php?rest_route=\/wp\/v2\/pages\/397","targetHints":{"allow":["GET"]}}],"collection":[{"href":"http:\/\/feguars.es\/index.php?rest_route=\/wp\/v2\/pages"}],"about":[{"href":"http:\/\/feguars.es\/index.php?rest_route=\/wp\/v2\/types\/page"}],"author":[{"embeddable":true,"href":"http:\/\/feguars.es\/index.php?rest_route=\/wp\/v2\/users\/1"}],"replies":[{"embeddable":true,"href":"http:\/\/feguars.es\/index.php?rest_route=%2Fwp%2Fv2%2Fcomments&post=397"}],"version-history":[{"count":4,"href":"http:\/\/feguars.es\/index.php?rest_route=\/wp\/v2\/pages\/397\/revisions"}],"predecessor-version":[{"id":1048,"href":"http:\/\/feguars.es\/index.php?rest_route=\/wp\/v2\/pages\/397\/revisions\/1048"}],"up":[{"embeddable":true,"href":"http:\/\/feguars.es\/index.php?rest_route=\/wp\/v2\/pages\/174"}],"wp:featuredmedia":[{"embeddable":true,"href":"http:\/\/feguars.es\/index.php?rest_route=\/wp\/v2\/media\/398"}],"wp:attachment":[{"href":"http:\/\/feguars.es\/index.php?rest_route=%2Fwp%2Fv2%2Fmedia&parent=397"}],"curies":[{"name":"wp","href":"https:\/\/api.w.org\/{rel}","templated":true}]}}