{"id":4054,"date":"2022-09-26T14:32:13","date_gmt":"2022-09-26T14:32:13","guid":{"rendered":"http:\/\/feguars.es\/?page_id=4054"},"modified":"2022-09-26T14:34:23","modified_gmt":"2022-09-26T14:34:23","slug":"somos","status":"publish","type":"page","link":"http:\/\/feguars.es\/?page_id=4054","title":{"rendered":"Somos"},"content":{"rendered":"<p><a href=\"http:\/\/feguars.es\/wp-content\/uploads\/2022\/09\/Somos-medidas-60-x-92-Cm.jpg\" data-gallery><img loading=\"lazy\" decoding=\"async\" class=\"aligncenter wp-image-4050 size-large\" src=\"http:\/\/feguars.es\/wp-content\/uploads\/2022\/09\/Somos-medidas-60-x-92-Cm-1024x684.jpg\" alt=\"\" width=\"1024\" height=\"684\" srcset=\"http:\/\/feguars.es\/wp-content\/uploads\/2022\/09\/Somos-medidas-60-x-92-Cm-1024x684.jpg 1024w, http:\/\/feguars.es\/wp-content\/uploads\/2022\/09\/Somos-medidas-60-x-92-Cm-300x201.jpg 300w, http:\/\/feguars.es\/wp-content\/uploads\/2022\/09\/Somos-medidas-60-x-92-Cm-768x513.jpg 768w, http:\/\/feguars.es\/wp-content\/uploads\/2022\/09\/Somos-medidas-60-x-92-Cm-1536x1027.jpg 1536w, http:\/\/feguars.es\/wp-content\/uploads\/2022\/09\/Somos-medidas-60-x-92-Cm.jpg 1900w\" sizes=\"auto, (max-width: 1024px) 100vw, 1024px\" \/><\/a><\/p>\n<table id=\"table55\" border=\"0\" width=\"100%\" cellpadding=\"0\">\n<tbody>\n<tr>\n<td width=\"30\"><\/td>\n<td width=\"24%\"><b>T\u00edtulo<\/b><\/td>\n<td>Somos<\/td>\n<\/tr>\n<tr>\n<td width=\"30\"><\/td>\n<td width=\"24%\"><b>Medidas<\/b><\/td>\n<td>60 x 92 cm<\/td>\n<\/tr>\n<tr>\n<td width=\"30\"><\/td>\n<td width=\"24%\"><b>T\u00e9cnica<\/b><\/td>\n<td>\u00d3leo sobre lienzo<\/td>\n<\/tr>\n<tr>\n<td width=\"30\"><\/td>\n<td colspan=\"2\"><b>Basado en la canci\u00f3n del mismo t\u00edtulo interpretada por Labordeta.<\/b><\/td>\n<\/tr>\n<\/tbody>\n<\/table>\n","protected":false},"excerpt":{"rendered":"<p>T\u00edtulo Somos Medidas 60 x 92 cm T\u00e9cnica \u00d3leo sobre lienzo Basado en la canci\u00f3n del mismo t\u00edtulo interpretada por Labordeta.<\/p>\n <a class=\"more-link\" href=\"http:\/\/feguars.es\/?page_id=4054\"><span class=\"more-msg\">Sigue leyendo &rarr;<\/span><\/a>","protected":false},"author":1,"featured_media":4050,"parent":174,"menu_order":0,"comment_status":"closed","ping_status":"closed","template":"","meta":{"footnotes":""},"class_list":["post-4054","page","type-page","status-publish","has-post-thumbnail","hentry"],"_links":{"self":[{"href":"http:\/\/feguars.es\/index.php?rest_route=\/wp\/v2\/pages\/4054","targetHints":{"allow":["GET"]}}],"collection":[{"href":"http:\/\/feguars.es\/index.php?rest_route=\/wp\/v2\/pages"}],"about":[{"href":"http:\/\/feguars.es\/index.php?rest_route=\/wp\/v2\/types\/page"}],"author":[{"embeddable":true,"href":"http:\/\/feguars.es\/index.php?rest_route=\/wp\/v2\/users\/1"}],"replies":[{"embeddable":true,"href":"http:\/\/feguars.es\/index.php?rest_route=%2Fwp%2Fv2%2Fcomments&post=4054"}],"version-history":[{"count":2,"href":"http:\/\/feguars.es\/index.php?rest_route=\/wp\/v2\/pages\/4054\/revisions"}],"predecessor-version":[{"id":4056,"href":"http:\/\/feguars.es\/index.php?rest_route=\/wp\/v2\/pages\/4054\/revisions\/4056"}],"up":[{"embeddable":true,"href":"http:\/\/feguars.es\/index.php?rest_route=\/wp\/v2\/pages\/174"}],"wp:featuredmedia":[{"embeddable":true,"href":"http:\/\/feguars.es\/index.php?rest_route=\/wp\/v2\/media\/4050"}],"wp:attachment":[{"href":"http:\/\/feguars.es\/index.php?rest_route=%2Fwp%2Fv2%2Fmedia&parent=4054"}],"curies":[{"name":"wp","href":"https:\/\/api.w.org\/{rel}","templated":true}]}}