{"id":4058,"date":"2022-09-26T14:41:12","date_gmt":"2022-09-26T14:41:12","guid":{"rendered":"http:\/\/feguars.es\/?page_id=4058"},"modified":"2022-09-26T14:41:12","modified_gmt":"2022-09-26T14:41:12","slug":"the-future","status":"publish","type":"page","link":"http:\/\/feguars.es\/?page_id=4058","title":{"rendered":"The Future"},"content":{"rendered":"<p><a href=\"http:\/\/feguars.es\/wp-content\/uploads\/2022\/09\/The-Future-81-x-116-Cm.jpg\" data-gallery><img loading=\"lazy\" decoding=\"async\" class=\"aligncenter wp-image-4051 size-large\" src=\"http:\/\/feguars.es\/wp-content\/uploads\/2022\/09\/The-Future-81-x-116-Cm-1024x713.jpg\" alt=\"\" width=\"1024\" height=\"713\" srcset=\"http:\/\/feguars.es\/wp-content\/uploads\/2022\/09\/The-Future-81-x-116-Cm-1024x713.jpg 1024w, http:\/\/feguars.es\/wp-content\/uploads\/2022\/09\/The-Future-81-x-116-Cm-300x209.jpg 300w, http:\/\/feguars.es\/wp-content\/uploads\/2022\/09\/The-Future-81-x-116-Cm-768x535.jpg 768w, http:\/\/feguars.es\/wp-content\/uploads\/2022\/09\/The-Future-81-x-116-Cm-1536x1070.jpg 1536w, http:\/\/feguars.es\/wp-content\/uploads\/2022\/09\/The-Future-81-x-116-Cm.jpg 1900w\" sizes=\"auto, (max-width: 1024px) 100vw, 1024px\" \/><\/a><\/p>\n<table id=\"table53\" border=\"0\" width=\"100%\" cellpadding=\"0\">\n<tbody>\n<tr>\n<td width=\"30\"><\/td>\n<td width=\"24%\"><b>T\u00edtulo<\/b><\/td>\n<td>The Future<\/td>\n<\/tr>\n<tr>\n<td width=\"30\"><\/td>\n<td width=\"24%\"><b>Medidas<\/b><\/td>\n<td>81 x 116 cm<\/td>\n<\/tr>\n<tr>\n<td width=\"30\"><\/td>\n<td width=\"24%\"><b>T\u00e9cnica<\/b><\/td>\n<td>\u00d3leo sobre lienzo<\/td>\n<\/tr>\n<tr>\n<td width=\"30\"><\/td>\n<td colspan=\"2\"><b>Basado en la canci\u00f3n <span class=\"f7rl1if4 adechonz f6oz4yja dahkl6ri axrg9lpx rufpak1n qtovjlwq qbmienfq rfyhaz4c rdmi1yqr ohrdq8us nswx41af fawcizw8 l1aqi3e3 sdu1flz4\">de Leonard Cohen. <\/span><br \/>\n<\/b><\/td>\n<\/tr>\n<\/tbody>\n<\/table>\n<p>&nbsp;<\/p>\n<div class=\"ujudUb\">Give me back my broken night<br aria-hidden=\"true\" \/>My mirrored room, my secret life<br aria-hidden=\"true\" \/>It&#8217;s lonely here<br aria-hidden=\"true\" \/>There&#8217;s no one left to torture<br aria-hidden=\"true\" \/>Give me absolute control<br aria-hidden=\"true\" \/>Over every living soul<br aria-hidden=\"true\" \/>And lie beside me, baby<br aria-hidden=\"true\" \/>That&#8217;s an order<\/div>\n<div><\/div>\n<div class=\"ujudUb\">Give me crack and anal sex<br aria-hidden=\"true\" \/>Take the only tree that&#8217;s left<br aria-hidden=\"true\" \/>And stuff it up the hole<br aria-hidden=\"true\" \/>In your culture<br aria-hidden=\"true\" \/>Give me back the Berlin wall<br aria-hidden=\"true\" \/>Give me Stalin and St. Paul<br aria-hidden=\"true\" \/>I&#8217;ve seen the future, brother<br aria-hidden=\"true\" \/>It is murder<\/div>\n<div><\/div>\n<div class=\"ujudUb\">Things are going to slide, slide in all directions<br aria-hidden=\"true\" \/>Won&#8217;t be nothing (won&#8217;t be nothing)<br aria-hidden=\"true\" \/>Nothing you can measure anymore<br aria-hidden=\"true\" \/>The blizzard, the blizzard of the world<br aria-hidden=\"true\" \/>Has crossed the threshold<br aria-hidden=\"true\" \/>And it&#8217;s overturned<\/div>\n<div class=\"ujudUb\">The order of the soul<\/div>\n<div><\/div>\n<div class=\"ujudUb\">When they said (they said) repent (repent), repent (repent)<br aria-hidden=\"true\" \/>I wonder what they meant<br aria-hidden=\"true\" \/>When they said (they said) repent (repent), repent (repent)<br aria-hidden=\"true\" \/>I wonder what they meant<br aria-hidden=\"true\" \/>When they said (they said) repent (repent), repent (repent)<br aria-hidden=\"true\" \/>I wonder what they meant<\/div>\n<div><\/div>\n<div class=\"ujudUb\">You don&#8217;t know me from the wind<br aria-hidden=\"true\" \/>You never will, you never did<br aria-hidden=\"true\" \/>I&#8217;m the little Jew<br aria-hidden=\"true\" \/>Who wrote the Bible<br aria-hidden=\"true\" \/>I&#8217;ve seen the nations rise and fall<br aria-hidden=\"true\" \/>I&#8217;ve heard their stories, heard them all<br aria-hidden=\"true\" \/>But love&#8217;s the only engine of survival<br aria-hidden=\"true\" \/>Your servant here, he has been told<br aria-hidden=\"true\" \/>To say it clear, to say it cold<br aria-hidden=\"true\" \/>It&#8217;s over, it ain&#8217;t going<br aria-hidden=\"true\" \/>Any further (do, do, do)<br aria-hidden=\"true\" \/>And now the wheels of heaven stop<br aria-hidden=\"true\" \/>You feel the devil&#8217;s riding crop<br aria-hidden=\"true\" \/>Get ready for the future<\/div>\n<div class=\"ujudUb\">It is murder (do, do, do)<\/div>\n<div><\/div>\n<div class=\"ujudUb\">Things are going to slide<br aria-hidden=\"true\" \/>Slide in all directions<br aria-hidden=\"true\" \/>Won&#8217;t be nothing (won&#8217;t be)<br aria-hidden=\"true\" \/>Nothing you can measure anymore<br aria-hidden=\"true\" \/>The blizzard, the blizzard of the world<br aria-hidden=\"true\" \/>Has crossed the threshold<br aria-hidden=\"true\" \/>And it&#8217;s overturned<br aria-hidden=\"true\" \/>The order of the soul<\/div>\n<div><\/div>\n<div class=\"ujudUb\">When they said (they said) repent (repent), repent (repent)<br aria-hidden=\"true\" \/>I wonder what they meant<br aria-hidden=\"true\" \/>When they said (they said) repent (repent), repent (repent)<br aria-hidden=\"true\" \/>I wonder what they meant<br aria-hidden=\"true\" \/>When they said (they said) repent (repent), repent (repent)<br aria-hidden=\"true\" \/>I wonder what they meant<\/div>\n<div><\/div>\n<div class=\"ujudUb\">There&#8217;ll be the breaking of the ancient<br aria-hidden=\"true\" \/>Western code<br aria-hidden=\"true\" \/>Your private life will suddenly explode (ooh, ooh)<br aria-hidden=\"true\" \/>There&#8217;ll be phantoms<br aria-hidden=\"true\" \/>There&#8217;ll be fires on the road<br aria-hidden=\"true\" \/>And the white man dancing<\/div>\n<div><\/div>\n<div class=\"ujudUb\">You&#8217;ll see a woman<br aria-hidden=\"true\" \/>Hanging upside down (ooh, ooh)<br aria-hidden=\"true\" \/>Her features covered by her fallen gown (ooh, ooh)<br aria-hidden=\"true\" \/>And all the lousy little poets<br aria-hidden=\"true\" \/>Coming round<br aria-hidden=\"true\" \/>Tryin&#8217; to sound like Charlie Manson<br aria-hidden=\"true\" \/>Yeah, the white man dancin&#8217;<\/div>\n<div class=\"ujudUb\">Give me back the Berlin wall<br aria-hidden=\"true\" \/>Give me Stalin and St. Paul<br aria-hidden=\"true\" \/>Give me Christ or give me Hiroshima (do, do, do)<br aria-hidden=\"true\" \/>Destroy another fetus now<br aria-hidden=\"true\" \/>We don&#8217;t like children anyhow<br aria-hidden=\"true\" \/>I&#8217;ve seen the future, baby<br aria-hidden=\"true\" \/>It is murder (do, do, do)<\/div>\n<div><\/div>\n<div class=\"ujudUb\">Things are going to slide, slide in all directions<br aria-hidden=\"true\" \/>Won&#8217;t be nothing (won&#8217;t be)<br aria-hidden=\"true\" \/>Nothing you can measure anymore<br aria-hidden=\"true\" \/>The blizzard, the blizzard of the world<br aria-hidden=\"true\" \/>Has crossed the threshold<br aria-hidden=\"true\" \/>And it&#8217;s overturned<br aria-hidden=\"true\" \/>The order of the soul<\/div>\n<div><\/div>\n<div class=\"ujudUb\">When they said (they said) repent (repent), repent (repent)<br aria-hidden=\"true\" \/>I wonder what they meant<br aria-hidden=\"true\" \/>When they said (they said) repent (repent), repent (repent)<br aria-hidden=\"true\" \/>I wonder what they meant<br aria-hidden=\"true\" \/>When they said (they said) repent (repent), repent (repent)<br aria-hidden=\"true\" \/>I wonder what they meant<\/div>\n<div class=\"ujudUb WRZytc\">When they said (they said) repent (repent), repent (repent<\/div>\n<p><span class=\"f7rl1if4 adechonz f6oz4yja dahkl6ri axrg9lpx rufpak1n qtovjlwq qbmienfq rfyhaz4c rdmi1yqr ohrdq8us nswx41af fawcizw8 l1aqi3e3 sdu1flz4\">\u00a0<\/span><\/p>\n","protected":false},"excerpt":{"rendered":"<p>T\u00edtulo The Future Medidas 81 x 116 cm T\u00e9cnica \u00d3leo sobre lienzo Basado en la canci\u00f3n de Leonard Cohen. &nbsp; Give me back my broken nightMy mirrored room, my secret lifeIt&#8217;s lonely hereThere&#8217;s no one left to tortureGive me absolute <span class=\"excerpt-dots\">&hellip;<\/span> <a class=\"more-link\" href=\"http:\/\/feguars.es\/?page_id=4058\"><span class=\"more-msg\">Sigue leyendo &rarr;<\/span><\/a><\/p>\n","protected":false},"author":1,"featured_media":4051,"parent":174,"menu_order":0,"comment_status":"closed","ping_status":"closed","template":"","meta":{"footnotes":""},"class_list":["post-4058","page","type-page","status-publish","has-post-thumbnail","hentry"],"_links":{"self":[{"href":"http:\/\/feguars.es\/index.php?rest_route=\/wp\/v2\/pages\/4058","targetHints":{"allow":["GET"]}}],"collection":[{"href":"http:\/\/feguars.es\/index.php?rest_route=\/wp\/v2\/pages"}],"about":[{"href":"http:\/\/feguars.es\/index.php?rest_route=\/wp\/v2\/types\/page"}],"author":[{"embeddable":true,"href":"http:\/\/feguars.es\/index.php?rest_route=\/wp\/v2\/users\/1"}],"replies":[{"embeddable":true,"href":"http:\/\/feguars.es\/index.php?rest_route=%2Fwp%2Fv2%2Fcomments&post=4058"}],"version-history":[{"count":1,"href":"http:\/\/feguars.es\/index.php?rest_route=\/wp\/v2\/pages\/4058\/revisions"}],"predecessor-version":[{"id":4059,"href":"http:\/\/feguars.es\/index.php?rest_route=\/wp\/v2\/pages\/4058\/revisions\/4059"}],"up":[{"embeddable":true,"href":"http:\/\/feguars.es\/index.php?rest_route=\/wp\/v2\/pages\/174"}],"wp:featuredmedia":[{"embeddable":true,"href":"http:\/\/feguars.es\/index.php?rest_route=\/wp\/v2\/media\/4051"}],"wp:attachment":[{"href":"http:\/\/feguars.es\/index.php?rest_route=%2Fwp%2Fv2%2Fmedia&parent=4058"}],"curies":[{"name":"wp","href":"https:\/\/api.w.org\/{rel}","templated":true}]}}