{"id":4063,"date":"2022-09-26T15:11:09","date_gmt":"2022-09-26T15:11:09","guid":{"rendered":"http:\/\/feguars.es\/?page_id=4063"},"modified":"2022-09-26T15:11:09","modified_gmt":"2022-09-26T15:11:09","slug":"manifiesto","status":"publish","type":"page","link":"http:\/\/feguars.es\/?page_id=4063","title":{"rendered":"Manifiesto"},"content":{"rendered":"<p><a href=\"http:\/\/feguars.es\/wp-content\/uploads\/2022\/09\/Manifiesto-65-x-92-cm.jpg\" data-gallery><img loading=\"lazy\" decoding=\"async\" class=\"aligncenter wp-image-4049 size-large\" src=\"http:\/\/feguars.es\/wp-content\/uploads\/2022\/09\/Manifiesto-65-x-92-cm-1024x732.jpg\" alt=\"\" width=\"1024\" height=\"732\" srcset=\"http:\/\/feguars.es\/wp-content\/uploads\/2022\/09\/Manifiesto-65-x-92-cm-1024x732.jpg 1024w, http:\/\/feguars.es\/wp-content\/uploads\/2022\/09\/Manifiesto-65-x-92-cm-300x214.jpg 300w, http:\/\/feguars.es\/wp-content\/uploads\/2022\/09\/Manifiesto-65-x-92-cm-768x549.jpg 768w, http:\/\/feguars.es\/wp-content\/uploads\/2022\/09\/Manifiesto-65-x-92-cm-1536x1098.jpg 1536w, http:\/\/feguars.es\/wp-content\/uploads\/2022\/09\/Manifiesto-65-x-92-cm.jpg 1900w\" sizes=\"auto, (max-width: 1024px) 100vw, 1024px\" \/><\/a><\/p>\n<p>&nbsp;<\/p>\n<table id=\"table53\" border=\"0\" width=\"100%\" cellpadding=\"0\">\n<tbody>\n<tr>\n<td width=\"30\"><\/td>\n<td width=\"24%\"><b>T\u00edtulo<\/b><\/td>\n<td>Manifiesto<\/td>\n<\/tr>\n<tr>\n<td width=\"30\"><\/td>\n<td width=\"24%\"><b>Medidas<\/b><\/td>\n<td>65 x 92 cm<\/td>\n<\/tr>\n<tr>\n<td width=\"30\"><\/td>\n<td width=\"24%\"><b>T\u00e9cnica<\/b><\/td>\n<td>\u00d3leo sobre lienzo<\/td>\n<\/tr>\n<tr>\n<td width=\"30\"><\/td>\n<td colspan=\"2\"><b><span class=\"f7rl1if4 adechonz f6oz4yja dahkl6ri axrg9lpx rufpak1n qtovjlwq qbmienfq rfyhaz4c rdmi1yqr ohrdq8us nswx41af fawcizw8 l1aqi3e3 sdu1flz4\">Basado en la canci\u00f3n hom\u00f3nima de Victor Jara<\/span><br \/>\n<\/b><\/td>\n<\/tr>\n<\/tbody>\n<\/table>\n<p>&nbsp;<\/p>\n<div class=\"ujudUb\">\n<div class=\"bbVIQb\">\n<div class=\"ujudUb u7wWjf\" data-mh=\"-1\">\n<div>\n<div class=\"ujudUb\">Yo no canto por cantar <br aria-hidden=\"true\" \/>ni por tener buena voz, <br aria-hidden=\"true\" \/>canto porque la guitarra <br aria-hidden=\"true\" \/>tiene sentido y raz\u00f3n.<\/div>\n<div><\/div>\n<div class=\"ujudUb\">Tiene coraz\u00f3n de tierra <br aria-hidden=\"true\" \/>y alas de palomita, <br aria-hidden=\"true\" \/>es como el agua bendita <br aria-hidden=\"true\" \/>santigua glorias y penas.<\/div>\n<div><\/div>\n<div class=\"ujudUb\">Aqu\u00ed se encaj\u00f3 mi canto <br aria-hidden=\"true\" \/>como dijera Violeta <br aria-hidden=\"true\" \/>guitarra trabajadora <br aria-hidden=\"true\" \/>con olor a primavera.<\/div>\n<div><\/div>\n<div class=\"ujudUb\">Que no es guitarra de ricos <br aria-hidden=\"true\" \/>ni cosa que se parezca <br aria-hidden=\"true\" \/>mi canto es de los andamios <br aria-hidden=\"true\" \/>para alcanzar las estrellas, <br aria-hidden=\"true\" \/>que el canto tiene sentido <br aria-hidden=\"true\" \/>cuando palpita en las venas <br aria-hidden=\"true\" \/>del que morir\u00e1 cantando <br aria-hidden=\"true\" \/>las verdades verdaderas, <br aria-hidden=\"true\" \/>no las lisonjas fugaces <br aria-hidden=\"true\" \/>ni las famas extranjeras <br aria-hidden=\"true\" \/>sino el canto de una lonja <br aria-hidden=\"true\" \/>hasta el fondo de la tierra.<\/div>\n<div><\/div>\n<div class=\"ujudUb WRZytc\">Ah\u00ed donde llega todo <br aria-hidden=\"true\" \/>y donde todo comienza <br aria-hidden=\"true\" \/>canto que ha sido valiente <br aria-hidden=\"true\" \/>siempre ser\u00e1 canci\u00f3n nueva.<\/div>\n<\/div>\n<\/div>\n<\/div>\n<\/div>\n<p>&nbsp;<\/p>\n","protected":false},"excerpt":{"rendered":"<p>&nbsp; T\u00edtulo Manifiesto Medidas 65 x 92 cm T\u00e9cnica \u00d3leo sobre lienzo Basado en la canci\u00f3n hom\u00f3nima de Victor Jara &nbsp; Yo no canto por cantar ni por tener buena voz, canto porque la guitarra tiene sentido y raz\u00f3n. Tiene <span class=\"excerpt-dots\">&hellip;<\/span> <a class=\"more-link\" href=\"http:\/\/feguars.es\/?page_id=4063\"><span class=\"more-msg\">Sigue leyendo &rarr;<\/span><\/a><\/p>\n","protected":false},"author":1,"featured_media":4049,"parent":174,"menu_order":0,"comment_status":"closed","ping_status":"closed","template":"","meta":{"footnotes":""},"class_list":["post-4063","page","type-page","status-publish","has-post-thumbnail","hentry"],"_links":{"self":[{"href":"http:\/\/feguars.es\/index.php?rest_route=\/wp\/v2\/pages\/4063","targetHints":{"allow":["GET"]}}],"collection":[{"href":"http:\/\/feguars.es\/index.php?rest_route=\/wp\/v2\/pages"}],"about":[{"href":"http:\/\/feguars.es\/index.php?rest_route=\/wp\/v2\/types\/page"}],"author":[{"embeddable":true,"href":"http:\/\/feguars.es\/index.php?rest_route=\/wp\/v2\/users\/1"}],"replies":[{"embeddable":true,"href":"http:\/\/feguars.es\/index.php?rest_route=%2Fwp%2Fv2%2Fcomments&post=4063"}],"version-history":[{"count":1,"href":"http:\/\/feguars.es\/index.php?rest_route=\/wp\/v2\/pages\/4063\/revisions"}],"predecessor-version":[{"id":4064,"href":"http:\/\/feguars.es\/index.php?rest_route=\/wp\/v2\/pages\/4063\/revisions\/4064"}],"up":[{"embeddable":true,"href":"http:\/\/feguars.es\/index.php?rest_route=\/wp\/v2\/pages\/174"}],"wp:featuredmedia":[{"embeddable":true,"href":"http:\/\/feguars.es\/index.php?rest_route=\/wp\/v2\/media\/4049"}],"wp:attachment":[{"href":"http:\/\/feguars.es\/index.php?rest_route=%2Fwp%2Fv2%2Fmedia&parent=4063"}],"curies":[{"name":"wp","href":"https:\/\/api.w.org\/{rel}","templated":true}]}}