{"id":445,"date":"2016-02-09T11:38:31","date_gmt":"2016-02-09T11:38:31","guid":{"rendered":"http:\/\/feguars.es\/?page_id=445"},"modified":"2018-06-29T16:09:44","modified_gmt":"2018-06-29T16:09:44","slug":"nana-en-la-montana","status":"publish","type":"page","link":"http:\/\/feguars.es\/?page_id=445","title":{"rendered":"Nana en la Monta\u00f1a"},"content":{"rendered":"<p><img loading=\"lazy\" decoding=\"async\" class=\"aligncenter wp-image-447 \" src=\"http:\/\/feguars.es\/wp-content\/uploads\/2016\/02\/Nana-en-la-monta\u00f1a-33x41-Cm.-300x244.jpg\" alt=\"Nana en la monta\u00f1a 33x41 Cm.\" width=\"416\" height=\"342\" \/><\/p>\n<p>&nbsp;<\/p>\n<p><strong>T\u00edtulo: \u201cNANA EN LA MONTA\u00d1A\u201d<\/strong><br \/>\n<strong> Medidas: 33&#215;41 Cm.<\/strong><br \/>\n<strong> T\u00e9cnica: \u00d3leo sobre tabla.<\/strong><\/p>\n<p style=\"text-align: center;\">Du\u00e9rmete, ni\u00f1o peque\u00f1o,<br \/>\ndu\u00e9rmete sobre la sierra,<br \/>\nque al alba vendr\u00e1n los hombres<br \/>\nque vuelven de la ribera.<\/p>\n<p style=\"text-align: center;\">Traer\u00e1n higos y mangranas,<br \/>\npan blanco de harina blanca<br \/>\ny vendr\u00e1n con la alegr\u00eda<br \/>\ndel hombre que vuelve a casa<\/p>\n<p style=\"text-align: center;\">Du\u00e9rmete ni\u00f1o peque\u00f1o&#8230;<\/p>\n<p style=\"text-align: center;\">Basado en la canci\u00f3n de Jos\u00e9 Antonio Labordeta<br \/>\n\u201cNana para dormir un ni\u00f1o en la monta\u00f1a\u201d.<\/p>\n<p>&nbsp;<\/p>\n","protected":false},"excerpt":{"rendered":"<p>&nbsp; T\u00edtulo: \u201cNANA EN LA MONTA\u00d1A\u201d Medidas: 33&#215;41 Cm. T\u00e9cnica: \u00d3leo sobre tabla. Du\u00e9rmete, ni\u00f1o peque\u00f1o, du\u00e9rmete sobre la sierra, que al alba vendr\u00e1n los hombres que vuelven de la ribera. Traer\u00e1n higos y mangranas, pan blanco de harina blanca <span class=\"excerpt-dots\">&hellip;<\/span> <a class=\"more-link\" href=\"http:\/\/feguars.es\/?page_id=445\"><span class=\"more-msg\">Sigue leyendo &rarr;<\/span><\/a><\/p>\n","protected":false},"author":1,"featured_media":447,"parent":174,"menu_order":0,"comment_status":"closed","ping_status":"closed","template":"","meta":{"footnotes":""},"class_list":["post-445","page","type-page","status-publish","has-post-thumbnail","hentry"],"_links":{"self":[{"href":"http:\/\/feguars.es\/index.php?rest_route=\/wp\/v2\/pages\/445","targetHints":{"allow":["GET"]}}],"collection":[{"href":"http:\/\/feguars.es\/index.php?rest_route=\/wp\/v2\/pages"}],"about":[{"href":"http:\/\/feguars.es\/index.php?rest_route=\/wp\/v2\/types\/page"}],"author":[{"embeddable":true,"href":"http:\/\/feguars.es\/index.php?rest_route=\/wp\/v2\/users\/1"}],"replies":[{"embeddable":true,"href":"http:\/\/feguars.es\/index.php?rest_route=%2Fwp%2Fv2%2Fcomments&post=445"}],"version-history":[{"count":6,"href":"http:\/\/feguars.es\/index.php?rest_route=\/wp\/v2\/pages\/445\/revisions"}],"predecessor-version":[{"id":1023,"href":"http:\/\/feguars.es\/index.php?rest_route=\/wp\/v2\/pages\/445\/revisions\/1023"}],"up":[{"embeddable":true,"href":"http:\/\/feguars.es\/index.php?rest_route=\/wp\/v2\/pages\/174"}],"wp:featuredmedia":[{"embeddable":true,"href":"http:\/\/feguars.es\/index.php?rest_route=\/wp\/v2\/media\/447"}],"wp:attachment":[{"href":"http:\/\/feguars.es\/index.php?rest_route=%2Fwp%2Fv2%2Fmedia&parent=445"}],"curies":[{"name":"wp","href":"https:\/\/api.w.org\/{rel}","templated":true}]}}