{"id":481,"date":"2016-02-09T16:38:22","date_gmt":"2016-02-09T16:38:22","guid":{"rendered":"http:\/\/feguars.es\/?page_id=481"},"modified":"2018-06-29T16:06:15","modified_gmt":"2018-06-29T16:06:15","slug":"ya-ves","status":"publish","type":"page","link":"http:\/\/feguars.es\/?page_id=481","title":{"rendered":"Ya ves"},"content":{"rendered":"<p><a href=\"http:\/\/feguars.es\/wp-content\/uploads\/2016\/02\/Ya-ves-100x-81-Cm..jpg\" data-gallery><img loading=\"lazy\" decoding=\"async\" class=\"aligncenter wp-image-484 size-medium\" src=\"http:\/\/feguars.es\/wp-content\/uploads\/2016\/02\/Ya-ves-100x-81-Cm.-245x300.jpg\" alt=\"Ya ves 100x 81 Cm.\" width=\"245\" height=\"300\" srcset=\"http:\/\/feguars.es\/wp-content\/uploads\/2016\/02\/Ya-ves-100x-81-Cm.-245x300.jpg 245w, http:\/\/feguars.es\/wp-content\/uploads\/2016\/02\/Ya-ves-100x-81-Cm..jpg 736w\" sizes=\"auto, (max-width: 245px) 100vw, 245px\" \/><\/a><\/p>\n<p><strong>T\u00edtulo: \u201cYa ves\u201d. <\/strong><br \/>\n<strong>Medidas: 100&#215;81 Cm.<\/strong><br \/>\n<strong>T\u00e9cnica: \u00d3leo sobre lienzo.<\/strong><\/p>\n<p style=\"text-align: center;\">Ya ves, que vamos avanzando, cumpliendo este camino. No lo s\u00e9, ya ves.<br \/>\nYa ves, que vamos recordando, creciendo hacia el ocaso. No lo s\u00e9, ya ves.<br \/>\nYa ves, qu\u00e9 p\u00e1lidas palabras se pierden en la noche sin hallar soluci\u00f3n.<br \/>\nYa ves, que hemos ido surgiendo de inciertas y duras voces de desesperaci\u00f3n.<\/p>\n<p>Recu\u00e9rdame\u2026<br \/>\nLetra y m\u00fasica: Jos\u00e9 Antonio Labordeta.<\/p>\n","protected":false},"excerpt":{"rendered":"<p>T\u00edtulo: \u201cYa ves\u201d. Medidas: 100&#215;81 Cm. T\u00e9cnica: \u00d3leo sobre lienzo. Ya ves, que vamos avanzando, cumpliendo este camino. No lo s\u00e9, ya ves. Ya ves, que vamos recordando, creciendo hacia el ocaso. No lo s\u00e9, ya ves. Ya ves, qu\u00e9 <span class=\"excerpt-dots\">&hellip;<\/span> <a class=\"more-link\" href=\"http:\/\/feguars.es\/?page_id=481\"><span class=\"more-msg\">Sigue leyendo &rarr;<\/span><\/a><\/p>\n","protected":false},"author":1,"featured_media":484,"parent":174,"menu_order":0,"comment_status":"closed","ping_status":"closed","template":"","meta":{"footnotes":""},"class_list":["post-481","page","type-page","status-publish","has-post-thumbnail","hentry"],"_links":{"self":[{"href":"http:\/\/feguars.es\/index.php?rest_route=\/wp\/v2\/pages\/481","targetHints":{"allow":["GET"]}}],"collection":[{"href":"http:\/\/feguars.es\/index.php?rest_route=\/wp\/v2\/pages"}],"about":[{"href":"http:\/\/feguars.es\/index.php?rest_route=\/wp\/v2\/types\/page"}],"author":[{"embeddable":true,"href":"http:\/\/feguars.es\/index.php?rest_route=\/wp\/v2\/users\/1"}],"replies":[{"embeddable":true,"href":"http:\/\/feguars.es\/index.php?rest_route=%2Fwp%2Fv2%2Fcomments&post=481"}],"version-history":[{"count":4,"href":"http:\/\/feguars.es\/index.php?rest_route=\/wp\/v2\/pages\/481\/revisions"}],"predecessor-version":[{"id":1004,"href":"http:\/\/feguars.es\/index.php?rest_route=\/wp\/v2\/pages\/481\/revisions\/1004"}],"up":[{"embeddable":true,"href":"http:\/\/feguars.es\/index.php?rest_route=\/wp\/v2\/pages\/174"}],"wp:featuredmedia":[{"embeddable":true,"href":"http:\/\/feguars.es\/index.php?rest_route=\/wp\/v2\/media\/484"}],"wp:attachment":[{"href":"http:\/\/feguars.es\/index.php?rest_route=%2Fwp%2Fv2%2Fmedia&parent=481"}],"curies":[{"name":"wp","href":"https:\/\/api.w.org\/{rel}","templated":true}]}}