{"id":486,"date":"2016-02-09T16:47:50","date_gmt":"2016-02-09T16:47:50","guid":{"rendered":"http:\/\/feguars.es\/?page_id=486"},"modified":"2018-06-29T16:12:55","modified_gmt":"2018-06-29T16:12:55","slug":"de-que-hablas-habanera","status":"publish","type":"page","link":"http:\/\/feguars.es\/?page_id=486","title":{"rendered":"De qu\u00e9 Hablas, Habanera"},"content":{"rendered":"<p><a href=\"http:\/\/feguars.es\/wp-content\/uploads\/2016\/02\/De-qu\u00e9-hablas-habanera.-46x55-Cm..jpg\" data-gallery><img loading=\"lazy\" decoding=\"async\" class=\"aligncenter wp-image-487 \" src=\"http:\/\/feguars.es\/wp-content\/uploads\/2016\/02\/De-qu\u00e9-hablas-habanera.-46x55-Cm.-300x257.jpg\" alt=\"De qu\u00e9 hablas, habanera. 46x55 Cm.\" width=\"410\" height=\"354\" \/><\/a><\/p>\n<p><strong>T\u00edtulo: \u201cDe qu\u00e9 hablas, habanera\u201d. <\/strong><br \/>\n<strong>Medidas: 46&#215;55 Cm. <\/strong><br \/>\n<strong>T\u00e9cnica: \u00d3leo sobre lienzo.<\/strong><\/p>\n<p>&nbsp;<\/p>\n<p style=\"text-align: center;\">De qu\u00e9 hablas, habanera<br \/>\ncajita de la nostalgia<br \/>\ncanci\u00f3n de seda<br \/>\nlos que un d\u00eda te cantaron<br \/>\nlos que fueron y volvieron<br \/>\nte trajeron aqu\u00ed, te llevaron all\u00e1.<\/p>\n<p style=\"text-align: center;\">D\u00f3nde est\u00e1 el color, el calor, el olor,<br \/>\nel charol, el vaiv\u00e9n de la Habana.<br \/>\nHabanera, la canci\u00f3n sencilla es buena<br \/>\npor lo que dice y lo que esconde,<br \/>\npero qu\u00e9 esconde la habanera\u2026<\/p>\n<p>Basado en la canci\u00f3n hom\u00f3nima que interpreta Marina Rossell y Carlos Cano<\/p>\n","protected":false},"excerpt":{"rendered":"<p>T\u00edtulo: \u201cDe qu\u00e9 hablas, habanera\u201d. Medidas: 46&#215;55 Cm. T\u00e9cnica: \u00d3leo sobre lienzo. &nbsp; De qu\u00e9 hablas, habanera cajita de la nostalgia canci\u00f3n de seda los que un d\u00eda te cantaron los que fueron y volvieron te trajeron aqu\u00ed, te llevaron <span class=\"excerpt-dots\">&hellip;<\/span> <a class=\"more-link\" href=\"http:\/\/feguars.es\/?page_id=486\"><span class=\"more-msg\">Sigue leyendo &rarr;<\/span><\/a><\/p>\n","protected":false},"author":1,"featured_media":487,"parent":174,"menu_order":0,"comment_status":"closed","ping_status":"closed","template":"","meta":{"footnotes":""},"class_list":["post-486","page","type-page","status-publish","has-post-thumbnail","hentry"],"_links":{"self":[{"href":"http:\/\/feguars.es\/index.php?rest_route=\/wp\/v2\/pages\/486","targetHints":{"allow":["GET"]}}],"collection":[{"href":"http:\/\/feguars.es\/index.php?rest_route=\/wp\/v2\/pages"}],"about":[{"href":"http:\/\/feguars.es\/index.php?rest_route=\/wp\/v2\/types\/page"}],"author":[{"embeddable":true,"href":"http:\/\/feguars.es\/index.php?rest_route=\/wp\/v2\/users\/1"}],"replies":[{"embeddable":true,"href":"http:\/\/feguars.es\/index.php?rest_route=%2Fwp%2Fv2%2Fcomments&post=486"}],"version-history":[{"count":2,"href":"http:\/\/feguars.es\/index.php?rest_route=\/wp\/v2\/pages\/486\/revisions"}],"predecessor-version":[{"id":1043,"href":"http:\/\/feguars.es\/index.php?rest_route=\/wp\/v2\/pages\/486\/revisions\/1043"}],"up":[{"embeddable":true,"href":"http:\/\/feguars.es\/index.php?rest_route=\/wp\/v2\/pages\/174"}],"wp:featuredmedia":[{"embeddable":true,"href":"http:\/\/feguars.es\/index.php?rest_route=\/wp\/v2\/media\/487"}],"wp:attachment":[{"href":"http:\/\/feguars.es\/index.php?rest_route=%2Fwp%2Fv2%2Fmedia&parent=486"}],"curies":[{"name":"wp","href":"https:\/\/api.w.org\/{rel}","templated":true}]}}