{"id":511,"date":"2016-02-09T18:16:42","date_gmt":"2016-02-09T18:16:42","guid":{"rendered":"http:\/\/feguars.es\/?page_id=511"},"modified":"2018-06-29T16:09:16","modified_gmt":"2018-06-29T16:09:16","slug":"queda-la-musica-iii","status":"publish","type":"page","link":"http:\/\/feguars.es\/?page_id=511","title":{"rendered":"Queda la M\u00fasica III"},"content":{"rendered":"<p><a href=\"http:\/\/feguars.es\/wp-content\/uploads\/2016\/02\/Queda-la-m\u00fasica-lll-92x73-Cm..jpg\" data-gallery><img loading=\"lazy\" decoding=\"async\" class=\"aligncenter wp-image-512 \" src=\"http:\/\/feguars.es\/wp-content\/uploads\/2016\/02\/Queda-la-m\u00fasica-lll-92x73-Cm.-240x300.jpg\" alt=\"Queda la m\u00fasica lll 92x73 Cm.\" width=\"361\" height=\"446\" \/><\/a><\/p>\n<p>&nbsp;<\/p>\n<table id=\"table39\" border=\"0\" width=\"100%\" cellpadding=\"0\">\n<tbody>\n<tr>\n<td width=\"30\"><\/td>\n<td width=\"24%\"><b> <span style=\"font-family: Verdana; font-size: x-large;\">T\u00edtulo<\/span><\/b><\/td>\n<td><span style=\"font-family: Verdana; font-size: x-large;\">Queda la m\u00fasica III<br \/>\n<\/span><\/td>\n<\/tr>\n<tr>\n<td width=\"30\"><\/td>\n<td width=\"24%\"><b> <span style=\"font-family: Verdana; font-size: x-large;\">Medidas<\/span><\/b><\/td>\n<td><span style=\"font-family: Verdana; font-size: x-large;\">92 x 73 cm<\/span><\/td>\n<\/tr>\n<tr>\n<td width=\"30\"><\/td>\n<td width=\"24%\"><b> <span style=\"font-family: Verdana; font-size: x-large;\">T\u00e9cnica<\/span><\/b><\/td>\n<td><span style=\"font-family: Verdana; font-size: x-large;\">\u00d3leo sobre tabla.<\/span><\/td>\n<\/tr>\n<tr>\n<td width=\"30\"><\/td>\n<td colspan=\"2\"><b><span style=\"font-family: Verdana;\">Basado en la canci\u00f3n del mismo t\u00edtulo de Luis Eduardo Aute.<\/span><\/b><\/td>\n<\/tr>\n<\/tbody>\n<\/table>\n<p style=\"text-align: center;\">Miro el instante que ha fijado<br \/>\nla fotograf\u00eda,<br \/>\nr\u00edes con la timidez de quien<br \/>\nle averg\u00fcenza la risa.<br \/>\nQuince a\u00f1os que sujeto entre mis brazos<br \/>\nal comp\u00e1s del \u00faltimo disco robado.<br \/>\nNada queda en ese trozo de papel,<br \/>\ntodo es alquimia;<br \/>\nveo que es la prueba m\u00e1s veraz<br \/>\nde que todo es mentira.<br \/>\nEsos rostros ya no llevan nuestros nombres,<br \/>\nson dos m\u00e1scaras perdidas en la noche,<br \/>\npero, queda la m\u00fasica&#8230;<\/p>\n<p style=\"text-align: center;\">Siento que ese tiempo que se fue<br \/>\nno ha sido nunca nuestro,<br \/>\ncomo cuando te miro y no logro<br \/>\nrecordar tu cuerpo;<br \/>\nno eras t\u00fa aquella insolencia de latido<br \/>\nque encend\u00eda mis deseos m\u00e1s prohibidos.<br \/>\nCreo que t\u00fa y yo no somos m\u00e1s<br \/>\nque dos desconocidos,<br \/>\notros, dos extra\u00f1os que en el tiempo<br \/>\nse han hecho asesinos<br \/>\nde esos dos ni\u00f1os de la fotograf\u00eda<br \/>\nque, abrazados, van bailando por la vida,<br \/>\npero, queda la m\u00fasica&#8230;<\/p>\n<p>&nbsp;<\/p>\n","protected":false},"excerpt":{"rendered":"<p>&nbsp; T\u00edtulo Queda la m\u00fasica III Medidas 92 x 73 cm T\u00e9cnica \u00d3leo sobre tabla. Basado en la canci\u00f3n del mismo t\u00edtulo de Luis Eduardo Aute. Miro el instante que ha fijado la fotograf\u00eda, r\u00edes con la timidez de quien <span class=\"excerpt-dots\">&hellip;<\/span> <a class=\"more-link\" href=\"http:\/\/feguars.es\/?page_id=511\"><span class=\"more-msg\">Sigue leyendo &rarr;<\/span><\/a><\/p>\n","protected":false},"author":1,"featured_media":512,"parent":174,"menu_order":0,"comment_status":"closed","ping_status":"closed","template":"","meta":{"footnotes":""},"class_list":["post-511","page","type-page","status-publish","has-post-thumbnail","hentry"],"_links":{"self":[{"href":"http:\/\/feguars.es\/index.php?rest_route=\/wp\/v2\/pages\/511","targetHints":{"allow":["GET"]}}],"collection":[{"href":"http:\/\/feguars.es\/index.php?rest_route=\/wp\/v2\/pages"}],"about":[{"href":"http:\/\/feguars.es\/index.php?rest_route=\/wp\/v2\/types\/page"}],"author":[{"embeddable":true,"href":"http:\/\/feguars.es\/index.php?rest_route=\/wp\/v2\/users\/1"}],"replies":[{"embeddable":true,"href":"http:\/\/feguars.es\/index.php?rest_route=%2Fwp%2Fv2%2Fcomments&post=511"}],"version-history":[{"count":8,"href":"http:\/\/feguars.es\/index.php?rest_route=\/wp\/v2\/pages\/511\/revisions"}],"predecessor-version":[{"id":1018,"href":"http:\/\/feguars.es\/index.php?rest_route=\/wp\/v2\/pages\/511\/revisions\/1018"}],"up":[{"embeddable":true,"href":"http:\/\/feguars.es\/index.php?rest_route=\/wp\/v2\/pages\/174"}],"wp:featuredmedia":[{"embeddable":true,"href":"http:\/\/feguars.es\/index.php?rest_route=\/wp\/v2\/media\/512"}],"wp:attachment":[{"href":"http:\/\/feguars.es\/index.php?rest_route=%2Fwp%2Fv2%2Fmedia&parent=511"}],"curies":[{"name":"wp","href":"https:\/\/api.w.org\/{rel}","templated":true}]}}