{"id":860,"date":"2016-04-07T15:37:57","date_gmt":"2016-04-07T15:37:57","guid":{"rendered":"http:\/\/feguars.es\/?page_id=860"},"modified":"2018-06-29T16:13:30","modified_gmt":"2018-06-29T16:13:30","slug":"como-una-estrella-fugaz","status":"publish","type":"page","link":"http:\/\/feguars.es\/?page_id=860","title":{"rendered":"Como una Estrella Fugaz"},"content":{"rendered":"<p><a href=\"http:\/\/feguars.es\/wp-content\/uploads\/2016\/04\/Como-una-estrella-fugaz-38x46-Cm..jpg\" data-gallery><img loading=\"lazy\" decoding=\"async\" class=\"aligncenter wp-image-859 \" src=\"http:\/\/feguars.es\/wp-content\/uploads\/2016\/04\/Como-una-estrella-fugaz-38x46-Cm.-300x250.jpg\" alt=\"Como una estrella fugaz 38x46 Cm.\" width=\"387\" height=\"323\" srcset=\"http:\/\/feguars.es\/wp-content\/uploads\/2016\/04\/Como-una-estrella-fugaz-38x46-Cm.-300x250.jpg 300w, http:\/\/feguars.es\/wp-content\/uploads\/2016\/04\/Como-una-estrella-fugaz-38x46-Cm.-768x640.jpg 768w, http:\/\/feguars.es\/wp-content\/uploads\/2016\/04\/Como-una-estrella-fugaz-38x46-Cm.-1024x854.jpg 1024w, http:\/\/feguars.es\/wp-content\/uploads\/2016\/04\/Como-una-estrella-fugaz-38x46-Cm.-360x300.jpg 360w, http:\/\/feguars.es\/wp-content\/uploads\/2016\/04\/Como-una-estrella-fugaz-38x46-Cm..jpg 1100w\" sizes=\"auto, (max-width: 387px) 100vw, 387px\" \/><\/a><\/p>\n<p><strong>T\u00edtulo: \u201cCOMO UNA ESTRELLA FUGAZ\u201d\u00a0 <\/strong><br \/>\n<strong>Medidas: 38&#215;46 Cm.\u00a0\u00a0 <\/strong><br \/>\n<strong>T\u00e9cnica: \u00d3leo sobre lienzo.<\/strong><\/p>\n<p style=\"text-align: center;\">Apenas hace alg\u00fan tiempo,<br \/>\ntan poco tiempo que casi no ha sido verdad,<br \/>\ndecir la vida era hablar de lo que iba a pasar,<br \/>\ndecir la muerte era, como decir los dem\u00e1s;<br \/>\nlo que tuviera que ocurrir<br \/>\nera un planeta lejos de aqu\u00ed,<br \/>\ntan lejos como ese Dios<br \/>\nque nos cre\u00f3 y se march\u00f3.<br \/>\nLa vida es verla pasar<br \/>\ncomo una estrella fugaz\u2026<\/p>\n<p>Como una estrella fugaz. Letra y M\u00fasica. L. E. Aute<\/p>\n","protected":false},"excerpt":{"rendered":"<p>T\u00edtulo: \u201cCOMO UNA ESTRELLA FUGAZ\u201d\u00a0 Medidas: 38&#215;46 Cm.\u00a0\u00a0 T\u00e9cnica: \u00d3leo sobre lienzo. Apenas hace alg\u00fan tiempo, tan poco tiempo que casi no ha sido verdad, decir la vida era hablar de lo que iba a pasar, decir la muerte era, <span class=\"excerpt-dots\">&hellip;<\/span> <a class=\"more-link\" href=\"http:\/\/feguars.es\/?page_id=860\"><span class=\"more-msg\">Sigue leyendo &rarr;<\/span><\/a><\/p>\n","protected":false},"author":1,"featured_media":859,"parent":174,"menu_order":0,"comment_status":"closed","ping_status":"closed","template":"","meta":{"footnotes":""},"class_list":["post-860","page","type-page","status-publish","has-post-thumbnail","hentry"],"_links":{"self":[{"href":"http:\/\/feguars.es\/index.php?rest_route=\/wp\/v2\/pages\/860","targetHints":{"allow":["GET"]}}],"collection":[{"href":"http:\/\/feguars.es\/index.php?rest_route=\/wp\/v2\/pages"}],"about":[{"href":"http:\/\/feguars.es\/index.php?rest_route=\/wp\/v2\/types\/page"}],"author":[{"embeddable":true,"href":"http:\/\/feguars.es\/index.php?rest_route=\/wp\/v2\/users\/1"}],"replies":[{"embeddable":true,"href":"http:\/\/feguars.es\/index.php?rest_route=%2Fwp%2Fv2%2Fcomments&post=860"}],"version-history":[{"count":3,"href":"http:\/\/feguars.es\/index.php?rest_route=\/wp\/v2\/pages\/860\/revisions"}],"predecessor-version":[{"id":1049,"href":"http:\/\/feguars.es\/index.php?rest_route=\/wp\/v2\/pages\/860\/revisions\/1049"}],"up":[{"embeddable":true,"href":"http:\/\/feguars.es\/index.php?rest_route=\/wp\/v2\/pages\/174"}],"wp:featuredmedia":[{"embeddable":true,"href":"http:\/\/feguars.es\/index.php?rest_route=\/wp\/v2\/media\/859"}],"wp:attachment":[{"href":"http:\/\/feguars.es\/index.php?rest_route=%2Fwp%2Fv2%2Fmedia&parent=860"}],"curies":[{"name":"wp","href":"https:\/\/api.w.org\/{rel}","templated":true}]}}