{"id":911,"date":"2016-07-01T11:32:55","date_gmt":"2016-07-01T11:32:55","guid":{"rendered":"http:\/\/feguars.es\/?page_id=911"},"modified":"2018-06-29T16:08:58","modified_gmt":"2018-06-29T16:08:58","slug":"rosas-en-el-mar","status":"publish","type":"page","link":"http:\/\/feguars.es\/?page_id=911","title":{"rendered":"Rosas en el Mar"},"content":{"rendered":"<p><a href=\"http:\/\/feguars.es\/wp-content\/uploads\/2016\/07\/Rosas-en-el-mar-92x73-Cm..jpg\" target=\"_blank\" rel=\"noopener\" data-gallery><img loading=\"lazy\" decoding=\"async\" class=\"aligncenter wp-image-907 \" src=\"http:\/\/feguars.es\/wp-content\/uploads\/2016\/07\/Rosas-en-el-mar-92x73-Cm.-1024x814.jpg\" alt=\"Rosas en el mar 92x73 Cm.\" width=\"388\" height=\"309\" srcset=\"http:\/\/feguars.es\/wp-content\/uploads\/2016\/07\/Rosas-en-el-mar-92x73-Cm.-1024x814.jpg 1024w, http:\/\/feguars.es\/wp-content\/uploads\/2016\/07\/Rosas-en-el-mar-92x73-Cm.-300x239.jpg 300w, http:\/\/feguars.es\/wp-content\/uploads\/2016\/07\/Rosas-en-el-mar-92x73-Cm.-768x611.jpg 768w, http:\/\/feguars.es\/wp-content\/uploads\/2016\/07\/Rosas-en-el-mar-92x73-Cm.-377x300.jpg 377w, http:\/\/feguars.es\/wp-content\/uploads\/2016\/07\/Rosas-en-el-mar-92x73-Cm..jpg 1132w\" sizes=\"auto, (max-width: 388px) 100vw, 388px\" \/><\/a><\/p>\n<p><strong>T\u00edtulo: \u201dROSAS EN EL MAR\u201d.<\/strong><br \/>\n<strong>Medidas: 92 x 73 Cm.<\/strong><br \/>\n<strong>T\u00e9cnica: \u00d3leo sobre lienzo.<\/strong><\/p>\n<p><em>Basado en la canci\u00f3n del mismo t\u00edtulo de Luis Eduardo Aute<\/em><\/p>\n<p style=\"text-align: center;\">Voy buscando un amor<br \/>\nque quiera comprender<br \/>\nla alegria y el dolor,<br \/>\nla ira y el placer,<br \/>\nun bello amor sin un final<br \/>\nque olvide para perdonar;<br \/>\nes mas f\u00e1cil encontrar<br \/>\nrosas en el mar.<\/p>\n<p style=\"text-align: center;\">La, la, la&#8230;<br \/>\nRosas en el mar.<\/p>\n<p style=\"text-align: center;\">Voy buscando la raz\u00f3n<br \/>\nde tanta falsedad.<br \/>\nLa mentira es obsesi\u00f3n<br \/>\ny falsa la verdad.<br \/>\nQue ganar\u00e1n, que perder\u00e1n,<br \/>\nsi todo esto pasar\u00e1;<br \/>\nes mas f\u00e1cil encontrar<br \/>\nrosas en el mar.<\/p>\n<p style=\"text-align: center;\">La, la, la&#8230;<br \/>\nRosas en el mar.<\/p>\n<p style=\"text-align: center;\">Voy pidiendo libertad<br \/>\ny no quieren o\u00edr.<br \/>\nEs una necesidad<br \/>\npara poder vivir;<br \/>\nLa libertad, la libertad,<br \/>\nderecho de la humanidad.<br \/>\nEs mas f\u00e1cil encontrar<br \/>\nrosas en el mar.<\/p>\n<p>La, la, la&#8230;<\/p>\n<p style=\"text-align: center;\">\n","protected":false},"excerpt":{"rendered":"<p>T\u00edtulo: \u201dROSAS EN EL MAR\u201d. Medidas: 92 x 73 Cm. T\u00e9cnica: \u00d3leo sobre lienzo. Basado en la canci\u00f3n del mismo t\u00edtulo de Luis Eduardo Aute Voy buscando un amor que quiera comprender la alegria y el dolor, la ira y <span class=\"excerpt-dots\">&hellip;<\/span> <a class=\"more-link\" href=\"http:\/\/feguars.es\/?page_id=911\"><span class=\"more-msg\">Sigue leyendo &rarr;<\/span><\/a><\/p>\n","protected":false},"author":1,"featured_media":907,"parent":174,"menu_order":0,"comment_status":"closed","ping_status":"closed","template":"","meta":{"footnotes":""},"class_list":["post-911","page","type-page","status-publish","has-post-thumbnail","hentry"],"_links":{"self":[{"href":"http:\/\/feguars.es\/index.php?rest_route=\/wp\/v2\/pages\/911","targetHints":{"allow":["GET"]}}],"collection":[{"href":"http:\/\/feguars.es\/index.php?rest_route=\/wp\/v2\/pages"}],"about":[{"href":"http:\/\/feguars.es\/index.php?rest_route=\/wp\/v2\/types\/page"}],"author":[{"embeddable":true,"href":"http:\/\/feguars.es\/index.php?rest_route=\/wp\/v2\/users\/1"}],"replies":[{"embeddable":true,"href":"http:\/\/feguars.es\/index.php?rest_route=%2Fwp%2Fv2%2Fcomments&post=911"}],"version-history":[{"count":3,"href":"http:\/\/feguars.es\/index.php?rest_route=\/wp\/v2\/pages\/911\/revisions"}],"predecessor-version":[{"id":1015,"href":"http:\/\/feguars.es\/index.php?rest_route=\/wp\/v2\/pages\/911\/revisions\/1015"}],"up":[{"embeddable":true,"href":"http:\/\/feguars.es\/index.php?rest_route=\/wp\/v2\/pages\/174"}],"wp:featuredmedia":[{"embeddable":true,"href":"http:\/\/feguars.es\/index.php?rest_route=\/wp\/v2\/media\/907"}],"wp:attachment":[{"href":"http:\/\/feguars.es\/index.php?rest_route=%2Fwp%2Fv2%2Fmedia&parent=911"}],"curies":[{"name":"wp","href":"https:\/\/api.w.org\/{rel}","templated":true}]}}