{"id":960,"date":"2017-07-12T14:22:54","date_gmt":"2017-07-12T14:22:54","guid":{"rendered":"http:\/\/feguars.es\/?page_id=960"},"modified":"2019-01-28T16:45:39","modified_gmt":"2019-01-28T16:45:39","slug":"take-this-waltz","status":"publish","type":"page","link":"http:\/\/feguars.es\/?page_id=960","title":{"rendered":"Take this Waltz"},"content":{"rendered":"<p><a href=\"http:\/\/feguars.es\/wp-content\/uploads\/2017\/07\/Take-This-Waltz-114x146-cm.jpg\" data-gallery><img loading=\"lazy\" decoding=\"async\" class=\"aligncenter wp-image-959\" src=\"http:\/\/feguars.es\/wp-content\/uploads\/2017\/07\/Take-This-Waltz-114x146-cm-1024x800.jpg\" alt=\"\" width=\"500\" height=\"391\" srcset=\"http:\/\/feguars.es\/wp-content\/uploads\/2017\/07\/Take-This-Waltz-114x146-cm-1024x800.jpg 1024w, http:\/\/feguars.es\/wp-content\/uploads\/2017\/07\/Take-This-Waltz-114x146-cm-300x234.jpg 300w, http:\/\/feguars.es\/wp-content\/uploads\/2017\/07\/Take-This-Waltz-114x146-cm-768x600.jpg 768w, http:\/\/feguars.es\/wp-content\/uploads\/2017\/07\/Take-This-Waltz-114x146-cm-1148x897.jpg 1148w, http:\/\/feguars.es\/wp-content\/uploads\/2017\/07\/Take-This-Waltz-114x146-cm-384x300.jpg 384w\" sizes=\"auto, (max-width: 500px) 100vw, 500px\" \/><\/a><\/p>\n<p><em>Leonard Cohen compuso la m\u00fasica y la letra, adaptaci\u00f3n en ingl\u00e9s, bas\u00e1ndose en el poema \u00abPeque\u00f1o vals vien\u00e9s\u00bb de Federico Garc\u00eda Lorca<\/em><\/p>\n<p><em>\u00a0<\/em><em>Ahora en Viena hay diez mujeres bonitas<br \/>\n<\/em><em>Hay un hombro donde la Muerte viene a llorar<br \/>\n<\/em><em>Hay un hall de entrada con 900 ventanas<br \/>\n<\/em><em>Hay un \u00e1rbol, donde las palomas van a morir<br \/>\n<\/em><em>Hay un pedazo que fue arrancado de la ma\u00f1ana<br \/>\n<\/em><em>Colgado en la helada Galer\u00eda\u00a0<\/em><\/p>\n<p><em>Ay, Ay, Ay, Ay\u00a0<\/em><\/p>\n<p><em>Toma este vals, toma este vals<br \/>\n<\/em><em>Toma este vals con la pinza de sus mand\u00edbulas<br \/>\n<\/em><em>Oh te quiero, te quiero, te quiero<br \/>\n<\/em><em>En una silla con una revista muerta<br \/>\n<\/em><em>Dentro de la cueva en el extremo del lirio<br \/>\n<\/em><em>En algunos pasillos donde el amor nunca estuvo<br \/>\n<\/em><em>En una cama donde la Luna ha retozado<br \/>\n<\/em><em>En un sollozo lleno de pisadas y arena\u00a0<\/em><\/p>\n<p><em>Ay, Ay, Ay, Ay\u00a0<\/em><\/p>\n<p><em>Toma este vals, toma este vals<br \/>\n<\/em><em>Tomar su cintura rota en la mano<br \/>\n<\/em><em>Este vals, este vals, este vals, este vals<br \/>\n<\/em><em>Con su propio aliento de brandy y Muerte<br \/>\n<\/em><em>&lt;&lt;Hay una sala de conciertos en Viena<br \/>\n<\/em><em>Donde tu boca tuvo mil cr\u00edticas<br \/>\n<\/em><em>Hay un bar donde los chicos han dejado de hablar<br \/>\n<\/em><em>Ellos han sido condenados a muerte por el blues<br \/>\n<\/em><em>Ah, pero \u00bfqui\u00e9n se sube a tu imagen<br \/>\n<\/em><em>con una guirnalda de l\u00e1grimas reci\u00e9n cortadas?\u00a0<\/em><\/p>\n<p><em>Ay, Ay, Ay, Ay\u00a0<\/em><\/p>\n<p><em>Toma este vals, toma este vals<br \/>\n<\/em><em>Toma este vals que ha estado muriendo durante a\u00f1os<br \/>\n<\/em><em>Hay un \u00e1tico donde los ni\u00f1os est\u00e1n jugando<br \/>\n<\/em><em>\u00bfD\u00f3nde tengo que acostarme contigo pronto<br \/>\n<\/em><em>en un sue\u00f1o de linternas h\u00fangaras<br \/>\n<\/em><em>en medio de una tarde dulce<br \/>\n<\/em><em>Y ver\u00e9 lo que has encadenado a tu desdicha<br \/>\n<\/em><em>Todas tus ovejas y tus lirios de nieve\u00a0<\/em><\/p>\n<p><em>Ay, Ay, Ay, Ay\u00a0<\/em><\/p>\n<p><em>Toma este vals, toma este vals<br \/>\n<\/em><em>Con su \u00abyo nunca te olvidar\u00e9, ya sabes\u00bb<br \/>\n<\/em><em>Este vals, este vals, este vals, este vals<br \/>\n<\/em><em>Y bailar\u00e9 contigo en Viena<br \/>\n<\/em><em>Llevar\u00e9 un disfraz de r\u00edo<br \/>\n<\/em><em>El jacinto silvestre en mi hombro<br \/>\n<\/em><em>Mi boca en el roc\u00edo de tus muslos<br \/>\n<\/em><em>Y enterrar\u00e9 mi alma en un libro de recuerdos<br \/>\n<\/em><em>Con las fotograf\u00edas all\u00ed, y el moho<br \/>\n<\/em><em>Y ceder\u00e9 paso a la inundaci\u00f3n de tu belleza<br \/>\n<\/em><em>Mi viol\u00edn barato y mi cruz<br \/>\n<\/em><em>Y t\u00fa me llevar\u00e1s hacia abajo con tu baile<br \/>\n<\/em><em>a las piscinas que levantas en tu mu\u00f1eca<br \/>\n<\/em><em>Oh mi amor, oh mi amor<br \/>\n<\/em><em>Toma este vals, toma este vals<br \/>\n<\/em><em>Es tuyo ahora. Es todo lo que hay<br \/>\n<\/em><\/p>\n<table width=\"94%\">\n<tbody>\n<tr>\n<td width=\"24%\"><strong>T\u00edtulo<\/strong><\/td>\n<td><em>\u00abTake this waltz\u00bb<\/em><\/td>\n<\/tr>\n<tr>\n<td width=\"24%\"><strong>Medidas<\/strong><\/td>\n<td><em>114<\/em> x 146 cm<\/td>\n<\/tr>\n<tr>\n<td width=\"24%\"><strong>T\u00e9cnica<\/strong><\/td>\n<td>\u00d3leo sobre lienzo.<\/td>\n<\/tr>\n<tr>\n<td colspan=\"2\"><strong>Basado en la canci\u00f3n del mismo t\u00edtulo de <em>Leonard Cohen<\/em>.<\/strong><\/td>\n<\/tr>\n<\/tbody>\n<\/table>\n","protected":false},"excerpt":{"rendered":"<p>Leonard Cohen compuso la m\u00fasica y la letra, adaptaci\u00f3n en ingl\u00e9s, bas\u00e1ndose en el poema \u00abPeque\u00f1o vals vien\u00e9s\u00bb de Federico Garc\u00eda Lorca \u00a0Ahora en Viena hay diez mujeres bonitas Hay un hombro donde la Muerte viene a llorar Hay un <span class=\"excerpt-dots\">&hellip;<\/span> <a class=\"more-link\" href=\"http:\/\/feguars.es\/?page_id=960\"><span class=\"more-msg\">Sigue leyendo &rarr;<\/span><\/a><\/p>\n","protected":false},"author":1,"featured_media":959,"parent":174,"menu_order":0,"comment_status":"closed","ping_status":"closed","template":"","meta":{"footnotes":""},"class_list":["post-960","page","type-page","status-publish","has-post-thumbnail","hentry"],"_links":{"self":[{"href":"http:\/\/feguars.es\/index.php?rest_route=\/wp\/v2\/pages\/960","targetHints":{"allow":["GET"]}}],"collection":[{"href":"http:\/\/feguars.es\/index.php?rest_route=\/wp\/v2\/pages"}],"about":[{"href":"http:\/\/feguars.es\/index.php?rest_route=\/wp\/v2\/types\/page"}],"author":[{"embeddable":true,"href":"http:\/\/feguars.es\/index.php?rest_route=\/wp\/v2\/users\/1"}],"replies":[{"embeddable":true,"href":"http:\/\/feguars.es\/index.php?rest_route=%2Fwp%2Fv2%2Fcomments&post=960"}],"version-history":[{"count":2,"href":"http:\/\/feguars.es\/index.php?rest_route=\/wp\/v2\/pages\/960\/revisions"}],"predecessor-version":[{"id":1402,"href":"http:\/\/feguars.es\/index.php?rest_route=\/wp\/v2\/pages\/960\/revisions\/1402"}],"up":[{"embeddable":true,"href":"http:\/\/feguars.es\/index.php?rest_route=\/wp\/v2\/pages\/174"}],"wp:featuredmedia":[{"embeddable":true,"href":"http:\/\/feguars.es\/index.php?rest_route=\/wp\/v2\/media\/959"}],"wp:attachment":[{"href":"http:\/\/feguars.es\/index.php?rest_route=%2Fwp%2Fv2%2Fmedia&parent=960"}],"curies":[{"name":"wp","href":"https:\/\/api.w.org\/{rel}","templated":true}]}}