{"id":102,"date":"2015-04-27T14:53:11","date_gmt":"2015-04-27T14:53:11","guid":{"rendered":"http:\/\/feguars.es\/?page_id=102"},"modified":"2015-04-27T14:53:11","modified_gmt":"2015-04-27T14:53:11","slug":"antonio-malmo","status":"publish","type":"page","link":"https:\/\/feguars.es\/?page_id=102","title":{"rendered":"Antonio Malmo"},"content":{"rendered":"<p>\u201cEstoy muy contento de poder escribir algunas notas cr\u00edticas sobre la personalidad y sobre la excelente calidad de las obras del artista espa\u00f1ol Joaqu\u00edn Ferrer Guallar (FEGUARS), por la singularidad y por la explosi\u00f3n de los luminosos colores que conllevan\u00a0 una musicalidad interior que podemos notar y apreciar en cada una de sus composiciones.<\/p>\n<p>Una alegr\u00eda infinita, una participaci\u00f3n emotiva de notable intensidad parece apoderarse de nuestro artista.<\/p>\n<p>Su pintura podr\u00edamos acercarla a la corriente de la abstracci\u00f3n geom\u00e9trica, mas debemos reconocer que sus modelos expresivos son bien diferentes, sobre todo, la pintura de Feguars es de pura entonaci\u00f3n l\u00edrica, rica en una sensibilidad extrema en la diferenciaci\u00f3n de los temas, de los sue\u00f1os y de los pensamientos.<\/p>\n<p>Me parece oportuno subrayar que en la base de su operaci\u00f3n art\u00edstica y cultural est\u00e1n bien presentes su coherencia de hombre y artista al inicio del tercer Milenio, su inflexibilidad moral, su deseo de ver una realidad m\u00e1s humanamente rica en espiritualidad y en valores eternos, aquellos mismos que han guiado a la Humanidad hacia el verdadero progreso de la sociedad actual.<\/p>\n<p>Joaqu\u00edn Ferrer Guallar ha creado una simbolog\u00eda, un estilo muy personal, si consideramos que la amalgama de los colores se impone por armon\u00eda y delicadeza. La frescura de las im\u00e1genes, la luminosidad de las atm\u00f3sferas son casi una invitaci\u00f3n a coger las Bellezas del Universo para apreciar el verdadero significado de la existencia. Joaqu\u00edn Ferrer ha merecido en el pasado la notable aprobaci\u00f3n del p\u00fablico y de la cr\u00edtica y, estoy seguro que en adelante sus opiniones ser\u00e1n todav\u00eda m\u00e1s favorables porque su pintura es genuina, espont\u00e1nea y tiene mucho \u00e9xito para implicarnos a todos en su mundo rico en poes\u00eda\u201d.<\/p>\n<p><strong>Antonio Malmo.<br \/>\nCr\u00edtico de Arte y Miembro de la redacci\u00f3n de la revista Academia di Firenze.<\/strong><\/p>\n","protected":false},"excerpt":{"rendered":"<p>\u201cEstoy muy contento de poder escribir algunas notas cr\u00edticas sobre la personalidad y sobre la excelente calidad de las obras del artista espa\u00f1ol Joaqu\u00edn Ferrer Guallar (FEGUARS), por la singularidad y por la explosi\u00f3n de los luminosos colores que conllevan\u00a0 <span class=\"excerpt-dots\">&hellip;<\/span> <a class=\"more-link\" href=\"https:\/\/feguars.es\/?page_id=102\"><span class=\"more-msg\">Sigue leyendo &rarr;<\/span><\/a><\/p>\n","protected":false},"author":1,"featured_media":0,"parent":100,"menu_order":0,"comment_status":"closed","ping_status":"open","template":"","meta":{"footnotes":""},"class_list":["post-102","page","type-page","status-publish","hentry"],"_links":{"self":[{"href":"https:\/\/feguars.es\/index.php?rest_route=\/wp\/v2\/pages\/102","targetHints":{"allow":["GET"]}}],"collection":[{"href":"https:\/\/feguars.es\/index.php?rest_route=\/wp\/v2\/pages"}],"about":[{"href":"https:\/\/feguars.es\/index.php?rest_route=\/wp\/v2\/types\/page"}],"author":[{"embeddable":true,"href":"https:\/\/feguars.es\/index.php?rest_route=\/wp\/v2\/users\/1"}],"replies":[{"embeddable":true,"href":"https:\/\/feguars.es\/index.php?rest_route=%2Fwp%2Fv2%2Fcomments&post=102"}],"version-history":[{"count":1,"href":"https:\/\/feguars.es\/index.php?rest_route=\/wp\/v2\/pages\/102\/revisions"}],"predecessor-version":[{"id":103,"href":"https:\/\/feguars.es\/index.php?rest_route=\/wp\/v2\/pages\/102\/revisions\/103"}],"up":[{"embeddable":true,"href":"https:\/\/feguars.es\/index.php?rest_route=\/wp\/v2\/pages\/100"}],"wp:attachment":[{"href":"https:\/\/feguars.es\/index.php?rest_route=%2Fwp%2Fv2%2Fmedia&parent=102"}],"curies":[{"name":"wp","href":"https:\/\/api.w.org\/{rel}","templated":true}]}}