{"id":104,"date":"2015-04-27T15:00:45","date_gmt":"2015-04-27T15:00:45","guid":{"rendered":"http:\/\/feguars.es\/?page_id=104"},"modified":"2015-04-27T16:09:43","modified_gmt":"2015-04-27T16:09:43","slug":"jose-morata","status":"publish","type":"page","link":"https:\/\/feguars.es\/?page_id=104","title":{"rendered":"Jos\u00e9 Morata"},"content":{"rendered":"<p>Joaqu\u00edn Ferrer Guallar (Feguars) desarrolla un universo creativo muy personal, extraordinariamente l\u00edrico y variado, donde en cada obra existen componentes relacionados con la realidad y que se insertan en el cuadro de una forma coherente, natural y m\u00e1gica en el conjunto compositivo de \u00e9ste. Dichas composiciones, muy bien orquestadas, tienen claras referencias musicales en la mayor\u00eda de los casos. La m\u00fasica y la pintura se funden magistralmente en los cuadros de Feguars. Los ritmos establecidos por las formas geom\u00e9tricas, variados y sugerentes, se estructuran en grandes espacios c\u00f3smicos e infinitos . Los elementos formales hacen honor a los temas tratados y todo contribuye a reafirmar la solidez compositiva y a la brillantez crom\u00e1tica. Como encontramos en sus obras. \u201c La Ma\u00f1ana\u201d inspirada en la composici\u00f3n musical de Grieg. .\u201dSerenata\u201d, en la m\u00fasica de Glenn Miller. \u201cPreludio\u201d, en la canci\u00f3n de Lu\u00eds Eduardo Aute. \u201cLa casa del Sol Naciente\u201d, inspirada en la canci\u00f3n de The Animals y Joan Baez. \u201cBlanco Sat\u00e9n\u201d, en la canci\u00f3n de Mody Blues. \u201cVolver en vino\u201d, en la canci\u00f3n de Horacio Guaran\u00ed. \u201c Carros de Fuego\u201d, en la m\u00fasica de V\u00e1ngelis. \u201c Seducci\u00f3n\u201d en la de Joaqu\u00edn Turina. Y as\u00ed un largo etc\u00e9tera.<\/p>\n<p>En todas ellas, se percibe una rotundidad plena en las formas, dentro de un estilo y un lenguaje pl\u00e1stico, personal y basado en sus profundos conocimientos sobre los factores expresivos de la Abstracci\u00f3n Geom\u00e9trica , aplicada en unas formas que r\u00edtmicamente se relacionan entre s\u00ed por medio de planos estructurados en perfecto equilibrio, y donde las claves de cada tema son perfectamente identificables.<\/p>\n<p>La sinfon\u00eda crom\u00e1tica se concreta en cada caso de forma magistral, siendo este aspecto, junto a la t\u00e9cnica de ejecuci\u00f3n, los factores primordiales que determinan que sus obras sean din\u00e1micas, vibrantes, luminosas y expansivas. As\u00ed pues, la belleza del cromatismo, es en Feguars una constante ambiciosa, que se expande en sus cuadros, como en espacios de ensue\u00f1o infinitos y m\u00e1gicos. Sonidos penetrantes y profundos los de la pintura de Joaqu\u00edn Ferrer Guallar, que caprichosamente se canalizan hacia nuestros sentidos embriag\u00e1ndonos con melod\u00edas hermosas, serenas y n\u00edtidas como los sonidos de las m\u00fasicas y canciones que \u00e9l ama y disfruta.<\/p>\n<h5><b>Jos\u00e9 Morata Moya<br \/>\nCoordinador de la Comisi\u00f3n de Exposiciones del C\u00edrculo de Arte de Toledo.<br \/>\nLicenciado en Bellas Artes por la Universidad Complutense de Madrid.<\/b><\/h5>\n","protected":false},"excerpt":{"rendered":"<p>Joaqu\u00edn Ferrer Guallar (Feguars) desarrolla un universo creativo muy personal, extraordinariamente l\u00edrico y variado, donde en cada obra existen componentes relacionados con la realidad y que se insertan en el cuadro de una forma coherente, natural y m\u00e1gica en el <span class=\"excerpt-dots\">&hellip;<\/span> <a class=\"more-link\" href=\"https:\/\/feguars.es\/?page_id=104\"><span class=\"more-msg\">Sigue leyendo &rarr;<\/span><\/a><\/p>\n","protected":false},"author":1,"featured_media":116,"parent":100,"menu_order":0,"comment_status":"closed","ping_status":"open","template":"","meta":{"footnotes":""},"class_list":["post-104","page","type-page","status-publish","has-post-thumbnail","hentry"],"_links":{"self":[{"href":"https:\/\/feguars.es\/index.php?rest_route=\/wp\/v2\/pages\/104","targetHints":{"allow":["GET"]}}],"collection":[{"href":"https:\/\/feguars.es\/index.php?rest_route=\/wp\/v2\/pages"}],"about":[{"href":"https:\/\/feguars.es\/index.php?rest_route=\/wp\/v2\/types\/page"}],"author":[{"embeddable":true,"href":"https:\/\/feguars.es\/index.php?rest_route=\/wp\/v2\/users\/1"}],"replies":[{"embeddable":true,"href":"https:\/\/feguars.es\/index.php?rest_route=%2Fwp%2Fv2%2Fcomments&post=104"}],"version-history":[{"count":3,"href":"https:\/\/feguars.es\/index.php?rest_route=\/wp\/v2\/pages\/104\/revisions"}],"predecessor-version":[{"id":107,"href":"https:\/\/feguars.es\/index.php?rest_route=\/wp\/v2\/pages\/104\/revisions\/107"}],"up":[{"embeddable":true,"href":"https:\/\/feguars.es\/index.php?rest_route=\/wp\/v2\/pages\/100"}],"wp:featuredmedia":[{"embeddable":true,"href":"https:\/\/feguars.es\/index.php?rest_route=\/wp\/v2\/media\/116"}],"wp:attachment":[{"href":"https:\/\/feguars.es\/index.php?rest_route=%2Fwp%2Fv2%2Fmedia&parent=104"}],"curies":[{"name":"wp","href":"https:\/\/api.w.org\/{rel}","templated":true}]}}