{"id":108,"date":"2015-04-27T15:26:09","date_gmt":"2015-04-27T15:26:09","guid":{"rendered":"http:\/\/feguars.es\/?page_id=108"},"modified":"2015-04-27T15:57:46","modified_gmt":"2015-04-27T15:57:46","slug":"luis-eduardo-aute","status":"publish","type":"page","link":"https:\/\/feguars.es\/?page_id=108","title":{"rendered":"Luis Eduardo Aute"},"content":{"rendered":"<p>La pintura de Joaqu\u00edn Ferrer Guallar (Feguars) es una <em>rara avis <\/em>dentro del panorama de lo que es habitual en Espa\u00f1a, no s\u00f3lo por su propuesta est\u00e9tica, alejada de cualquier vanguardismo gratuito y a la moda, sino por dos conceptos muy ins\u00f3litos en la pintura.<\/p>\n<p>En su andamiaje creativo entran en juego (lo l\u00fadico es esencial en su trabajo), dos elementos muy sorprendentes e inusuales: la magia y la m\u00fasica. La pintura de Ferrer, por lo menos la que conozco desde hace algunos a\u00f1os, juega con esos elementos como la materia estructural del universo que ha ido creando.<\/p>\n<p>Sus fr\u00e1giles geometr\u00edas, sus delicados colores, sus tramposas abstraciones, van construyendo espacios m\u00e1gicos llenos de ritmos y armon\u00edas musicales. La disposici\u00f3n de sus iconos provocan ilusiones \u00f3pticas que se escuchan. Son representaciones escenogr\u00e1ficas donde el artista, con la pericia del prestidigitador, compone vibraciones sonoras en din\u00e1micos pero sutiles conflictos formales.<\/p>\n<p>Hay evidentes resonancias del Klee m\u00e1s ingenuo, del Mir\u00f3 m\u00e1s alegre, del Vasarely m\u00e1s po\u00e9tico. Pero con todas esas resonancias, el artista crea un sonido nuevo, distinto, riqu\u00edsimo en timbres y modulaciones, radicalmente personal. Las notas de la partitura que Ferrer ha pintado tejen melod\u00edas atonales de ruidos y silencios en amable colisi\u00f3n po\u00e9tica. La magia de la m\u00fasica, la m\u00fasica de la magia &#8230;<\/p>\n<p>De su chistera de estrellas, Ferrer saca universos inveros\u00edmiles pero tan reales como los sue\u00f1os.<\/p>\n<p>As\u00ed pinta este artista, con la materia de los sue\u00f1os.<\/p>\n<p><a href=\"https:\/\/www.facebook.com\/pages\/Luis-Eduardo-Aute\/113173798693332?fref=ts\" target=\"_blank\"><em>Luis Eduardo <\/em>Aute<\/a><br \/>\n<a href=\"https:\/\/www.facebook.com\/pages\/Luis-Eduardo-Aute\/113173798693332?fref=ts\" target=\"_blank\"> m\u00fasico,<span class=\"Apple-converted-space\">\u00a0<\/span>cantautor,<span class=\"Apple-converted-space\">\u00a0<\/span>director de cine,<span class=\"Apple-converted-space\">\u00a0<\/span>actor,<span class=\"Apple-converted-space\">\u00a0<\/span>escultor,<span class=\"Apple-converted-space\">\u00a0<\/span>escritor,<span class=\"Apple-converted-space\">\u00a0<\/span>pintor<span class=\"Apple-converted-space\">\u00a0<\/span>y<span class=\"Apple-converted-space\">\u00a0<\/span>poeta<span class=\"Apple-converted-space\">\u00a0<\/span>espa\u00f1ol<\/a><\/p>\n<p><a href=\"https:\/\/www.facebook.com\/pages\/Luis-Eduardo-Aute\/113173798693332?fref=ts\" target=\"_blank\"><img loading=\"lazy\" decoding=\"async\" class=\"aligncenter wp-image-111 size-full\" src=\"http:\/\/feguars.es\/wp-content\/uploads\/2015\/04\/LuisEduardoAute.jpg\" alt=\"LuisEduardoAute\" width=\"264\" height=\"264\" srcset=\"https:\/\/feguars.es\/wp-content\/uploads\/2015\/04\/LuisEduardoAute.jpg 264w, https:\/\/feguars.es\/wp-content\/uploads\/2015\/04\/LuisEduardoAute-150x150.jpg 150w, https:\/\/feguars.es\/wp-content\/uploads\/2015\/04\/LuisEduardoAute-200x200.jpg 200w\" sizes=\"auto, (max-width: 264px) 100vw, 264px\" \/><\/a><\/p>\n","protected":false},"excerpt":{"rendered":"<p>La pintura de Joaqu\u00edn Ferrer Guallar (Feguars) es una rara avis dentro del panorama de lo que es habitual en Espa\u00f1a, no s\u00f3lo por su propuesta est\u00e9tica, alejada de cualquier vanguardismo gratuito y a la moda, sino por dos conceptos <span class=\"excerpt-dots\">&hellip;<\/span> <a class=\"more-link\" href=\"https:\/\/feguars.es\/?page_id=108\"><span class=\"more-msg\">Sigue leyendo &rarr;<\/span><\/a><\/p>\n","protected":false},"author":1,"featured_media":111,"parent":100,"menu_order":0,"comment_status":"closed","ping_status":"open","template":"","meta":{"footnotes":""},"class_list":["post-108","page","type-page","status-publish","has-post-thumbnail","hentry"],"_links":{"self":[{"href":"https:\/\/feguars.es\/index.php?rest_route=\/wp\/v2\/pages\/108","targetHints":{"allow":["GET"]}}],"collection":[{"href":"https:\/\/feguars.es\/index.php?rest_route=\/wp\/v2\/pages"}],"about":[{"href":"https:\/\/feguars.es\/index.php?rest_route=\/wp\/v2\/types\/page"}],"author":[{"embeddable":true,"href":"https:\/\/feguars.es\/index.php?rest_route=\/wp\/v2\/users\/1"}],"replies":[{"embeddable":true,"href":"https:\/\/feguars.es\/index.php?rest_route=%2Fwp%2Fv2%2Fcomments&post=108"}],"version-history":[{"count":6,"href":"https:\/\/feguars.es\/index.php?rest_route=\/wp\/v2\/pages\/108\/revisions"}],"predecessor-version":[{"id":115,"href":"https:\/\/feguars.es\/index.php?rest_route=\/wp\/v2\/pages\/108\/revisions\/115"}],"up":[{"embeddable":true,"href":"https:\/\/feguars.es\/index.php?rest_route=\/wp\/v2\/pages\/100"}],"wp:featuredmedia":[{"embeddable":true,"href":"https:\/\/feguars.es\/index.php?rest_route=\/wp\/v2\/media\/111"}],"wp:attachment":[{"href":"https:\/\/feguars.es\/index.php?rest_route=%2Fwp%2Fv2%2Fmedia&parent=108"}],"curies":[{"name":"wp","href":"https:\/\/api.w.org\/{rel}","templated":true}]}}