{"id":1096,"date":"2019-01-25T16:17:27","date_gmt":"2019-01-25T16:17:27","guid":{"rendered":"http:\/\/feguars.es\/?page_id=1096"},"modified":"2019-01-28T17:33:25","modified_gmt":"2019-01-28T17:33:25","slug":"luis-alegre","status":"publish","type":"page","link":"https:\/\/feguars.es\/?page_id=1096","title":{"rendered":"Luis Alegre Saz"},"content":{"rendered":"\r\n<p>Joaqu\u00edn Ferrer se ha demostrado como alguien muy sensible y comprometido que, en su pintura, rinde maravillosos tributos a los artistas y obras que de forma tan intensa han conformado su manera de ver el mundo. Los cuadros dedicados a los temas de pel\u00edculas como \u201cCantando bajo la lluvia\u201d o \u201cEl mago de Oz\u201d, a las m\u00fasicas que compuso Ennio Morricone para las bandas sonoras de \u201cLa Misi\u00f3n\u201d y \u201cCinema Paradiso\u201d o a joyas como \u201cPalabras para Julia\u201d, \u201cGracias a la vida\u201d, \u201cCanci\u00f3n para Pilar\u201d, \u201cAquellas peque\u00f1as cosas\u201d, \u201cHallelujah\u201d o \u201cRosas en el mar\u201d son un alarde de imaginaci\u00f3n, vitalidad, color, alegr\u00eda, belleza y personalidad y consiguen algo fabuloso: darle a esas piezas otra vida, provocar que las escuchemos de otra manera. Son especialmente emotivas e impactantes las pinturas dedicadas a \u201cMe gustar\u00eda darte el mar\u201d, una balada muy hermosa de Carbonell, o a varias canciones de Labordeta, por el que Ferrer revela una debilidad compartida por tantos espa\u00f1oles y, en particular, aragoneses.<\/p>\r\n\r\n\r\n\r\n<p>Joaqu\u00edn Ferrer naci\u00f3 en Caspe, Zaragoza, en 1953. Pertenece a una generaci\u00f3n cuya educaci\u00f3n sentimental fue trastornada, en el mejor sentido de la palabra, por el cine y, en el caso de los m\u00e1s sensibles y comprometidos, por el fen\u00f3meno de la canci\u00f3n de autor que brill\u00f3 desde los a\u00f1os 60. Las canciones de Paco Ib\u00e1\u00f1ez, Joan Manuel Serrat, V\u00edctor Manuel, Luis Eduardo Aute, Leonard Cohen, Violeta Parra, Joaqu\u00edn Carbonell o Jos\u00e9 Antonio Labordeta forman parte del imaginario emocional de mucha gente.<\/p>\r\n\r\n\r\n\r\n<p>\u00a0La aspiraci\u00f3n de cualquier artista es crear un mundo y exhibir un estilo que resulten genuinos e identificables. No cabe duda de que Joaqu\u00edn Ferrer es un gran artista. Y un esp\u00edritu agradecido con algunas de las mejores cosas de su vida.<\/p>\r\n<p><a href=\"https:\/\/es.wikipedia.org\/wiki\/Luis_Alegre_Saz\" target=\"_blank\" rel=\"noopener\"><img loading=\"lazy\" decoding=\"async\" class=\"aligncenter wp-image-1417 size-full\" src=\"http:\/\/feguars.es\/wp-content\/uploads\/2019\/01\/images.jpg\" alt=\"\" width=\"180\" height=\"279\" \/><\/a><\/p>\r\n","protected":false},"excerpt":{"rendered":"<p>Joaqu\u00edn Ferrer se ha demostrado como alguien muy sensible y comprometido que, en su pintura, rinde maravillosos tributos a los artistas y obras que de forma tan intensa han conformado su manera de ver el mundo. Los cuadros dedicados a <span class=\"excerpt-dots\">&hellip;<\/span> <a class=\"more-link\" href=\"https:\/\/feguars.es\/?page_id=1096\"><span class=\"more-msg\">Sigue leyendo &rarr;<\/span><\/a><\/p>\n","protected":false},"author":1,"featured_media":0,"parent":100,"menu_order":0,"comment_status":"closed","ping_status":"closed","template":"","meta":{"footnotes":""},"class_list":["post-1096","page","type-page","status-publish","hentry"],"_links":{"self":[{"href":"https:\/\/feguars.es\/index.php?rest_route=\/wp\/v2\/pages\/1096","targetHints":{"allow":["GET"]}}],"collection":[{"href":"https:\/\/feguars.es\/index.php?rest_route=\/wp\/v2\/pages"}],"about":[{"href":"https:\/\/feguars.es\/index.php?rest_route=\/wp\/v2\/types\/page"}],"author":[{"embeddable":true,"href":"https:\/\/feguars.es\/index.php?rest_route=\/wp\/v2\/users\/1"}],"replies":[{"embeddable":true,"href":"https:\/\/feguars.es\/index.php?rest_route=%2Fwp%2Fv2%2Fcomments&post=1096"}],"version-history":[{"count":3,"href":"https:\/\/feguars.es\/index.php?rest_route=\/wp\/v2\/pages\/1096\/revisions"}],"predecessor-version":[{"id":1419,"href":"https:\/\/feguars.es\/index.php?rest_route=\/wp\/v2\/pages\/1096\/revisions\/1419"}],"up":[{"embeddable":true,"href":"https:\/\/feguars.es\/index.php?rest_route=\/wp\/v2\/pages\/100"}],"wp:attachment":[{"href":"https:\/\/feguars.es\/index.php?rest_route=%2Fwp%2Fv2%2Fmedia&parent=1096"}],"curies":[{"name":"wp","href":"https:\/\/api.w.org\/{rel}","templated":true}]}}