{"id":1101,"date":"2019-01-25T16:22:34","date_gmt":"2019-01-25T16:22:34","guid":{"rendered":"http:\/\/feguars.es\/?page_id=1101"},"modified":"2019-01-25T16:22:37","modified_gmt":"2019-01-25T16:22:37","slug":"luis-garcia-gil","status":"publish","type":"page","link":"https:\/\/feguars.es\/?page_id=1101","title":{"rendered":"Luis Garc\u00eda Gil"},"content":{"rendered":"\n<p><strong>MIRAR UN CUADRO<\/strong><\/p>\n\n\n\n<p>Mirar\nun cuadro como si nos mir\u00e1ramos a nosotros mismos. Habit\u00e1ndolo con los ojos, con\nla pupila intacta, rescatando la melod\u00eda infinita de su paleta sonora. Los\ncuadros de Joaqu\u00edn Ferrer Guallar alias Feguars cantan. Nos llevan a un\nterritorio de poes\u00eda cantada, de trovadores, de bardos con guitarra. Canciones\nque nos hicieron indudablemente mejores, canciones que inspiran, que portan un\nlienzo donde el color y el trazo arrojan su verdad \u00edntima, despojada de artificios.\n<\/p>\n\n\n\n<p>La\npintura de Joaqu\u00edn Ferrer dialoga con los cantautores, homenajea a quienes\ndieron luz y cobijo con sus canciones en tiempos intrincados. Uno se asoma a su\npintura y es como si un balc\u00f3n abierto desmenuzara un paisaje lleno de\nhallazgos. Se pinta como se sue\u00f1a y el artista escoge el color como el poeta\nescoge el verso que d\u00e9 cuerda al poema y le otorgue sentido. <\/p>\n\n\n\n<p>Mirar\nun cuadro, escuchar una canci\u00f3n. Escoger el modo de sentirnos retratados,\nconcernidos, cuando el arte es verdadero, palpitante. Y el del amigo Feguars\nindudablemente lo es, &nbsp;arte verdadero y\npalpitante. <\/p>\n\n\n\n<p>Luis Garc\u00eda Gil <\/p>\n\n\n\n<figure class=\"wp-block-image\"><img loading=\"lazy\" decoding=\"async\" width=\"1500\" height=\"1500\" src=\"https:\/\/i0.wp.com\/feguars.es\/wp-content\/uploads\/2019\/01\/LuisGarciaGil.jpg?fit=1024%2C1024\" alt=\"\" class=\"wp-image-1103\" srcset=\"https:\/\/feguars.es\/wp-content\/uploads\/2019\/01\/LuisGarciaGil.jpg 1500w, https:\/\/feguars.es\/wp-content\/uploads\/2019\/01\/LuisGarciaGil-150x150.jpg 150w, https:\/\/feguars.es\/wp-content\/uploads\/2019\/01\/LuisGarciaGil-300x300.jpg 300w, https:\/\/feguars.es\/wp-content\/uploads\/2019\/01\/LuisGarciaGil-768x768.jpg 768w, https:\/\/feguars.es\/wp-content\/uploads\/2019\/01\/LuisGarciaGil-1024x1024.jpg 1024w, https:\/\/feguars.es\/wp-content\/uploads\/2019\/01\/LuisGarciaGil-1148x1148.jpg 1148w\" sizes=\"auto, (max-width: 1500px) 100vw, 1500px\" \/><figcaption>Luis Garc\u00edaGil<\/figcaption><\/figure>\n","protected":false},"excerpt":{"rendered":"<p>MIRAR UN CUADRO Mirar un cuadro como si nos mir\u00e1ramos a nosotros mismos. Habit\u00e1ndolo con los ojos, con la pupila intacta, rescatando la melod\u00eda infinita de su paleta sonora. Los cuadros de Joaqu\u00edn Ferrer Guallar alias Feguars cantan. Nos llevan <span class=\"excerpt-dots\">&hellip;<\/span> <a class=\"more-link\" href=\"https:\/\/feguars.es\/?page_id=1101\"><span class=\"more-msg\">Sigue leyendo &rarr;<\/span><\/a><\/p>\n","protected":false},"author":1,"featured_media":0,"parent":100,"menu_order":0,"comment_status":"closed","ping_status":"closed","template":"","meta":{"footnotes":""},"class_list":["post-1101","page","type-page","status-publish","hentry"],"_links":{"self":[{"href":"https:\/\/feguars.es\/index.php?rest_route=\/wp\/v2\/pages\/1101","targetHints":{"allow":["GET"]}}],"collection":[{"href":"https:\/\/feguars.es\/index.php?rest_route=\/wp\/v2\/pages"}],"about":[{"href":"https:\/\/feguars.es\/index.php?rest_route=\/wp\/v2\/types\/page"}],"author":[{"embeddable":true,"href":"https:\/\/feguars.es\/index.php?rest_route=\/wp\/v2\/users\/1"}],"replies":[{"embeddable":true,"href":"https:\/\/feguars.es\/index.php?rest_route=%2Fwp%2Fv2%2Fcomments&post=1101"}],"version-history":[{"count":1,"href":"https:\/\/feguars.es\/index.php?rest_route=\/wp\/v2\/pages\/1101\/revisions"}],"predecessor-version":[{"id":1104,"href":"https:\/\/feguars.es\/index.php?rest_route=\/wp\/v2\/pages\/1101\/revisions\/1104"}],"up":[{"embeddable":true,"href":"https:\/\/feguars.es\/index.php?rest_route=\/wp\/v2\/pages\/100"}],"wp:attachment":[{"href":"https:\/\/feguars.es\/index.php?rest_route=%2Fwp%2Fv2%2Fmedia&parent=1101"}],"curies":[{"name":"wp","href":"https:\/\/api.w.org\/{rel}","templated":true}]}}