{"id":1234,"date":"2019-01-25T18:22:14","date_gmt":"2019-01-25T18:22:14","guid":{"rendered":"http:\/\/feguars.es\/?page_id=1234"},"modified":"2019-01-25T18:22:16","modified_gmt":"2019-01-25T18:22:16","slug":"candilejas","status":"publish","type":"page","link":"https:\/\/feguars.es\/?page_id=1234","title":{"rendered":"Candilejas"},"content":{"rendered":"\n<ul class=\"wp-block-gallery columns-1 is-cropped wp-block-gallery-1 is-layout-flex wp-block-gallery-is-layout-flex\"><li class=\"blocks-gallery-item\"><figure><a href=\"http:\/\/feguars.es\/?attachment_id=1237\"><img loading=\"lazy\" decoding=\"async\" width=\"1024\" height=\"784\" src=\"http:\/\/feguars.es\/wp-content\/uploads\/2019\/01\/Candilejas-1024x784.jpg\" alt=\"\" data-id=\"1237\" data-link=\"http:\/\/feguars.es\/?attachment_id=1237\" class=\"wp-image-1237\" srcset=\"https:\/\/feguars.es\/wp-content\/uploads\/2019\/01\/Candilejas-1024x784.jpg 1024w, https:\/\/feguars.es\/wp-content\/uploads\/2019\/01\/Candilejas-300x230.jpg 300w, https:\/\/feguars.es\/wp-content\/uploads\/2019\/01\/Candilejas-768x588.jpg 768w, https:\/\/feguars.es\/wp-content\/uploads\/2019\/01\/Candilejas-1148x879.jpg 1148w, https:\/\/feguars.es\/wp-content\/uploads\/2019\/01\/Candilejas-392x300.jpg 392w, https:\/\/feguars.es\/wp-content\/uploads\/2019\/01\/Candilejas.jpg 2048w\" sizes=\"auto, (max-width: 1024px) 100vw, 1024px\" \/><\/a><\/figure><\/li><\/ul>\n\n\n\n<p><strong>T\u00edtulo: \u201dCANDILEJAS\u201d.<\/strong><br><strong>Medidas: 89&#215;116 Cm.<\/strong><br><strong>T\u00e9cnica: \u00d3leo sobre lienzo.<\/strong><\/p>\n\n\n\n<p>Basado en la BSO de la pel\u00edcula \u00abCandilejas\u00bb de Charles Chaplin. <\/p>\n","protected":false},"excerpt":{"rendered":"<p>T\u00edtulo: \u201dCANDILEJAS\u201d.Medidas: 89&#215;116 Cm.T\u00e9cnica: \u00d3leo sobre lienzo. Basado en la BSO de la pel\u00edcula \u00abCandilejas\u00bb de Charles Chaplin.<\/p>\n <a class=\"more-link\" href=\"https:\/\/feguars.es\/?page_id=1234\"><span class=\"more-msg\">Sigue leyendo &rarr;<\/span><\/a>","protected":false},"author":1,"featured_media":1237,"parent":174,"menu_order":0,"comment_status":"closed","ping_status":"closed","template":"","meta":{"footnotes":""},"class_list":["post-1234","page","type-page","status-publish","has-post-thumbnail","hentry"],"_links":{"self":[{"href":"https:\/\/feguars.es\/index.php?rest_route=\/wp\/v2\/pages\/1234","targetHints":{"allow":["GET"]}}],"collection":[{"href":"https:\/\/feguars.es\/index.php?rest_route=\/wp\/v2\/pages"}],"about":[{"href":"https:\/\/feguars.es\/index.php?rest_route=\/wp\/v2\/types\/page"}],"author":[{"embeddable":true,"href":"https:\/\/feguars.es\/index.php?rest_route=\/wp\/v2\/users\/1"}],"replies":[{"embeddable":true,"href":"https:\/\/feguars.es\/index.php?rest_route=%2Fwp%2Fv2%2Fcomments&post=1234"}],"version-history":[{"count":1,"href":"https:\/\/feguars.es\/index.php?rest_route=\/wp\/v2\/pages\/1234\/revisions"}],"predecessor-version":[{"id":1242,"href":"https:\/\/feguars.es\/index.php?rest_route=\/wp\/v2\/pages\/1234\/revisions\/1242"}],"up":[{"embeddable":true,"href":"https:\/\/feguars.es\/index.php?rest_route=\/wp\/v2\/pages\/174"}],"wp:featuredmedia":[{"embeddable":true,"href":"https:\/\/feguars.es\/index.php?rest_route=\/wp\/v2\/media\/1237"}],"wp:attachment":[{"href":"https:\/\/feguars.es\/index.php?rest_route=%2Fwp%2Fv2%2Fmedia&parent=1234"}],"curies":[{"name":"wp","href":"https:\/\/api.w.org\/{rel}","templated":true}]}}