{"id":127,"date":"2015-04-27T16:45:28","date_gmt":"2015-04-27T16:45:28","guid":{"rendered":"http:\/\/feguars.es\/?page_id=127"},"modified":"2015-04-27T16:45:51","modified_gmt":"2015-04-27T16:45:51","slug":"en-el-punto-de-las-artes","status":"publish","type":"page","link":"https:\/\/feguars.es\/?page_id=127","title":{"rendered":"En el Punto de las Artes."},"content":{"rendered":"<p><strong>Mundos\u00a0on\u00edricos\u00a0de Joaqu\u00edn Ferrer Guallar<\/strong><\/p>\n<p style=\"text-align: justify;\">\u00a0\u00a0\u00a0 La rica diversidad de la obra pict\u00f3rica de Feguars, Joaqu\u00edn Ferrer Guallar (1953, Caspe, Zaragoza) hace dif\u00edcil identificarlo exclusivamente con un posicionamiento geom\u00e9trico. La estructuraci\u00f3n regular de sus composiciones se acent\u00faa o se atempera, seg\u00fan considere, y en sus cuadros llegan incluso a aparecer formas org\u00e1nicas, que evocan figuras o fant\u00e1sticos universos, desbordando los l\u00edmites abstractos y entrando sutilmente en el \u00e1mbito figurativo. En cualquier caso, este proceso se lleva a cabo con una firmeza muy calculada, pues en la obra de Feguars no tiene lugar lo azaroso, y todo viene regido por un dibujo definido que se desarrolla sobre un espacio bidimensional.<\/p>\n<p style=\"text-align: justify;\">El artista emplea un lenguaje vibrante, de simples l\u00edneas y exquisitos cromatismos, que desarrolla unos trabajos introspectivos, po\u00e9ticos y sublimes. Semejante combinaci\u00f3n de signos, muchas veces entrelazados y superpuestos afectivamente, hacen que su obra se lea como un paisaje imaginario donde las formas parecen flotar en una atm\u00f3sfera sosegada. En este sentido, las figuras parecen surgir unas de otras, provocando un movimiento visual que siempre se desarrolla r\u00edtmicamente, como instruido por el comp\u00e1s de un director de orquesta. Esta manera de hacer, en el que se simplifican al m\u00e1ximo las cualidades expresivas, recuerda a planteamientos puramente na\u00eff, entendiendo esto \u00faltimo como pintura construida inteligentemente y donde se ha eliminado lo anecd\u00f3tico como b\u00fasqueda de la pureza formal.<\/p>\n<p style=\"text-align: justify;\">El resultado de todo este proceso pl\u00e1stico es una suerte de lenguaje secreto, compuesto de formulas estrictamente visuales, que el artista presenta al entendimiento del espectador. Habil\u00edsimo creador de formas, Feguars mantiene un compromiso con un determinado modo de hacer, poniendo el acento en la elegancia visual y el lirismo de unas composiciones firmemente urdidas.<\/p>\n<p style=\"text-align: justify;\">De formaci\u00f3n autodidacta, Joaqu\u00edn Ferrer Guallar ha realizado diversas muestras individuales en ciudades como Zaragoza, Barcelona, Madrid, Huesca o Par\u00eds, y ha participado en numerosas muestras colectivas dentro y fuera de nuestro pa\u00eds. Su obra se encuentra representada en diversas instituciones, como el Museo de Bellas Artes Chateau de Foucaud, en Gaillac, Francia. En el Ateneo de Madrid o en la Fundaci\u00f3n Marqu\u00e9s de Santillana, de la Diputaci\u00f3n Provincial de Guadalajara.<\/p>\n<p><strong>Carlos Delgado<br \/>\nEl Punto\u00a0de las Artes.\u00a0 Madrid<\/strong><\/p>\n<p><img loading=\"lazy\" decoding=\"async\" class=\"alignleft wp-image-128 size-medium\" src=\"http:\/\/feguars.es\/wp-content\/uploads\/2015\/04\/El-Punto-de-las-Artes-23-11-2001-300x78.jpg\" alt=\"El-Punto-de-las-Artes-23-11-2001\" width=\"300\" height=\"78\" srcset=\"https:\/\/feguars.es\/wp-content\/uploads\/2015\/04\/El-Punto-de-las-Artes-23-11-2001-300x78.jpg 300w, https:\/\/feguars.es\/wp-content\/uploads\/2015\/04\/El-Punto-de-las-Artes-23-11-2001-500x129.jpg 500w, https:\/\/feguars.es\/wp-content\/uploads\/2015\/04\/El-Punto-de-las-Artes-23-11-2001.jpg 800w\" sizes=\"auto, (max-width: 300px) 100vw, 300px\" \/><\/p>\n<p>&nbsp;<\/p>\n","protected":false},"excerpt":{"rendered":"<p>Mundos\u00a0on\u00edricos\u00a0de Joaqu\u00edn Ferrer Guallar \u00a0\u00a0\u00a0 La rica diversidad de la obra pict\u00f3rica de Feguars, Joaqu\u00edn Ferrer Guallar (1953, Caspe, Zaragoza) hace dif\u00edcil identificarlo exclusivamente con un posicionamiento geom\u00e9trico. La estructuraci\u00f3n regular de sus composiciones se acent\u00faa o se atempera, seg\u00fan <span class=\"excerpt-dots\">&hellip;<\/span> <a class=\"more-link\" href=\"https:\/\/feguars.es\/?page_id=127\"><span class=\"more-msg\">Sigue leyendo &rarr;<\/span><\/a><\/p>\n","protected":false},"author":1,"featured_media":128,"parent":100,"menu_order":0,"comment_status":"open","ping_status":"open","template":"","meta":{"footnotes":""},"class_list":["post-127","page","type-page","status-publish","has-post-thumbnail","hentry"],"_links":{"self":[{"href":"https:\/\/feguars.es\/index.php?rest_route=\/wp\/v2\/pages\/127","targetHints":{"allow":["GET"]}}],"collection":[{"href":"https:\/\/feguars.es\/index.php?rest_route=\/wp\/v2\/pages"}],"about":[{"href":"https:\/\/feguars.es\/index.php?rest_route=\/wp\/v2\/types\/page"}],"author":[{"embeddable":true,"href":"https:\/\/feguars.es\/index.php?rest_route=\/wp\/v2\/users\/1"}],"replies":[{"embeddable":true,"href":"https:\/\/feguars.es\/index.php?rest_route=%2Fwp%2Fv2%2Fcomments&post=127"}],"version-history":[{"count":2,"href":"https:\/\/feguars.es\/index.php?rest_route=\/wp\/v2\/pages\/127\/revisions"}],"predecessor-version":[{"id":130,"href":"https:\/\/feguars.es\/index.php?rest_route=\/wp\/v2\/pages\/127\/revisions\/130"}],"up":[{"embeddable":true,"href":"https:\/\/feguars.es\/index.php?rest_route=\/wp\/v2\/pages\/100"}],"wp:featuredmedia":[{"embeddable":true,"href":"https:\/\/feguars.es\/index.php?rest_route=\/wp\/v2\/media\/128"}],"wp:attachment":[{"href":"https:\/\/feguars.es\/index.php?rest_route=%2Fwp%2Fv2%2Fmedia&parent=127"}],"curies":[{"name":"wp","href":"https:\/\/api.w.org\/{rel}","templated":true}]}}