{"id":137,"date":"2015-04-27T17:49:57","date_gmt":"2015-04-27T17:49:57","guid":{"rendered":"http:\/\/feguars.es\/?page_id=137"},"modified":"2015-04-27T17:49:57","modified_gmt":"2015-04-27T17:49:57","slug":"periodico-de-aragon","status":"publish","type":"page","link":"https:\/\/feguars.es\/?page_id=137","title":{"rendered":"Peri\u00f3dico de Arag\u00f3n"},"content":{"rendered":"<p>Todo flota y queda disponible de un golpe a la mirada como una m\u00fasica visible. Todo ha perdido su anclaje gravitatorio, como el globo escapado del ni\u00f1o que pasa jubilosamente a ser del que quiera verlo. Todo se fragmenta y se recompone en estos cuadros como en una sinfon\u00eda. Agilidad, claridad, transparencia. Pero nada est\u00e1 quieto (en vidriera) sino que parece agitarse en vibrantes juegos de colores, en campos magn\u00e9ticos sin choque. Cada cosa parece equidistar del todo en medio de un fluido iluminado, habitable.<br \/>\nEn realidad as\u00ed es el mundo si uno calla y sue\u00f1a que el sol navega en silencio por encima y que el aire tiene grados, olores, rumores, ruidos (como los signos de Mir\u00f3 sueltos por el cuadro) y que el agua es un movimiento infinitesimal continuo. Las sensaciones vibrantes que llegan al hombre se quedan suspendidas, dispuestas a mezclarse, a tomar formas continuamente nuevas.<br \/>\nJuega la cabeza del ser humano (como nos descubre este pintor) a disponer el mundo en simetr\u00edas, en conceptos con forma f\u00edsica, en aglomeraciones geom\u00e9tricas puras, esferas que no quieren posarse en ning\u00fan sitio y curvas y dientes de sierra que son risue\u00f1os porque est\u00e1n donde el espacio los necesita. Contrastes din\u00e1micos, contrapuntos sonoros. Poes\u00eda visual, figurativa. Joaqu\u00edn Ferrer Guallar escoge los colores (sean o no reales) como un poeta dispone las palabras.<br \/>\nSer\u00e1 el mundo como sea, pero el di\u00e1logo de la geometr\u00eda es el esquema humano para sentirlo acorde, recreado, reconocible, llevado al extremo de la recta y de la curva (punto y l\u00ednea sobre el plano), como so\u00f1\u00f3 Kandinsky, como Kepler imagin\u00f3 al sistema solar y los planetas seg\u00fan las proporciones de los cinco poliedros.<\/p>\n<h4>\nROBERTO MIRANDA<br \/>\nEL PERI\u00d3DICO DE ARAG\u00d3N.<\/h4>\n<p><a href=\"http:\/\/www.elperiodicodearagon.com\/\"><img loading=\"lazy\" decoding=\"async\" class=\"alignleft wp-image-138 size-full\" src=\"http:\/\/feguars.es\/wp-content\/uploads\/2015\/04\/PeriodicoAragon.png\" alt=\"PeriodicoAragon\" width=\"260\" height=\"50\" \/><\/a><\/p>\n","protected":false},"excerpt":{"rendered":"<p>Todo flota y queda disponible de un golpe a la mirada como una m\u00fasica visible. Todo ha perdido su anclaje gravitatorio, como el globo escapado del ni\u00f1o que pasa jubilosamente a ser del que quiera verlo. Todo se fragmenta y <span class=\"excerpt-dots\">&hellip;<\/span> <a class=\"more-link\" href=\"https:\/\/feguars.es\/?page_id=137\"><span class=\"more-msg\">Sigue leyendo &rarr;<\/span><\/a><\/p>\n","protected":false},"author":1,"featured_media":138,"parent":100,"menu_order":0,"comment_status":"closed","ping_status":"open","template":"","meta":{"footnotes":""},"class_list":["post-137","page","type-page","status-publish","has-post-thumbnail","hentry"],"_links":{"self":[{"href":"https:\/\/feguars.es\/index.php?rest_route=\/wp\/v2\/pages\/137","targetHints":{"allow":["GET"]}}],"collection":[{"href":"https:\/\/feguars.es\/index.php?rest_route=\/wp\/v2\/pages"}],"about":[{"href":"https:\/\/feguars.es\/index.php?rest_route=\/wp\/v2\/types\/page"}],"author":[{"embeddable":true,"href":"https:\/\/feguars.es\/index.php?rest_route=\/wp\/v2\/users\/1"}],"replies":[{"embeddable":true,"href":"https:\/\/feguars.es\/index.php?rest_route=%2Fwp%2Fv2%2Fcomments&post=137"}],"version-history":[{"count":1,"href":"https:\/\/feguars.es\/index.php?rest_route=\/wp\/v2\/pages\/137\/revisions"}],"predecessor-version":[{"id":139,"href":"https:\/\/feguars.es\/index.php?rest_route=\/wp\/v2\/pages\/137\/revisions\/139"}],"up":[{"embeddable":true,"href":"https:\/\/feguars.es\/index.php?rest_route=\/wp\/v2\/pages\/100"}],"wp:featuredmedia":[{"embeddable":true,"href":"https:\/\/feguars.es\/index.php?rest_route=\/wp\/v2\/media\/138"}],"wp:attachment":[{"href":"https:\/\/feguars.es\/index.php?rest_route=%2Fwp%2Fv2%2Fmedia&parent=137"}],"curies":[{"name":"wp","href":"https:\/\/api.w.org\/{rel}","templated":true}]}}