{"id":1434,"date":"2019-08-29T14:37:19","date_gmt":"2019-08-29T14:37:19","guid":{"rendered":"http:\/\/feguars.es\/?page_id=1434"},"modified":"2019-08-29T14:44:22","modified_gmt":"2019-08-29T14:44:22","slug":"mi-ninez","status":"publish","type":"page","link":"https:\/\/feguars.es\/?page_id=1434","title":{"rendered":"Mi Ni\u00f1ez"},"content":{"rendered":"<p><a href=\"http:\/\/feguars.es\/wp-content\/uploads\/2019\/08\/MiNinez.jpg\" data-gallery><img loading=\"lazy\" decoding=\"async\" class=\"aligncenter wp-image-1433 size-large\" src=\"http:\/\/feguars.es\/wp-content\/uploads\/2019\/08\/MiNinez-1024x784.jpg\" alt=\"\" width=\"1024\" height=\"784\" srcset=\"https:\/\/feguars.es\/wp-content\/uploads\/2019\/08\/MiNinez-1024x784.jpg 1024w, https:\/\/feguars.es\/wp-content\/uploads\/2019\/08\/MiNinez-300x230.jpg 300w, https:\/\/feguars.es\/wp-content\/uploads\/2019\/08\/MiNinez-768x588.jpg 768w, https:\/\/feguars.es\/wp-content\/uploads\/2019\/08\/MiNinez-1148x878.jpg 1148w, https:\/\/feguars.es\/wp-content\/uploads\/2019\/08\/MiNinez-392x300.jpg 392w, https:\/\/feguars.es\/wp-content\/uploads\/2019\/08\/MiNinez.jpg 2048w\" sizes=\"auto, (max-width: 1024px) 100vw, 1024px\" \/><\/a><\/p>\n<table id=\"table49\" border=\"0\" width=\"100%\" cellpadding=\"0\">\n<tbody>\n<tr>\n<td width=\"30\"><\/td>\n<td width=\"24%\"><b>T\u00edtulo<\/b><\/td>\n<td>Mi ni\u00f1ez<\/td>\n<\/tr>\n<tr>\n<td width=\"30\"><\/td>\n<td width=\"24%\"><b>Medidas<\/b><\/td>\n<td><\/td>\n<\/tr>\n<tr>\n<td width=\"30\"><\/td>\n<td width=\"24%\"><b>T\u00e9cnica<\/b><\/td>\n<td>\u00d3leo sobre lienzo<\/td>\n<\/tr>\n<tr>\n<td width=\"30\"><\/td>\n<td colspan=\"2\"><b>Basado en la canci\u00f3n \u00ab<i>Mi Ni\u00f1ez<\/i>\u00bb de Joan Manuel Serrat.<\/b><\/td>\n<\/tr>\n<\/tbody>\n<\/table>\n<p>Ten\u00eda diez a\u00f1os y un gato<br \/>\npeludo, fun\u00e1mbulo y necio,<br \/>\nque me esperaba en los alambres del patio<br \/>\na la vuelta del colegio.<br \/>\nTen\u00eda un balc\u00f3n con albahaca<br \/>\ny un ej\u00e9rcito de botones<br \/>\ny un tren con vagones de lata<br \/>\nroto entre dos estaciones.<br \/>\nTen\u00eda un cielo azul y un jard\u00edn de adoquines<br \/>\ny una historia a quemar tembl\u00e1ndome en la piel.<br \/>\nEra un bello jinete<br \/>\nsobre mi patinete,<br \/>\nburlando cada esquina<br \/>\ncomo una golondrina,<br \/>\nsin nada que olvidar<br \/>\nporque ayer aprend\u00ed a volar,<br \/>\nperdiendo el tiempo de cara al mar.<br \/>\nTen\u00eda una casa sombr\u00eda,<br \/>\nque madre visti\u00f3 de ternura,<br \/>\ny una almohada que hablaba y sab\u00eda<br \/>\nde mi ambici\u00f3n de ser cura.<br \/>\nTen\u00eda un canario amarillo<br \/>\nque s\u00f3lo trinaba su pena<br \/>\noyendo alg\u00fan viejo organillo<br \/>\no mi radio de galena.<br \/>\nY en julio, en Arag\u00f3n, ten\u00eda un pueblecillo,<br \/>\nuna acequia, un establo y unas ruinas al sol.<br \/>\nAl viento los ombligos,<br \/>\nvolaban cuatro amigos,<br \/>\npicados de viruela<br \/>\ny hu\u00e9rfanos de escuela,<br \/>\nrobando uva y ma\u00edz,<br \/>\nchupando ca\u00f1a y regaliz.<br \/>\nCreo que entonces yo era feliz.<br \/>\nTen\u00eda cuatro sacramentos<br \/>\ny un \u00e1ngel de la guarda amigo<br \/>\ny un \u00abParis-Hollywood\u00bb prestado y mugriento<br \/>\nescondido entre mis libros.<br \/>\nTen\u00eda una novia morena,<br \/>\nque abri\u00f3 a la luna mis sentidos<br \/>\njugando los juegos prohibidos<br \/>\na la sombra de una higuera.<br \/>\nCruc\u00e9 por la ni\u00f1ez imitando a mi hermano.<br \/>\nDescerrajando el viento y apedreando al sol.<br \/>\nMi madre cri\u00f3 canas<br \/>\npespunteando pijamas,<br \/>\nmi padre se hizo viejo<br \/>\nsin mirarse al espejo,<br \/>\ny mi hermano se fue<br \/>\nde casa, por primera vez.<br \/>\nY \u00bfd\u00f3nde, d\u00f3nde fue mi ni\u00f1ez?<\/p>\n<p>&nbsp;<\/p>\n","protected":false},"excerpt":{"rendered":"<p>T\u00edtulo Mi ni\u00f1ez Medidas T\u00e9cnica \u00d3leo sobre lienzo Basado en la canci\u00f3n \u00abMi Ni\u00f1ez\u00bb de Joan Manuel Serrat. Ten\u00eda diez a\u00f1os y un gato peludo, fun\u00e1mbulo y necio, que me esperaba en los alambres del patio a la vuelta del <span class=\"excerpt-dots\">&hellip;<\/span> <a class=\"more-link\" href=\"https:\/\/feguars.es\/?page_id=1434\"><span class=\"more-msg\">Sigue leyendo &rarr;<\/span><\/a><\/p>\n","protected":false},"author":1,"featured_media":1433,"parent":174,"menu_order":0,"comment_status":"closed","ping_status":"closed","template":"","meta":{"footnotes":""},"class_list":["post-1434","page","type-page","status-publish","has-post-thumbnail","hentry"],"_links":{"self":[{"href":"https:\/\/feguars.es\/index.php?rest_route=\/wp\/v2\/pages\/1434","targetHints":{"allow":["GET"]}}],"collection":[{"href":"https:\/\/feguars.es\/index.php?rest_route=\/wp\/v2\/pages"}],"about":[{"href":"https:\/\/feguars.es\/index.php?rest_route=\/wp\/v2\/types\/page"}],"author":[{"embeddable":true,"href":"https:\/\/feguars.es\/index.php?rest_route=\/wp\/v2\/users\/1"}],"replies":[{"embeddable":true,"href":"https:\/\/feguars.es\/index.php?rest_route=%2Fwp%2Fv2%2Fcomments&post=1434"}],"version-history":[{"count":2,"href":"https:\/\/feguars.es\/index.php?rest_route=\/wp\/v2\/pages\/1434\/revisions"}],"predecessor-version":[{"id":1447,"href":"https:\/\/feguars.es\/index.php?rest_route=\/wp\/v2\/pages\/1434\/revisions\/1447"}],"up":[{"embeddable":true,"href":"https:\/\/feguars.es\/index.php?rest_route=\/wp\/v2\/pages\/174"}],"wp:featuredmedia":[{"embeddable":true,"href":"https:\/\/feguars.es\/index.php?rest_route=\/wp\/v2\/media\/1433"}],"wp:attachment":[{"href":"https:\/\/feguars.es\/index.php?rest_route=%2Fwp%2Fv2%2Fmedia&parent=1434"}],"curies":[{"name":"wp","href":"https:\/\/api.w.org\/{rel}","templated":true}]}}