{"id":1493,"date":"2020-04-14T15:32:00","date_gmt":"2020-04-14T15:32:00","guid":{"rendered":"http:\/\/feguars.es\/?page_id=1493"},"modified":"2020-04-14T15:32:25","modified_gmt":"2020-04-14T15:32:25","slug":"negra-sombra","status":"publish","type":"page","link":"https:\/\/feguars.es\/?page_id=1493","title":{"rendered":"Negra Sombra"},"content":{"rendered":"<p><a href=\"http:\/\/feguars.es\/?attachment_id=1484\"><img loading=\"lazy\" decoding=\"async\" class=\"wp-image-1484 size-large aligncenter\" src=\"http:\/\/feguars.es\/wp-content\/uploads\/2020\/04\/Feguars-Negra-Sombra-1024x812.jpg\" alt=\"\" width=\"1024\" height=\"812\" srcset=\"https:\/\/feguars.es\/wp-content\/uploads\/2020\/04\/Feguars-Negra-Sombra-1024x812.jpg 1024w, https:\/\/feguars.es\/wp-content\/uploads\/2020\/04\/Feguars-Negra-Sombra-300x238.jpg 300w, https:\/\/feguars.es\/wp-content\/uploads\/2020\/04\/Feguars-Negra-Sombra-768x609.jpg 768w, https:\/\/feguars.es\/wp-content\/uploads\/2020\/04\/Feguars-Negra-Sombra-1148x910.jpg 1148w, https:\/\/feguars.es\/wp-content\/uploads\/2020\/04\/Feguars-Negra-Sombra-378x300.jpg 378w, https:\/\/feguars.es\/wp-content\/uploads\/2020\/04\/Feguars-Negra-Sombra.jpg 1971w\" sizes=\"auto, (max-width: 1024px) 100vw, 1024px\" \/><\/a><\/p>\n<table width=\"94%\">\n<tbody>\n<tr>\n<td width=\"24%\"><strong>T\u00edtulo<\/strong><\/td>\n<td>Negra Sombra<\/td>\n<\/tr>\n<tr>\n<td width=\"24%\"><strong>Medidas<\/strong><\/td>\n<td>81 x 100 cm<\/td>\n<\/tr>\n<tr>\n<td width=\"24%\"><strong>T\u00e9cnica<\/strong><\/td>\n<td>\u00d3leo sobre lienzo.<\/td>\n<\/tr>\n<tr>\n<td colspan=\"2\"><strong>Basado en la canci\u00f3n Negra Sobra. Letra de Rosal\u00eda de Castro, composici\u00f3n de Juan Montes Cap\u00f3n e interpretada por Luz Casal.<\/strong><\/td>\n<\/tr>\n<\/tbody>\n<\/table>\n<p>Cando penso que te fuches,<br \/>\nnegra sombra que me asombras,<br \/>\n\u00f3 pe dos meus cabezales<br \/>\ntornas fac\u00e9ndome mofa.<\/p>\n<p>Cando maxino que es ida<br \/>\nno mesmo sol te me amostras<br \/>\ni eres a estrela que brila<br \/>\ni eres o vento que zoa.<\/p>\n<p>Si cantan, es ti que cantas;<br \/>\nsi choran, es ti que choras<br \/>\ni es o marmurio do r\u00edo<br \/>\ni es a noite, i es a aurora.<\/p>\n<p>En todo est\u00e1s e ti es todo,<br \/>\nPra min y en min mesma moras,<br \/>\nNin me dexar\u00e1s ti nunca,<br \/>\nSombra que sempre me asombras.<\/p>\n<p>&nbsp;<\/p>\n<p>&nbsp;<\/p>\n","protected":false},"excerpt":{"rendered":"<p>T\u00edtulo Negra Sombra Medidas 81 x 100 cm T\u00e9cnica \u00d3leo sobre lienzo. Basado en la canci\u00f3n Negra Sobra. Letra de Rosal\u00eda de Castro, composici\u00f3n de Juan Montes Cap\u00f3n e interpretada por Luz Casal. Cando penso que te fuches, negra sombra <span class=\"excerpt-dots\">&hellip;<\/span> <a class=\"more-link\" href=\"https:\/\/feguars.es\/?page_id=1493\"><span class=\"more-msg\">Sigue leyendo &rarr;<\/span><\/a><\/p>\n","protected":false},"author":1,"featured_media":1484,"parent":174,"menu_order":0,"comment_status":"closed","ping_status":"closed","template":"","meta":{"footnotes":""},"class_list":["post-1493","page","type-page","status-publish","has-post-thumbnail","hentry"],"_links":{"self":[{"href":"https:\/\/feguars.es\/index.php?rest_route=\/wp\/v2\/pages\/1493","targetHints":{"allow":["GET"]}}],"collection":[{"href":"https:\/\/feguars.es\/index.php?rest_route=\/wp\/v2\/pages"}],"about":[{"href":"https:\/\/feguars.es\/index.php?rest_route=\/wp\/v2\/types\/page"}],"author":[{"embeddable":true,"href":"https:\/\/feguars.es\/index.php?rest_route=\/wp\/v2\/users\/1"}],"replies":[{"embeddable":true,"href":"https:\/\/feguars.es\/index.php?rest_route=%2Fwp%2Fv2%2Fcomments&post=1493"}],"version-history":[{"count":1,"href":"https:\/\/feguars.es\/index.php?rest_route=\/wp\/v2\/pages\/1493\/revisions"}],"predecessor-version":[{"id":1496,"href":"https:\/\/feguars.es\/index.php?rest_route=\/wp\/v2\/pages\/1493\/revisions\/1496"}],"up":[{"embeddable":true,"href":"https:\/\/feguars.es\/index.php?rest_route=\/wp\/v2\/pages\/174"}],"wp:featuredmedia":[{"embeddable":true,"href":"https:\/\/feguars.es\/index.php?rest_route=\/wp\/v2\/media\/1484"}],"wp:attachment":[{"href":"https:\/\/feguars.es\/index.php?rest_route=%2Fwp%2Fv2%2Fmedia&parent=1493"}],"curies":[{"name":"wp","href":"https:\/\/api.w.org\/{rel}","templated":true}]}}