{"id":1504,"date":"2020-04-21T15:52:23","date_gmt":"2020-04-21T15:52:23","guid":{"rendered":"http:\/\/feguars.es\/?page_id=1504"},"modified":"2020-04-21T15:52:33","modified_gmt":"2020-04-21T15:52:33","slug":"la-nueva-cronica","status":"publish","type":"page","link":"https:\/\/feguars.es\/?page_id=1504","title":{"rendered":"La Nueva Cr\u00f3nica"},"content":{"rendered":"<div><a href=\"https:\/\/www.lanuevacronica.com\/cuadros-que-son-como-partituras\" target=\"_blank\" rel=\"noopener\"><img loading=\"lazy\" decoding=\"async\" class=\"wp-image-1505 size-full aligncenter\" src=\"http:\/\/feguars.es\/wp-content\/uploads\/2020\/04\/la-nueva-cronica.jpg\" alt=\"\" width=\"733\" height=\"1926\" srcset=\"https:\/\/feguars.es\/wp-content\/uploads\/2020\/04\/la-nueva-cronica.jpg 733w, https:\/\/feguars.es\/wp-content\/uploads\/2020\/04\/la-nueva-cronica-114x300.jpg 114w, https:\/\/feguars.es\/wp-content\/uploads\/2020\/04\/la-nueva-cronica-390x1024.jpg 390w\" sizes=\"auto, (max-width: 733px) 100vw, 733px\" \/><\/a><\/div>\n<div><\/div>\n<div><\/div>\n<div id=\"cont-tit-h1\" class=\"estilo_h1\">Cuadros que son como partituras<\/div>\n<p><span class=\"entradilla\"> <strong>Arte contempor\u00e1neo<\/strong> La m\u00fasica es el eje que lleva al artista Joaqu\u00edn Ferrer Guallar a elaborar sus obras como partituras de las canciones que le gustan <\/span><\/p>\n<div id=\"cont-cuerpo-noticia\" class=\"parrafo cont-editor\">\n<p>La <strong>m\u00fasica<\/strong> es el eje que vertebra la obra presentada por el pintor aragon\u00e9s <strong>Joaqu\u00edn Ferrer Guallar<\/strong> y cada cuadro representa una canci\u00f3n de autores tan conocidos como <strong>Luis Eduardo Aute<\/strong> o <strong>Pablo Guerrero<\/strong>, o bien temas cl\u00e1sicos o canciones de pel\u00edcula\u2026 la m\u00fasica es el elemento vertebrador de la exposici\u00f3n. Y como novedad decir que cada obra adem\u00e1s de su t\u00edtulo, que suele conicidir con el t\u00edtulo de la canci\u00f3n que representa se acompa\u00f1a de un<strong> QR<\/strong> que lleva a la reproducci\u00f3n de esa pieza en el tel\u00e9fono m\u00f3vil.<\/p>\n<p>Las obras est\u00e1n pintadas sobre soporte madera y \u00abpor medio de cierta simbolog\u00eda en la mayor\u00eda hay unos pentagramas invisibles que, dependiendo del valor de la nota la alargo m\u00e1s o menos, por medio de ciertos dibujos que cambian con tres o cuatro ideas\u00bb, dice el autor. Y va presentando cuadros en los que se ve lo que acaba de contar, las notas son \u00f3valos en unos casos, m\u00e1s grandes o m\u00e1s peque\u00f1os dependiendo del valor de la nota. Adem\u00e1s incluye otros dibujos alusivos a la canci\u00f3n que reflejan claramente la letra con sus ideas. Son cuadros cargados de simbolismo con un color brillante y l\u00facido que resulta interesante para mostrar el sentido, significado y mensaje de cada una de las canciones. Son cuadros llenos de vida y color que muestran las canciones, no solo con su m\u00fasica, incluso representa la letra. Y sin embargo quiere que el espectador aporte su visi\u00f3n personal, su alma porque como \u00e9l mismo dice: \u00abaparte de lo que yo plasmo en el cuadro la gente tambi\u00e9n se imagina cosas. De ah\u00ed el t\u00edtulo de la exposici\u00f3n, porque uno de los primeros cuadros que vend\u00ed, una chica se le ocurri\u00f3 una idea determinada sobre una canci\u00f3n que se llamaba <strong>\u2018Albada\u2019<\/strong> y ella ve\u00eda unos veladores y mesas redondas y se empe\u00f1\u00f3 en que era por la ma\u00f1ana cuando acababa la fiesta, y discutimos sobre la interpretaci\u00f3n y al final le di la raz\u00f3n porque hab\u00eda integrado el cuadro en su propio mundo\u00bb.<\/p>\n<div id=\"addoor-widget-870\" class=\"addoor-widget\"><\/div>\n<p>\u2018Haleluyah\u2019, de <strong>Leonard Cohen<\/strong>; \u2018Imagine\u2019, de <strong>Lennon<\/strong>, Aute, Serrat, Paco Ib\u00e1\u00f1ez, The Animals, Barbra Streisand van desfilando por la galer\u00eda <strong>Sharon Art <\/strong>en la particular visi\u00f3n musical imaginativa de Joaqu\u00edn.<\/p>\n<p>Hay tres conceptos: m\u00fasica, poes\u00eda y pintura: \u00ablas canciones que a lo largo de mi vida me han emocionado forman parte de mi pintura. Es una forma de dar a conocer sobre todo a los j\u00f3venes qui\u00e9n es <strong>Miguel Hern\u00e1ndez <\/strong>o Paco Ib\u00e1\u00f1ez, Serrat, Aute y tantos y tantos que han estado vinculados a mi generaci\u00f3n\u00bb. Las bandas sonoras son tambi\u00e9n el tema que ha presentado en varios cuadros donde brilla el color y la poes\u00eda que muestra en cuadros muy recargados de s\u00edmbolos, pues a las letras de las canciones une su propia simbolog\u00eda con esos dibujos que tanto le gusta plasmar en sus cuadros.<\/p>\n<p>Es una tarea de pintor personal ya que al presentar su obra presenta su propia personalidad y como \u00e9l dice: \u00abEs como si te desnudaras, lo que a m\u00ed me ha gustado es lo que intento mostrar, abrirme a los dem\u00e1s a trav\u00e9s de esas canciones que han marcado mi vida\u00bb.<\/p>\n<p>La inauguraci\u00f3n de esta muestra cont\u00f3 con la colaboraci\u00f3n de Rodrigo y sus amigos que cantaron varias canciones del folklore leon\u00e9s y fueron muy aplaudidos. Tal vez el artista se plantee hacer un cuadro con alguna de las magn\u00edficas canciones que escuch\u00f3 a Rodrigo y que han sido sacadas del folklore popular leon\u00e9s.<\/p>\n<p>La exposici\u00f3n <strong>\u2018Preidolas\u2019 <\/strong>estar\u00e1 en la galer\u00eda Sharon Art hasta el 23 de febrero. Si desean ver las obras y escuchar las canciones a trav\u00e9s de los QRs no se sentir\u00e1n defraudados.<\/p>\n<\/div>\n","protected":false},"excerpt":{"rendered":"<p>Cuadros que son como partituras Arte contempor\u00e1neo La m\u00fasica es el eje que lleva al artista Joaqu\u00edn Ferrer Guallar a elaborar sus obras como partituras de las canciones que le gustan La m\u00fasica es el eje que vertebra la obra <span class=\"excerpt-dots\">&hellip;<\/span> <a class=\"more-link\" href=\"https:\/\/feguars.es\/?page_id=1504\"><span class=\"more-msg\">Sigue leyendo &rarr;<\/span><\/a><\/p>\n","protected":false},"author":1,"featured_media":0,"parent":100,"menu_order":0,"comment_status":"closed","ping_status":"closed","template":"","meta":{"footnotes":""},"class_list":["post-1504","page","type-page","status-publish","hentry"],"_links":{"self":[{"href":"https:\/\/feguars.es\/index.php?rest_route=\/wp\/v2\/pages\/1504","targetHints":{"allow":["GET"]}}],"collection":[{"href":"https:\/\/feguars.es\/index.php?rest_route=\/wp\/v2\/pages"}],"about":[{"href":"https:\/\/feguars.es\/index.php?rest_route=\/wp\/v2\/types\/page"}],"author":[{"embeddable":true,"href":"https:\/\/feguars.es\/index.php?rest_route=\/wp\/v2\/users\/1"}],"replies":[{"embeddable":true,"href":"https:\/\/feguars.es\/index.php?rest_route=%2Fwp%2Fv2%2Fcomments&post=1504"}],"version-history":[{"count":2,"href":"https:\/\/feguars.es\/index.php?rest_route=\/wp\/v2\/pages\/1504\/revisions"}],"predecessor-version":[{"id":1507,"href":"https:\/\/feguars.es\/index.php?rest_route=\/wp\/v2\/pages\/1504\/revisions\/1507"}],"up":[{"embeddable":true,"href":"https:\/\/feguars.es\/index.php?rest_route=\/wp\/v2\/pages\/100"}],"wp:attachment":[{"href":"https:\/\/feguars.es\/index.php?rest_route=%2Fwp%2Fv2%2Fmedia&parent=1504"}],"curies":[{"name":"wp","href":"https:\/\/api.w.org\/{rel}","templated":true}]}}