{"id":16,"date":"2015-04-21T17:31:48","date_gmt":"2015-04-21T17:31:48","guid":{"rendered":"http:\/\/feguars.es\/?page_id=16"},"modified":"2025-09-05T17:13:55","modified_gmt":"2025-09-05T17:13:55","slug":"biografia","status":"publish","type":"page","link":"https:\/\/feguars.es\/?page_id=16","title":{"rendered":"Persona"},"content":{"rendered":"<div class=\"su-row\"><div class=\"su-column su-column-size-2-3\"><div class=\"su-column-inner su-u-clearfix su-u-trim\">\n<h3>JOAQU\u00cdN FERRER GUALLAR<\/h3>\n<p>Nace el cuatro de febrero de\u00a01953 en Caspe\u00a0(Zaragoza).<br \/>\nReside en la C\/ Bat\u00e1n 23-Y.\u00a050700\u00a0Caspe\u00a0(Zaragoza).<br \/>\nTelf.: 976 63 06 54 .<br \/>\nCorreo electr\u00f3nico:\u00a0feguars@hotmail.com<\/p>\n<p>Comienza su aprendizaje en la Escuela Municipal de Arte de Caspe y sigue posteriormente su formaci\u00f3n de manera autodidacta.<\/p>\n<\/div><\/div> <div class=\"su-column su-column-size-1-3\"><div class=\"su-column-inner su-u-clearfix su-u-trim\">\n<div class=\"su-custom-gallery su-custom-gallery-align-left su-custom-gallery-title-hover su-lightbox-gallery\"><div class=\"su-custom-gallery-slide\" style=\"width:220px;height:370px\"><a href=\"https:\/\/feguars.es\/wp-content\/uploads\/2015\/04\/retrato.jpg\" title=\"Feguars\" data-gallery><img loading=\"lazy\" decoding=\"async\" src=\"https:\/\/feguars.es\/wp-content\/uploads\/2015\/04\/retrato-220x370.jpg\" alt=\"Feguars\" width=\"220\" height=\"370\" \/><span class=\"su-custom-gallery-title\">Feguars<\/span><\/a><\/div><div class=\"su-clear\"><\/div><\/div>\n<\/div><\/div> <\/div>\n<h3><span id=\"inserted4550\"><span id=\"inserted3345\"><span style=\"text-decoration: underline;\">ASOCIACIONES DE ARTISTAS A LAS QUE PERTENECE <\/span><\/span><\/span><\/h3>\n<ul>\n<li>Socio de la Asociaci\u00f3n Espa\u00f1ola de Pintores y Escultores.Madrid.<\/li>\n<li>Socio de la Asociaci\u00f3n Art\u00edstica para la Promoci\u00f3n de las Bellas Artes en Catalu\u00f1a ( ASSART ).<\/li>\n<li>Socio de la Asociaci\u00f3n Goyarte.<\/li>\n<\/ul>\n<p>&nbsp;<\/p>\n","protected":false},"excerpt":{"rendered":"<p>ASOCIACIONES DE ARTISTAS A LAS QUE PERTENECE Socio de la Asociaci\u00f3n Espa\u00f1ola de Pintores y Escultores.Madrid. Socio de la Asociaci\u00f3n Art\u00edstica para la Promoci\u00f3n de las Bellas Artes en Catalu\u00f1a ( ASSART ). Socio de la Asociaci\u00f3n Goyarte. &nbsp;<\/p>\n <a class=\"more-link\" href=\"https:\/\/feguars.es\/?page_id=16\"><span class=\"more-msg\">Sigue leyendo &rarr;<\/span><\/a>","protected":false},"author":1,"featured_media":17,"parent":41,"menu_order":0,"comment_status":"closed","ping_status":"closed","template":"","meta":{"footnotes":""},"class_list":["post-16","page","type-page","status-publish","has-post-thumbnail","hentry"],"_links":{"self":[{"href":"https:\/\/feguars.es\/index.php?rest_route=\/wp\/v2\/pages\/16","targetHints":{"allow":["GET"]}}],"collection":[{"href":"https:\/\/feguars.es\/index.php?rest_route=\/wp\/v2\/pages"}],"about":[{"href":"https:\/\/feguars.es\/index.php?rest_route=\/wp\/v2\/types\/page"}],"author":[{"embeddable":true,"href":"https:\/\/feguars.es\/index.php?rest_route=\/wp\/v2\/users\/1"}],"replies":[{"embeddable":true,"href":"https:\/\/feguars.es\/index.php?rest_route=%2Fwp%2Fv2%2Fcomments&post=16"}],"version-history":[{"count":13,"href":"https:\/\/feguars.es\/index.php?rest_route=\/wp\/v2\/pages\/16\/revisions"}],"predecessor-version":[{"id":4144,"href":"https:\/\/feguars.es\/index.php?rest_route=\/wp\/v2\/pages\/16\/revisions\/4144"}],"up":[{"embeddable":true,"href":"https:\/\/feguars.es\/index.php?rest_route=\/wp\/v2\/pages\/41"}],"wp:featuredmedia":[{"embeddable":true,"href":"https:\/\/feguars.es\/index.php?rest_route=\/wp\/v2\/media\/17"}],"wp:attachment":[{"href":"https:\/\/feguars.es\/index.php?rest_route=%2Fwp%2Fv2%2Fmedia&parent=16"}],"curies":[{"name":"wp","href":"https:\/\/api.w.org\/{rel}","templated":true}]}}