{"id":1605,"date":"2021-03-24T18:41:57","date_gmt":"2021-03-24T18:41:57","guid":{"rendered":"http:\/\/feguars.es\/?page_id=1605"},"modified":"2021-03-24T18:43:13","modified_gmt":"2021-03-24T18:43:13","slug":"plegaria-a-un-labrador","status":"publish","type":"page","link":"https:\/\/feguars.es\/?page_id=1605","title":{"rendered":"Plegaria a un Labrador"},"content":{"rendered":"<p><a href=\"http:\/\/feguars.es\/wp-content\/uploads\/2021\/03\/Plegaria-a-un-Labrador-65-x-92-Cm..jpg\" data-gallery><img loading=\"lazy\" decoding=\"async\" class=\"aligncenter wp-image-1606 size-large\" src=\"http:\/\/feguars.es\/wp-content\/uploads\/2021\/03\/Plegaria-a-un-Labrador-65-x-92-Cm.-1024x715.jpg\" alt=\"\" width=\"1024\" height=\"715\" srcset=\"https:\/\/feguars.es\/wp-content\/uploads\/2021\/03\/Plegaria-a-un-Labrador-65-x-92-Cm.-1024x715.jpg 1024w, https:\/\/feguars.es\/wp-content\/uploads\/2021\/03\/Plegaria-a-un-Labrador-65-x-92-Cm.-300x209.jpg 300w, https:\/\/feguars.es\/wp-content\/uploads\/2021\/03\/Plegaria-a-un-Labrador-65-x-92-Cm.-768x536.jpg 768w, https:\/\/feguars.es\/wp-content\/uploads\/2021\/03\/Plegaria-a-un-Labrador-65-x-92-Cm.-1148x801.jpg 1148w, https:\/\/feguars.es\/wp-content\/uploads\/2021\/03\/Plegaria-a-un-Labrador-65-x-92-Cm.-430x300.jpg 430w\" sizes=\"auto, (max-width: 1024px) 100vw, 1024px\" \/><\/a><\/p>\n<table width=\"94%\">\n<tbody>\n<tr>\n<td width=\"24%\"><strong>T\u00edtulo<\/strong><\/td>\n<td>Plegaria a un Labrador<\/td>\n<\/tr>\n<tr>\n<td width=\"24%\"><strong>Medidas<\/strong><\/td>\n<td>61 x 50 cm<\/td>\n<\/tr>\n<tr>\n<td width=\"24%\"><strong>T\u00e9cnica<\/strong><\/td>\n<td>\u00d3leo sobre lienzo.<\/td>\n<\/tr>\n<tr>\n<td colspan=\"2\"><strong>Basado en la canci\u00f3n del mismo t\u00edtulo de Victor Jara<br \/>\n<\/strong><\/td>\n<\/tr>\n<\/tbody>\n<\/table>\n<p>&nbsp;<\/p>\n<p>Lev\u00e1ntate y mira la monta\u00f1a<br \/>\nDe donde viene el viento, el sol y el agua<br \/>\nT\u00fa que manejas el curso de los r\u00edos<br \/>\nT\u00fa que sembraste el vuelo de tu alma<\/p>\n<p>Lev\u00e1ntate y m\u00edrate las manos<br \/>\nPara crecer, estr\u00e9chala a tu hermano<br \/>\nJuntos iremos unidos en la sangre<br \/>\nHoy es el tiempo que puede ser ma\u00f1ana<\/p>\n<p>L\u00edbranos de aquel que nos domina<br \/>\nEn la miseria tr\u00e1enos tu reino de justicia<br \/>\nE igualdad sopla como el viento la flor de la quebrada<br \/>\nLimpia como el fuego el ca\u00f1\u00f3n de mi fusil<\/p>\n<p>H\u00e1gase por fin la voluntad aqu\u00ed en la tierra<br \/>\nDanos tu fuerza y tu valor al combatir<br \/>\nSopla como el viento la flor de la quebrada<br \/>\nLimpia como el fuego el ca\u00f1\u00f3n de mi fusil<\/p>\n<p>Lev\u00e1ntate y m\u00edrate las manos<br \/>\nPara crecer, estr\u00e9chala a tu hermano<br \/>\nJuntos iremos unidos en la sangre<br \/>\nAhora en la hora de nuestra muerte<br \/>\nAm\u00e9n<\/p>\n","protected":false},"excerpt":{"rendered":"<p>T\u00edtulo Plegaria a un Labrador Medidas 61 x 50 cm T\u00e9cnica \u00d3leo sobre lienzo. Basado en la canci\u00f3n del mismo t\u00edtulo de Victor Jara &nbsp; Lev\u00e1ntate y mira la monta\u00f1a De donde viene el viento, el sol y el agua <span class=\"excerpt-dots\">&hellip;<\/span> <a class=\"more-link\" href=\"https:\/\/feguars.es\/?page_id=1605\"><span class=\"more-msg\">Sigue leyendo &rarr;<\/span><\/a><\/p>\n","protected":false},"author":1,"featured_media":1606,"parent":174,"menu_order":0,"comment_status":"closed","ping_status":"closed","template":"","meta":{"footnotes":""},"class_list":["post-1605","page","type-page","status-publish","has-post-thumbnail","hentry"],"_links":{"self":[{"href":"https:\/\/feguars.es\/index.php?rest_route=\/wp\/v2\/pages\/1605","targetHints":{"allow":["GET"]}}],"collection":[{"href":"https:\/\/feguars.es\/index.php?rest_route=\/wp\/v2\/pages"}],"about":[{"href":"https:\/\/feguars.es\/index.php?rest_route=\/wp\/v2\/types\/page"}],"author":[{"embeddable":true,"href":"https:\/\/feguars.es\/index.php?rest_route=\/wp\/v2\/users\/1"}],"replies":[{"embeddable":true,"href":"https:\/\/feguars.es\/index.php?rest_route=%2Fwp%2Fv2%2Fcomments&post=1605"}],"version-history":[{"count":2,"href":"https:\/\/feguars.es\/index.php?rest_route=\/wp\/v2\/pages\/1605\/revisions"}],"predecessor-version":[{"id":1608,"href":"https:\/\/feguars.es\/index.php?rest_route=\/wp\/v2\/pages\/1605\/revisions\/1608"}],"up":[{"embeddable":true,"href":"https:\/\/feguars.es\/index.php?rest_route=\/wp\/v2\/pages\/174"}],"wp:featuredmedia":[{"embeddable":true,"href":"https:\/\/feguars.es\/index.php?rest_route=\/wp\/v2\/media\/1606"}],"wp:attachment":[{"href":"https:\/\/feguars.es\/index.php?rest_route=%2Fwp%2Fv2%2Fmedia&parent=1605"}],"curies":[{"name":"wp","href":"https:\/\/api.w.org\/{rel}","templated":true}]}}