{"id":1610,"date":"2021-03-24T18:48:57","date_gmt":"2021-03-24T18:48:57","guid":{"rendered":"http:\/\/feguars.es\/?page_id=1610"},"modified":"2021-03-27T11:58:51","modified_gmt":"2021-03-27T11:58:51","slug":"y-en-el-coro-de-babel","status":"publish","type":"page","link":"https:\/\/feguars.es\/?page_id=1610","title":{"rendered":"Y en el Coro de Babel"},"content":{"rendered":"<p>&nbsp;<\/p>\n<p><a href=\"http:\/\/feguars.es\/wp-content\/uploads\/2021\/03\/Y-en-el-Coro-de-Babel-89-x-116-Cm..jpg\" data-gallery><img loading=\"lazy\" decoding=\"async\" class=\"aligncenter wp-image-1612 size-large\" src=\"http:\/\/feguars.es\/wp-content\/uploads\/2021\/03\/Y-en-el-Coro-de-Babel-89-x-116-Cm.-1024x804.jpg\" alt=\"\" width=\"1024\" height=\"804\" srcset=\"https:\/\/feguars.es\/wp-content\/uploads\/2021\/03\/Y-en-el-Coro-de-Babel-89-x-116-Cm.-1024x804.jpg 1024w, https:\/\/feguars.es\/wp-content\/uploads\/2021\/03\/Y-en-el-Coro-de-Babel-89-x-116-Cm.-300x236.jpg 300w, https:\/\/feguars.es\/wp-content\/uploads\/2021\/03\/Y-en-el-Coro-de-Babel-89-x-116-Cm.-768x603.jpg 768w, https:\/\/feguars.es\/wp-content\/uploads\/2021\/03\/Y-en-el-Coro-de-Babel-89-x-116-Cm.-1148x901.jpg 1148w, https:\/\/feguars.es\/wp-content\/uploads\/2021\/03\/Y-en-el-Coro-de-Babel-89-x-116-Cm.-382x300.jpg 382w\" sizes=\"auto, (max-width: 1024px) 100vw, 1024px\" \/><\/a><\/p>\n<table width=\"94%\">\n<tbody>\n<tr>\n<td width=\"24%\"><strong>T\u00edtulo<\/strong><\/td>\n<td>Y en el Coro de Babel<\/td>\n<\/tr>\n<tr>\n<td width=\"24%\"><strong>Medidas<\/strong><\/td>\n<td>89 x 116 cm<\/td>\n<\/tr>\n<tr>\n<td width=\"24%\"><strong>T\u00e9cnica<\/strong><\/td>\n<td>\u00d3leo sobre lienzo.<\/td>\n<\/tr>\n<tr>\n<td colspan=\"2\"><strong>\u00a0Basado en la canci\u00f3n \u00abPeces de Ciudad\u00bb interpretada por Ana Bel\u00e9n. Letra de Joaqu\u00edn Sabina y m\u00fasica de Joaqu\u00edn Sabina y Pancho Varona.<\/strong><\/td>\n<\/tr>\n<\/tbody>\n<\/table>\n<p>&nbsp;<\/p>\n<p>Se peinaba a lo gar\u00e7on<br \/>\nLa viajera que quiso ense\u00f1arme a besar<br \/>\nEn la gare d&#8217;Austerlitz<br \/>\nPrimavera de un amor<br \/>\nAmarillo y frugal como el sol<br \/>\nDel veranillo de San Mart\u00edn<\/p>\n<p>Hay quien dice que fui yo<br \/>\nEl primero en olvidar<br \/>\nCuando en un si bemol de Jacques Brel<br \/>\nConoc\u00ed a mademoiselle Amsterdam<\/p>\n<p>En la fatua Nueva York<br \/>\nDa m\u00e1s sombra que los limoneros<br \/>\nLa estatua de la libertad<br \/>\nPero en Desolation Row<br \/>\nLas sirenas de los petroleros<br \/>\nNo dejan re\u00edr ni volar<\/p>\n<p>Y, en el coro de Babel<br \/>\nDesafina un espa\u00f1ol<br \/>\nNo hay m\u00e1s ley que la ley del tesoro<br \/>\nEn las minas del rey Salom\u00f3n<\/p>\n<p>Y desafiando el oleaje sin tim\u00f3n ni timonel<br \/>\nPor mis sue\u00f1os va, ligero de equipaje<br \/>\nSobre un cascar\u00f3n de nuez, mi coraz\u00f3n de viaje<br \/>\nLuciendo los tatuajes de un pasado bucanero<br \/>\nDe un velero al abordaje de un, de un no te quiero querer<\/p>\n<p>Y c\u00f3mo huir cuando no quedan islas para naufragar<br \/>\nAl pa\u00eds donde los sabios se retiran<br \/>\nDel agravio de buscar labios que sacan de quicio<\/p>\n<p>Mentiras que ganan juicios tan sumarios que envilecen<br \/>\nEl cristal de los acuarios de los peces de ciudad<br \/>\nQue mordieron el anzuelo, que bucean a ras del suelo<br \/>\nQue no merecen nadar<\/p>\n<p>El Dorado era un champ\u00fa<br \/>\nLa virtud, unos brazos en cruz<br \/>\nEl pecado, una p\u00e1gina web<br \/>\nEn Comala comprend\u00ed<br \/>\nQue al lugar donde has sido feliz<br \/>\nNo debieras tratar de volver<\/p>\n<p>Cuando en vuelo regular<br \/>\nPis\u00e9 el cielo de Madrid<br \/>\nMe esperaba una reci\u00e9n casada<br \/>\nQue no se acordaba de m\u00ed<\/p>\n<p>Y desafiando el oleaje sin tim\u00f3n ni timonel<br \/>\nPor mis venas va, ligero de equipaje<br \/>\nSobre un cascar\u00f3n de nuez, mi coraz\u00f3n de viaje<br \/>\nLuciendo los tatuajes de un pasado bucanero<br \/>\nDe un velero al abordaje, de un, de un liguero de mujer<\/p>\n<p>Y c\u00f3mo huir cuando no quedan islas para naufragar<br \/>\nAl pa\u00eds donde los sabios se retiran<br \/>\nDel agravio de buscar labios que sacan de quicio<\/p>\n<p>Mentiras que ganan juicios tan sumarios que envilecen<br \/>\nEl cristal de los acuarios de, de los peces de ciudad<br \/>\nQue perdieron las agallas en un banco de morralla<br \/>\nEn una playa sin mar<\/p>\n<p>&nbsp;<\/p>\n","protected":false},"excerpt":{"rendered":"<p>&nbsp; T\u00edtulo Y en el Coro de Babel Medidas 89 x 116 cm T\u00e9cnica \u00d3leo sobre lienzo. \u00a0Basado en la canci\u00f3n \u00abPeces de Ciudad\u00bb interpretada por Ana Bel\u00e9n. Letra de Joaqu\u00edn Sabina y m\u00fasica de Joaqu\u00edn Sabina y Pancho Varona. <span class=\"excerpt-dots\">&hellip;<\/span> <a class=\"more-link\" href=\"https:\/\/feguars.es\/?page_id=1610\"><span class=\"more-msg\">Sigue leyendo &rarr;<\/span><\/a><\/p>\n","protected":false},"author":1,"featured_media":1612,"parent":174,"menu_order":0,"comment_status":"closed","ping_status":"closed","template":"","meta":{"footnotes":""},"class_list":["post-1610","page","type-page","status-publish","has-post-thumbnail","hentry"],"_links":{"self":[{"href":"https:\/\/feguars.es\/index.php?rest_route=\/wp\/v2\/pages\/1610","targetHints":{"allow":["GET"]}}],"collection":[{"href":"https:\/\/feguars.es\/index.php?rest_route=\/wp\/v2\/pages"}],"about":[{"href":"https:\/\/feguars.es\/index.php?rest_route=\/wp\/v2\/types\/page"}],"author":[{"embeddable":true,"href":"https:\/\/feguars.es\/index.php?rest_route=\/wp\/v2\/users\/1"}],"replies":[{"embeddable":true,"href":"https:\/\/feguars.es\/index.php?rest_route=%2Fwp%2Fv2%2Fcomments&post=1610"}],"version-history":[{"count":2,"href":"https:\/\/feguars.es\/index.php?rest_route=\/wp\/v2\/pages\/1610\/revisions"}],"predecessor-version":[{"id":1644,"href":"https:\/\/feguars.es\/index.php?rest_route=\/wp\/v2\/pages\/1610\/revisions\/1644"}],"up":[{"embeddable":true,"href":"https:\/\/feguars.es\/index.php?rest_route=\/wp\/v2\/pages\/174"}],"wp:featuredmedia":[{"embeddable":true,"href":"https:\/\/feguars.es\/index.php?rest_route=\/wp\/v2\/media\/1612"}],"wp:attachment":[{"href":"https:\/\/feguars.es\/index.php?rest_route=%2Fwp%2Fv2%2Fmedia&parent=1610"}],"curies":[{"name":"wp","href":"https:\/\/api.w.org\/{rel}","templated":true}]}}