{"id":1622,"date":"2021-03-25T08:55:34","date_gmt":"2021-03-25T08:55:34","guid":{"rendered":"http:\/\/feguars.es\/?page_id=1622"},"modified":"2021-10-07T17:44:48","modified_gmt":"2021-10-07T17:44:48","slug":"albada-ii","status":"publish","type":"page","link":"https:\/\/feguars.es\/?page_id=1622","title":{"rendered":"Albada II"},"content":{"rendered":"<p><a href=\"http:\/\/feguars.es\/?attachment_id=1623\"><img loading=\"lazy\" decoding=\"async\" class=\"aligncenter wp-image-1623 size-large\" src=\"http:\/\/feguars.es\/wp-content\/uploads\/2021\/03\/Albada-II-73-x-92-Cm.-1024x815.jpg\" alt=\"\" width=\"1024\" height=\"815\" srcset=\"https:\/\/feguars.es\/wp-content\/uploads\/2021\/03\/Albada-II-73-x-92-Cm.-1024x815.jpg 1024w, https:\/\/feguars.es\/wp-content\/uploads\/2021\/03\/Albada-II-73-x-92-Cm.-300x239.jpg 300w, https:\/\/feguars.es\/wp-content\/uploads\/2021\/03\/Albada-II-73-x-92-Cm.-768x612.jpg 768w, https:\/\/feguars.es\/wp-content\/uploads\/2021\/03\/Albada-II-73-x-92-Cm.-1148x914.jpg 1148w, https:\/\/feguars.es\/wp-content\/uploads\/2021\/03\/Albada-II-73-x-92-Cm.-377x300.jpg 377w\" sizes=\"auto, (max-width: 1024px) 100vw, 1024px\" \/><\/a><\/p>\n<table width=\"94%\">\n<tbody>\n<tr>\n<td width=\"24%\"><strong>T\u00edtulo<\/strong><\/td>\n<td>Albada II<\/td>\n<\/tr>\n<tr>\n<td width=\"24%\"><strong>Medidas<\/strong><\/td>\n<td>73 x 92 cm<\/td>\n<\/tr>\n<tr>\n<td width=\"24%\"><strong>T\u00e9cnica<\/strong><\/td>\n<td>\u00d3leo sobre lienzo.<\/td>\n<\/tr>\n<tr>\n<td colspan=\"2\"><strong> Basado en la canci\u00f3n \u00abAlbada\u00bb de Jos\u00e9 Antonio Labordeta.<br \/>\n<\/strong><\/td>\n<\/tr>\n<\/tbody>\n<\/table>\n<blockquote><p>Adi\u00f3s a los que se quedan<br \/>\ny a los que se van tambi\u00e9n.<br \/>\nAdi\u00f3s a Huesca y provincia<br \/>\na Zaragoza y Teruel.<\/p>\n<p>Esta es la albada del viento<br \/>\nla albada del que se fue<br \/>\nque quiso volver un d\u00eda<br \/>\npero eso no pudo ser.<\/p>\n<p>Las albadas de mi tierra<br \/>\nse entonan por la ma\u00f1ana<br \/>\npara animar a las gentes<br \/>\na comenzar la jornada.<\/p>\n<p>Arriba los compa\u00f1eros<br \/>\nque ya ha llegado la hora<br \/>\nde tener en nuestras manos<br \/>\nlo que nos quitan de fuera.<\/p>\n<p>Esta albada que yo canto<br \/>\nes una albada guerrera<br \/>\nque lucha porque regresen<br \/>\nlos que dejaron su tierra.<\/p><\/blockquote>\n<h1>  All You Need to Be aware of Dubai Escorts <\/h1>\n<p>  If you&#8217;re looking to find someone who is perfect for dating and love making in Dubai A professional Dubai private escort might be the thing you&#8217;re seeking. Dubai has some among the most stunning locations in the world, which means that every tourist and expatriate is sure to find the perfect one. An Dubai Escort is an opportunity to meet someone new and make lasting connections throughout your daily life. Dubai services for escorting are available to gay or female women and men who want to avoid marriage.   Dubai is seeing a rise in demand for exotic beauty and escorts that specialize in luxury exotic dates. Dubai is a bustling city which people would like to be recognized. A long list of top luxurious exotic escorts is available to offer you a sexual massages, to complete your fantasies about sexual pleasure. Choose one of our gorgeous and attractive young Dubai gay or lesbian Escorts to make your lover feel special.   The escorts of the highest quality in Dubai have a high level of professionalism and you will be able to feel their professionalism the moment you get seated with them. They are able to interact with individuals well and help you and your friend feel comfortable at all times. If you spend just a few hours in Dubai by escorting you, your loved one will be at ease and at ease. A lot of couples have hired high-quality professional escort to join them on business or official trips.   Other than the exotic beautiful and captivating ladies, there are several things to think about when choosing the best option for you. The most well-known and well-known options include call girls, Dubai girls, and Dubai small girls. The girls can customize their services according to the needs of your particular needs. These are girls who can comprehend and meet every man&#8217;s need. There are different types of call girls available for all types of needs. Some Dubai call girls in the form of Jumeirah girls will meet all your needs, no matter if it is seeking a single night relationship or a longer-term relationship.   Smaller girls that take the form of a jumeirah girls or Dubai petite girls could make a difference in your life , by adding small amount of height. They are sought-after by both couples and males. Petite girls from Dubai are considered to be very attractive and attractive, which can increase your odds of getting to know the perfect type of male. If you are a conservative individual or do not want to show your skin, then an Dubai girl or jumeirah girl would be perfect for you because they&#8217;re private enough and won&#8217;t cause any stir at all.   If you&#8217;re looking <a href=\"https:\/\/dubaiescortstate.com\/model\/indian-escorts\">indian escorts<\/a> for a thrill, Dubai escorts can offer some of the best in elegance, class and sophistication. Whether you want a night of dancing with the most handsome guys in town, or you&#8217;re looking to welcome your baby to the world, or you just want to enjoy some quality time with your loved one or friends, then Dubai is the place for you. Dubai is one of the top cities for escorts because of its rich cultural heritage as well as its exotic style. <\/p>\n","protected":false},"excerpt":{"rendered":"<p>T\u00edtulo Albada II Medidas 73 x 92 cm T\u00e9cnica \u00d3leo sobre lienzo. Basado en la canci\u00f3n \u00abAlbada\u00bb de Jos\u00e9 Antonio Labordeta. Adi\u00f3s a los que se quedan y a los que se van tambi\u00e9n. Adi\u00f3s a Huesca y provincia a <span class=\"excerpt-dots\">&hellip;<\/span> <a class=\"more-link\" href=\"https:\/\/feguars.es\/?page_id=1622\"><span class=\"more-msg\">Sigue leyendo &rarr;<\/span><\/a><\/p>\n","protected":false},"author":1,"featured_media":1623,"parent":174,"menu_order":0,"comment_status":"closed","ping_status":"closed","template":"","meta":{"footnotes":""},"class_list":["post-1622","page","type-page","status-publish","has-post-thumbnail","hentry"],"_links":{"self":[{"href":"https:\/\/feguars.es\/index.php?rest_route=\/wp\/v2\/pages\/1622","targetHints":{"allow":["GET"]}}],"collection":[{"href":"https:\/\/feguars.es\/index.php?rest_route=\/wp\/v2\/pages"}],"about":[{"href":"https:\/\/feguars.es\/index.php?rest_route=\/wp\/v2\/types\/page"}],"author":[{"embeddable":true,"href":"https:\/\/feguars.es\/index.php?rest_route=\/wp\/v2\/users\/1"}],"replies":[{"embeddable":true,"href":"https:\/\/feguars.es\/index.php?rest_route=%2Fwp%2Fv2%2Fcomments&post=1622"}],"version-history":[{"count":1,"href":"https:\/\/feguars.es\/index.php?rest_route=\/wp\/v2\/pages\/1622\/revisions"}],"predecessor-version":[{"id":1625,"href":"https:\/\/feguars.es\/index.php?rest_route=\/wp\/v2\/pages\/1622\/revisions\/1625"}],"up":[{"embeddable":true,"href":"https:\/\/feguars.es\/index.php?rest_route=\/wp\/v2\/pages\/174"}],"wp:featuredmedia":[{"embeddable":true,"href":"https:\/\/feguars.es\/index.php?rest_route=\/wp\/v2\/media\/1623"}],"wp:attachment":[{"href":"https:\/\/feguars.es\/index.php?rest_route=%2Fwp%2Fv2%2Fmedia&parent=1622"}],"curies":[{"name":"wp","href":"https:\/\/api.w.org\/{rel}","templated":true}]}}