{"id":250,"date":"2015-11-16T17:53:22","date_gmt":"2015-11-16T17:53:22","guid":{"rendered":"http:\/\/feguars.es\/?page_id=250"},"modified":"2015-11-16T17:53:22","modified_gmt":"2015-11-16T17:53:22","slug":"joaquin-carbonell","status":"publish","type":"page","link":"https:\/\/feguars.es\/?page_id=250","title":{"rendered":"Joaqu\u00edn Carbonell"},"content":{"rendered":"<p>UN PAISAJE CON VENTANAS<\/p>\n<p>Mirar es abrir los ojos al asombro. Para mirar los cuadros de Joaqu\u00edn Ferrer hay que limpiarse el babero de migas y otras antiparras, porque Joaqu\u00edn nos regala luz y color\u00a0hasta inundarnos de dicha. Nunca pens\u00e9 que se pod\u00eda\u00a0 poner orden a canciones como \u201cMe gustar\u00eda darte el mar\u201d. Pero ah\u00ed est\u00e1n ordenadas las palabras en rect\u00e1ngulos y esferas que descolocan los\u00a0sentidos y los\u00a0mojones\u00a0de los caminos trazados. Lo importante de las pinturas de Ferrer es que no tratan\u00a0de interpretar lo que ya existe, ni siquiera de ofrecer claves para comprender lo que\u00a0se mueve en el sinuoso oc\u00e9ano de los sentimientos h\u00famedos. Los cuadros de este hombre inquieto y sereno, son puertas a\u00a0 otras dimensiones emocionales que llenan vac\u00edos y decoran estancias.<\/p>\n<p>Tanta serenidad, tanto equilibrio, tanto color, produce\u00a0dicha y esperanza. Te gustar\u00eda sumergirte en estos cuadros nacidos para gozar con inocencia infantil. Sin\u00a0abordar\u00a0 interpretaciones intelectuales pero sin desde\u00f1ar\u00a0 claves, enigmas y refranes escondidos\u00a0entre los pliegues de la memoria.\u00a0Joaqu\u00edn Ferrer pinta como nadie, porque nadie interpreta el tiempo y el espacio como \u00e9l. No quiero ponerme redicho para buscar huellas de Mir\u00f3 y otros exuberantes,\u00a0 porque no entiendo de pintura ni quiero.\u00a0Pero\u00a0contemplo\u00a0que esta pintura es personal y propia, propietaria de un universo que tuvo huertas\u00a0y\u00a0bancales\u00a0de hortalizas y otras poes\u00edas tel\u00faricas.\u00a0\u00a0Un paisaje con ventanas a los sue\u00f1os no so\u00f1ados.<\/p>\n<p><a href=\"https:\/\/www.facebook.com\/joaquin.carbonell.7\"><img loading=\"lazy\" decoding=\"async\" class=\"aligncenter wp-image-251 size-full\" src=\"http:\/\/feguars.es\/wp-content\/uploads\/2015\/11\/Joaqu\u00edn-Carbonell.jpg\" alt=\"Joaqu\u00edn Carbonell\" width=\"476\" height=\"512\" srcset=\"https:\/\/feguars.es\/wp-content\/uploads\/2015\/11\/Joaqu\u00edn-Carbonell.jpg 476w, https:\/\/feguars.es\/wp-content\/uploads\/2015\/11\/Joaqu\u00edn-Carbonell-279x300.jpg 279w\" sizes=\"auto, (max-width: 476px) 100vw, 476px\" \/><\/a><\/p>\n<p>Joaqu\u00edn Carbonell<\/p>\n","protected":false},"excerpt":{"rendered":"<p>UN PAISAJE CON VENTANAS Mirar es abrir los ojos al asombro. Para mirar los cuadros de Joaqu\u00edn Ferrer hay que limpiarse el babero de migas y otras antiparras, porque Joaqu\u00edn nos regala luz y color\u00a0hasta inundarnos de dicha. Nunca pens\u00e9 <span class=\"excerpt-dots\">&hellip;<\/span> <a class=\"more-link\" href=\"https:\/\/feguars.es\/?page_id=250\"><span class=\"more-msg\">Sigue leyendo &rarr;<\/span><\/a><\/p>\n","protected":false},"author":1,"featured_media":251,"parent":100,"menu_order":0,"comment_status":"closed","ping_status":"closed","template":"","meta":{"footnotes":""},"class_list":["post-250","page","type-page","status-publish","has-post-thumbnail","hentry"],"_links":{"self":[{"href":"https:\/\/feguars.es\/index.php?rest_route=\/wp\/v2\/pages\/250","targetHints":{"allow":["GET"]}}],"collection":[{"href":"https:\/\/feguars.es\/index.php?rest_route=\/wp\/v2\/pages"}],"about":[{"href":"https:\/\/feguars.es\/index.php?rest_route=\/wp\/v2\/types\/page"}],"author":[{"embeddable":true,"href":"https:\/\/feguars.es\/index.php?rest_route=\/wp\/v2\/users\/1"}],"replies":[{"embeddable":true,"href":"https:\/\/feguars.es\/index.php?rest_route=%2Fwp%2Fv2%2Fcomments&post=250"}],"version-history":[{"count":1,"href":"https:\/\/feguars.es\/index.php?rest_route=\/wp\/v2\/pages\/250\/revisions"}],"predecessor-version":[{"id":252,"href":"https:\/\/feguars.es\/index.php?rest_route=\/wp\/v2\/pages\/250\/revisions\/252"}],"up":[{"embeddable":true,"href":"https:\/\/feguars.es\/index.php?rest_route=\/wp\/v2\/pages\/100"}],"wp:featuredmedia":[{"embeddable":true,"href":"https:\/\/feguars.es\/index.php?rest_route=\/wp\/v2\/media\/251"}],"wp:attachment":[{"href":"https:\/\/feguars.es\/index.php?rest_route=%2Fwp%2Fv2%2Fmedia&parent=250"}],"curies":[{"name":"wp","href":"https:\/\/api.w.org\/{rel}","templated":true}]}}