{"id":254,"date":"2015-11-16T18:02:33","date_gmt":"2015-11-16T18:02:33","guid":{"rendered":"http:\/\/feguars.es\/?page_id=254"},"modified":"2015-11-16T18:02:33","modified_gmt":"2015-11-16T18:02:33","slug":"fernando-gonzalez-lucini","status":"publish","type":"page","link":"https:\/\/feguars.es\/?page_id=254","title":{"rendered":"Fernando Gonz\u00e1lez Lucini"},"content":{"rendered":"<p>En mi casa, cuando yo era peque\u00f1o, hab\u00eda un piano \u2013que por cierto nadie tocaba\u2013 y una carpeta llena de partituras. Recuerdo que me pasaba horas y horas contempl\u00e1ndolas.<\/p>\n<p>Aunque era una visi\u00f3n sombr\u00eda, r\u00edgida y silenciosa me encantaba ver aquellas \u00abnotas\u00bb bailonas que sub\u00edan y bajaban siempre enmara\u00f1adas en el pentagrama \u2013ten\u00edan su particular belleza\u2013. Pensaba, o tal vez so\u00f1aba, que alguna de aquellas notas parec\u00eda que quer\u00eda escaparse \u2013por arriba o por abajo\u2013 de aquel paralelismo encarcelamiento lineal; pero no, visualmente no llegaba a conseguirlo y me daba pena. (Por cierto, \u00a1qu\u00e9 tiene la libertad que a m\u00ed me ha provocado desde siempre!).<\/p>\n<p>Pronto descubr\u00ed que las notas que aparec\u00edan quietas y atrapadas \u2013como encarceladas\u2013 en los pentagramas de aquellas partituras se liberaban felizmente, y revoloteaban, y se hac\u00edan hermosas, y hasta llegaban a emocionarme cuando el pianista, el violinista o el cantor las rescataba del papel pautado convirti\u00e9ndolas en sonidos, en melod\u00edas, en canciones. Entonces, en aquel m\u00e1gico momento, las notas musicales se hac\u00edan bellas, arm\u00f3nicas, sugerentes, m\u00e1s libres, liberadoras. \u00a1El d\u00eda que realic\u00e9 ese descubrimiento recuerdo que me sent\u00ed muy feliz!<\/p>\n<p>A\u00f1os despu\u00e9s he vivido una experiencia similar, pero mucho m\u00e1s sorprendente\u2026 Fue el primer d\u00eda que contempl\u00e9 un cuadro de Joaqu\u00edn Ferrer Guallar en el que nos ofrec\u00eda su visi\u00f3n o percepci\u00f3n pl\u00e1stica \u2013de originalidad e imaginaci\u00f3n desbordantes\u2013 sobre canciones como \u00abGracias a la vida\u00bb de Violeta, \u00abLe m\u00e9t\u00e8que\u00bb de Moustaki, \u00abLa belleza\u00bb de Aute o \u00abMe gustar\u00eda darte el mar\u201d de Joaqu\u00edn Carbonell. Aquello me pareci\u00f3 extraordinariamente atractivo y me provoc\u00f3 un regreso hacia lo que antes mencionaba refiri\u00e9ndome a las partituras.<\/p>\n<p>En aquel ya lejano tiempo de mi infancia, experiment\u00e9 el gozo provocado por la transformaci\u00f3n de la rigidez de una partitura tradicional a la m\u00fasica real interpretada y cantada. Ahora, con Joaqu\u00edn y su obra, experimentaba el \u00abplacer\u00bb de la \u00abtransmutaci\u00f3n\u00bb del canto y de la m\u00fasica a un nuevo concepto, o una nueva visi\u00f3n, de partitura; pero a una partitura muy especial, a una \u00abpartitura pl\u00e1stica y visual\u00bb muy bella: sin pautas, llena de luces, de colores, de sugerentes s\u00edmbolos, de realismos y abstracciones geom\u00e9tricas, e incluso de notas musicales radicalmente libres y volanderas; un aut\u00e9ntico baile de sentimientos, de humanidades y de percepciones; un lujo de sensibilidad desbordada; un juego visual que lo es, a la vez secreta y misteriosamente, auditivo.<\/p>\n<p>Esta forma de leer y de sentir la m\u00fasica y la canci\u00f3n pl\u00e1sticamente; o sea, de inyectarles nuevas y muy bellas proyecciones de creatividad y de imaginaci\u00f3n (los cuadros de Joaqu\u00edn son aut\u00e9nticas \u00abpartituras\u00bb alternativas, revolucionarias y liberadoras) el pintor zaragozano de Caspe es capaz \u2013y lo hace magistralmente\u2013 de trascenderla a otras muchas realidades perceptivas: a un paisaje, a un poema, e incluso, en el colmo de la \u00abactualidad\u00bb \u2013el \u00abm\u00e1s dif\u00edcil todav\u00eda\u00bb\u2013, a un blog. Yo he tenido la suerte y el placer de sentir su m\u00e1gica lectura y creaci\u00f3n pl\u00e1stica referida a mi blog \u00abCantemos como quien respira\u00bb y doy fe \u2013por eso lo cuento\u2013 de que pocas veces me he sentido tan bien expresado.<\/p>\n<p>Os invito a sumergiros, sin prisa, en el fant\u00e1stico mundo pict\u00f3rico de Joaqu\u00edn Ferrer Guallar y, muy en particular a sus partituras pl\u00e1stico-musicales que son, como es la m\u00fasica de la que se nutren, un \u00abarte en absoluta y bien hermosa libertad\u00bb.<\/p>\n<p>FERNANDO GONZ\u00c1LEZ LUCINI<\/p>\n<p>https:\/\/www.facebook.com\/fernando.gonzalezlucini\/photos<\/p>\n<p><a href=\"https:\/\/www.facebook.com\/fernando.gonzalezlucini\/\" target=\"_blank\">https:\/\/www.facebook.com\/fernando.gonzalezlucini\/<\/a><br \/>\n<a href=\"http:\/\/fernandolucini.blogspot.com.es\/\" target=\"_blank\">http:\/\/fernandolucini.blogspot.com.es\/<\/a><\/p>\n<p><img loading=\"lazy\" decoding=\"async\" class=\"alignleft wp-image-256 size-full\" src=\"http:\/\/feguars.es\/wp-content\/uploads\/2015\/11\/FERNANDO-GONZ\u00c1LEZ-LUCINI.jpg\" alt=\"FERNANDO GONZ\u00c1LEZ LUCINI\" width=\"340\" height=\"510\" srcset=\"https:\/\/feguars.es\/wp-content\/uploads\/2015\/11\/FERNANDO-GONZ\u00c1LEZ-LUCINI.jpg 340w, https:\/\/feguars.es\/wp-content\/uploads\/2015\/11\/FERNANDO-GONZ\u00c1LEZ-LUCINI-200x300.jpg 200w\" sizes=\"auto, (max-width: 340px) 100vw, 340px\" \/><\/p>\n<p>&nbsp;<\/p>\n<p>&nbsp;<\/p>\n<p>&nbsp;<\/p>\n","protected":false},"excerpt":{"rendered":"<p>En mi casa, cuando yo era peque\u00f1o, hab\u00eda un piano \u2013que por cierto nadie tocaba\u2013 y una carpeta llena de partituras. Recuerdo que me pasaba horas y horas contempl\u00e1ndolas. Aunque era una visi\u00f3n sombr\u00eda, r\u00edgida y silenciosa me encantaba ver <span class=\"excerpt-dots\">&hellip;<\/span> <a class=\"more-link\" href=\"https:\/\/feguars.es\/?page_id=254\"><span class=\"more-msg\">Sigue leyendo &rarr;<\/span><\/a><\/p>\n","protected":false},"author":1,"featured_media":256,"parent":100,"menu_order":0,"comment_status":"closed","ping_status":"closed","template":"","meta":{"footnotes":""},"class_list":["post-254","page","type-page","status-publish","has-post-thumbnail","hentry"],"_links":{"self":[{"href":"https:\/\/feguars.es\/index.php?rest_route=\/wp\/v2\/pages\/254","targetHints":{"allow":["GET"]}}],"collection":[{"href":"https:\/\/feguars.es\/index.php?rest_route=\/wp\/v2\/pages"}],"about":[{"href":"https:\/\/feguars.es\/index.php?rest_route=\/wp\/v2\/types\/page"}],"author":[{"embeddable":true,"href":"https:\/\/feguars.es\/index.php?rest_route=\/wp\/v2\/users\/1"}],"replies":[{"embeddable":true,"href":"https:\/\/feguars.es\/index.php?rest_route=%2Fwp%2Fv2%2Fcomments&post=254"}],"version-history":[{"count":2,"href":"https:\/\/feguars.es\/index.php?rest_route=\/wp\/v2\/pages\/254\/revisions"}],"predecessor-version":[{"id":257,"href":"https:\/\/feguars.es\/index.php?rest_route=\/wp\/v2\/pages\/254\/revisions\/257"}],"up":[{"embeddable":true,"href":"https:\/\/feguars.es\/index.php?rest_route=\/wp\/v2\/pages\/100"}],"wp:featuredmedia":[{"embeddable":true,"href":"https:\/\/feguars.es\/index.php?rest_route=\/wp\/v2\/media\/256"}],"wp:attachment":[{"href":"https:\/\/feguars.es\/index.php?rest_route=%2Fwp%2Fv2%2Fmedia&parent=254"}],"curies":[{"name":"wp","href":"https:\/\/api.w.org\/{rel}","templated":true}]}}