{"id":327,"date":"2016-01-27T17:40:38","date_gmt":"2016-01-27T17:40:38","guid":{"rendered":"http:\/\/feguars.es\/?page_id=327"},"modified":"2018-06-29T16:10:13","modified_gmt":"2018-06-29T16:10:13","slug":"libertad","status":"publish","type":"page","link":"https:\/\/feguars.es\/?page_id=327","title":{"rendered":"Libertad"},"content":{"rendered":"<p><a href=\"http:\/\/feguars.es\/wp-content\/uploads\/2015\/11\/C07-libertad-50x61cm..jpg\" rel=\"lightbox\" data-gallery><img loading=\"lazy\" decoding=\"async\" class=\"aligncenter wp-image-262 size-large\" src=\"http:\/\/feguars.es\/wp-content\/uploads\/2015\/11\/C07-libertad-50x61cm.-1024x846.jpg\" alt=\"C07 libertad 50x61cm.\" width=\"1024\" height=\"846\" srcset=\"https:\/\/feguars.es\/wp-content\/uploads\/2015\/11\/C07-libertad-50x61cm..jpg 1024w, https:\/\/feguars.es\/wp-content\/uploads\/2015\/11\/C07-libertad-50x61cm.-300x248.jpg 300w, https:\/\/feguars.es\/wp-content\/uploads\/2015\/11\/C07-libertad-50x61cm.-363x300.jpg 363w\" sizes=\"auto, (max-width: 1024px) 100vw, 1024px\" \/><\/a><\/p>\n<table id=\"table42\" border=\"0\" width=\"100%\" cellpadding=\"0\">\n<tbody>\n<tr>\n<td width=\"30\"><\/td>\n<td width=\"24%\"><b><span style=\"font-family: Verdana; font-size: x-large;\">T\u00edtulo<\/span><\/b><\/td>\n<td><span style=\"font-family: Verdana; font-size: x-large;\">Libertad<\/span><\/td>\n<\/tr>\n<tr>\n<td width=\"30\"><\/td>\n<td width=\"24%\"><b><span style=\"font-family: Verdana; font-size: x-large;\">Medidas<\/span><\/b><\/td>\n<td><span style=\"font-family: Verdana; font-size: x-large;\">50 x 61 cm<\/span><\/td>\n<\/tr>\n<tr>\n<td width=\"30\"><\/td>\n<td width=\"24%\"><b><span style=\"font-family: Verdana; font-size: x-large;\">T\u00e9cnica<\/span><\/b><\/td>\n<td><span style=\"font-family: Verdana; font-size: x-large;\">\u00d3leo sobre lienzo<\/span><\/td>\n<\/tr>\n<tr>\n<td width=\"30\"><\/td>\n<td colspan=\"2\"><b><span style=\"font-family: Verdana;\">Basado en la canci\u00f3n del mismo t\u00edtulo de Luis Eduardo Aute.<\/span><\/b><\/td>\n<\/tr>\n<\/tbody>\n<\/table>\n<p style=\"text-align: center;\">Y van pasando los a\u00f1os<br \/>\nY al fin la vida no puede ser<br \/>\ns\u00f3lo un tiempo que hay que recorrer<br \/>\na trav\u00e9s del dolor y el placer;<br \/>\nqui\u00e9n nos compuso el enga\u00f1o<br \/>\nde que existir es apostar a no perder.<br \/>\nVivir es m\u00e1s que un derecho,<br \/>\nes el deber de no claudicar<br \/>\nel mandato de reflexionar<br \/>\nqu\u00e9 es nacer, qu\u00e9 es morir, qu\u00e9 es amar.<br \/>\nel hombre, por qu\u00e9 est\u00e1 hecho<br \/>\ny qu\u00e9 eres t\u00fa, libertad,<br \/>\nlibertad, libertad, libertad.<br \/>\nLa idea no es razonable,<br \/>\ntampoco el verbo fundamental;<br \/>\n\u00bfes el alma principio o final,<br \/>\no armon\u00eda del bien frente al mal?<br \/>\nqu\u00e9 es el amor insondable<br \/>\nque empuja al cuerpo a ser inc\u00f3gnita<br \/>\ninmortal.<br \/>\nEl siglo est\u00e1 agonizando<br \/>\ny el testamento que va a dejar<br \/>\nes un orden que quiere ocultar<br \/>\nel preciso comp\u00e1s del azar;<br \/>\na qu\u00e9 seguir respirando<br \/>\nsi no est\u00e1s t\u00fa, libertad,<br \/>\nLibertad, libertad, libertad.<\/p>\n","protected":false},"excerpt":{"rendered":"<p>T\u00edtulo Libertad Medidas 50 x 61 cm T\u00e9cnica \u00d3leo sobre lienzo Basado en la canci\u00f3n del mismo t\u00edtulo de Luis Eduardo Aute. Y van pasando los a\u00f1os Y al fin la vida no puede ser s\u00f3lo un tiempo que hay <span class=\"excerpt-dots\">&hellip;<\/span> <a class=\"more-link\" href=\"https:\/\/feguars.es\/?page_id=327\"><span class=\"more-msg\">Sigue leyendo &rarr;<\/span><\/a><\/p>\n","protected":false},"author":1,"featured_media":262,"parent":174,"menu_order":0,"comment_status":"closed","ping_status":"closed","template":"","meta":{"footnotes":""},"class_list":["post-327","page","type-page","status-publish","has-post-thumbnail","hentry"],"_links":{"self":[{"href":"https:\/\/feguars.es\/index.php?rest_route=\/wp\/v2\/pages\/327","targetHints":{"allow":["GET"]}}],"collection":[{"href":"https:\/\/feguars.es\/index.php?rest_route=\/wp\/v2\/pages"}],"about":[{"href":"https:\/\/feguars.es\/index.php?rest_route=\/wp\/v2\/types\/page"}],"author":[{"embeddable":true,"href":"https:\/\/feguars.es\/index.php?rest_route=\/wp\/v2\/users\/1"}],"replies":[{"embeddable":true,"href":"https:\/\/feguars.es\/index.php?rest_route=%2Fwp%2Fv2%2Fcomments&post=327"}],"version-history":[{"count":5,"href":"https:\/\/feguars.es\/index.php?rest_route=\/wp\/v2\/pages\/327\/revisions"}],"predecessor-version":[{"id":1028,"href":"https:\/\/feguars.es\/index.php?rest_route=\/wp\/v2\/pages\/327\/revisions\/1028"}],"up":[{"embeddable":true,"href":"https:\/\/feguars.es\/index.php?rest_route=\/wp\/v2\/pages\/174"}],"wp:featuredmedia":[{"embeddable":true,"href":"https:\/\/feguars.es\/index.php?rest_route=\/wp\/v2\/media\/262"}],"wp:attachment":[{"href":"https:\/\/feguars.es\/index.php?rest_route=%2Fwp%2Fv2%2Fmedia&parent=327"}],"curies":[{"name":"wp","href":"https:\/\/api.w.org\/{rel}","templated":true}]}}