{"id":34,"date":"2015-04-24T10:23:47","date_gmt":"2015-04-24T10:23:47","guid":{"rendered":"http:\/\/feguars.es\/?page_id=34"},"modified":"2025-09-02T16:36:49","modified_gmt":"2025-09-02T16:36:49","slug":"exposiciones","status":"publish","type":"page","link":"https:\/\/feguars.es\/?page_id=34","title":{"rendered":"Exposiciones Individuales"},"content":{"rendered":"<table width=\"100%\">\n<tbody>\n<tr>\n<td width=\"62\"><strong>1993 <\/strong><\/td>\n<td width=\"1076\">\n<ul>\n<li>Del 25 de diciembre al 3 de enero de 1993 en la Casa Palacio Piazuelo Barber\u00e1n. Caspe. <span class=\"su-lightbox\" data-mfp-src=\"http:\/\/feguars.es\/ex-caspe_barberan.html\" data-mfp-type=\"iframe\" data-mobile=\"yes\">[&#8230;]<\/span><\/li>\n<\/ul>\n<\/td>\n<\/tr>\n<tr>\n<td width=\"62\"><strong>1999<\/strong><\/td>\n<td>\n<ul>\n<li>Del 20-N al 10-D en el Colegio de Espa\u00f1a en la Ciudad Internacional Universitaria de Par\u00eds (Francia) <span class=\"su-lightbox\" data-mfp-src=\"http:\/\/feguars.es\/ex-colegioespanaParis.html\" data-mfp-type=\"iframe\" data-mobile=\"yes\">[\u00b7\u00b7\u00b7]<\/span><\/li>\n<\/ul>\n<\/td>\n<\/tr>\n<tr>\n<td width=\"62\"><strong>2000<\/strong><\/td>\n<td>\n<ul>\n<li>Del 20 al 30 de Junio en el Centro Aragon\u00e9s de Barcelona . C\/<br \/>\nJoaqu\u00edn Costa n\u00ba 68 . Barcelona <span class=\"su-lightbox\" data-mfp-src=\"http:\/\/feguars.es\/ex-cattba.html\" data-mfp-type=\"iframe\" data-mobile=\"yes\">[\u00b7\u00b7\u00b7]<\/span><\/li>\n<li>Del 7 al 15 de Octubre en la Casa Palacio Piazuelo Barber\u00e1n. Caspe. Zaragoza.<\/li>\n<\/ul>\n<\/td>\n<\/tr>\n<tr>\n<td width=\"62\"><strong>2001<\/strong><\/td>\n<td>\n<ul>\n<li>Del 20 de Abril al 9 de Mayo en la Galer\u00eda Catarsis. C\/ Sta. Mar\u00eda, 15. Madrid.<\/li>\n<li>Del 1 al 15 de Julio en el Hotel Boston. Avda. de las Torres, 28. Zaragoza.<\/li>\n<li>Del 28-N al 30-D en el Sal\u00f3n del Siglo XXI. C\/ Emilio Jover Aguilar s\/n. Caspe (Zaragoza)<\/li>\n<\/ul>\n<\/td>\n<\/tr>\n<tr>\n<td width=\"62\"><strong>2002<\/strong><\/td>\n<td>\n<ul>\n<li>Del 5 al 28 de Julio en la Sala de Exposiciones de Torre Vella. C\/ Arzobispo Pere de Cardona s\/n. Salou (Tarragona)<\/li>\n<li>Del 3 al 21 de Octubre en la Galer\u00eda \u00d3leos. C\/ C\u00f3rcega, 224 Barcelona. <span class=\"su-lightbox\" data-mfp-src=\"http:\/\/feguars.es\/ex-bcn.html\" data-mfp-type=\"iframe\" data-mobile=\"yes\">[\u00b7\u00b7\u00b7]<\/span><\/li>\n<\/ul>\n<\/td>\n<\/tr>\n<tr>\n<td width=\"62\"><strong>2003<\/strong><\/td>\n<td>\n<ul>\n<li>Del 3 al 31 de Marzo en el Espacio Ibercaja Castillo Montearag\u00f3n. Pasaje Alm\u00e9riz 4-6. Huesca.<\/li>\n<li>Del 1 al 12 de Abril en la Sala de exposiciones de la Escuela Municipal de M\u00fasica. Caspe (Zgz).<\/li>\n<li>Del 18 de Septiembre al 1 de Octubre en la Biblioteca de Arag\u00f3n, C\/Doctor Cerrada, 22 . Zaragoza.<\/li>\n<\/ul>\n<\/td>\n<\/tr>\n<tr>\n<td width=\"62\"><strong>2004<\/strong><\/td>\n<td>\n<ul>\n<li>Del 3 al 29 de Febrero en el Museo de Bellas Artes. Gaillac. (Francia)<\/li>\n<li>Del 30 de Marzo al 7 de Abril en la Sala de Exposiciones de la Diputaci\u00f3n Provincial de Guadalajara <span class=\"su-lightbox\" data-mfp-src=\"http:\/\/feguars.es\/ex-guadalajara.html\" data-mfp-type=\"iframe\" data-mobile=\"yes\">[\u00b7\u00b7\u00b7]<\/span><\/li>\n<li>Del 17 al 31 de Mayo en el Centro Aragon\u00e9s de Valencia. C\/D. Juan de Austria, 20. Valencia.<\/li>\n<li>Del 18 al 29 de Octubre en la Casa de Arag\u00f3n en Madrid. Pza. Rep\u00fablica Argentina, 6. Madrid<\/li>\n<li>Del 5 al 12 de Diciembre en la Casa Natal de Pablo Gargallo. Maella (Zaragoza)<\/li>\n<\/ul>\n<\/td>\n<\/tr>\n<tr>\n<td width=\"62\"><strong>2005<\/strong><\/td>\n<td>\n<ul>\n<li>Del 25 de Febrero al 16 de Marzo en la Galer\u00eda Catarsis. C\/Sta. Mar\u00eda, 15. Madrid.<\/li>\n<li>Del 3 al 11 de Diciembre, participaci\u00f3n en la V edici\u00f3n de la Bienal Internacional de Arte Contempor\u00e1neo de Florencia. Italia.<\/li>\n<\/ul>\n<\/td>\n<\/tr>\n<tr>\n<td width=\"62\"><strong>2006<\/strong><\/td>\n<td>\n<ul>\n<li>Del 16 de marzo al 18 de abril en el Espacio de Arte del Colegio de Aparejadores y Arquitectos T\u00e9cnicos. Calle Buen Pastor n\u00ba 5 . Barcelona.<\/li>\n<li>Del 1 de Junio al 10 de Julio en la Fundaci\u00f3n CREA. Avda. Ranillas, 20. Zaragoza <span class=\"su-lightbox\" data-mfp-src=\"http:\/\/feguars.es\/ex-crea.html\" data-mfp-type=\"iframe\" data-mobile=\"yes\">[\u00b7\u00b7\u00b7]<\/span><\/li>\n<\/ul>\n<\/td>\n<\/tr>\n<tr>\n<td width=\"62\"><strong>2007<\/strong><\/td>\n<td>\n<ul>\n<li>Del 4 al 26 de enero en la Sala Sta. Catalina del ATENEO de Madrid. C\/del Prado 21. Madrid <span class=\"su-lightbox\" data-mfp-src=\"http:\/\/feguars.es\/ex-casaragonmadrid.html\" data-mfp-type=\"iframe\" data-mobile=\"yes\">[\u00b7\u00b7\u00b7]<\/span><\/li>\n<li>Del 3 al 30 de abril en la Fundaci\u00f3n Caja Rioja-Santos Ochoa. C\/ Doctores Castroviejo, 19. Logro\u00f1o <span class=\"su-lightbox\" data-mfp-src=\"http:\/\/feguars.es\/ex-logrono.html\" data-mfp-type=\"iframe\" data-mobile=\"yes\">[\u00b7\u00b7\u00b7]<\/span><\/li>\n<li>Del 9 de diciembre al 16 de febrero de 2008. Centro Bu\u00f1uel de Calanda. Calanda (Teruel). <span class=\"su-lightbox\" data-mfp-src=\"http:\/\/feguars.es\/ex-calanda.html\" data-mfp-type=\"iframe\" data-mobile=\"yes\">[\u00b7\u00b7\u00b7]<\/span><\/li>\n<\/ul>\n<\/td>\n<\/tr>\n<tr>\n<td width=\"62\"><strong>2008<\/strong><\/td>\n<td>\n<ul>\n<li>Del 6 de marzo al 8 de abril en el Espacio de Arte del Colegio de Aparejadores y Arquitectos T\u00e9cnicos Calle Buen Pastor n\u00ba 5 Barcelona<\/li>\n<li>Del 1 al 13 de septiembre en las salas Picasso y Vel\u00e1zquez de la Caja Rural de Toledo en Toledo. <span class=\"su-lightbox\" data-mfp-src=\"http:\/\/feguars.es\/ex-cajaruraltoledo.html\" data-mfp-type=\"iframe\" data-mobile=\"yes\">[\u00b7\u00b7\u00b7]<\/span><\/li>\n<\/ul>\n<\/td>\n<\/tr>\n<tr>\n<td width=\"62\"><strong>2009<\/strong><\/td>\n<td>\n<ul>\n<li>Del 24 de abril al 17 de mayo en la Galer\u00eda Sharon Art . C\/ Cervantes,10. Le\u00f3n. <span class=\"su-lightbox\" data-mfp-src=\"http:\/\/feguars.es\/ex-sharon.html\" data-mfp-type=\"iframe\" data-mobile=\"yes\">[\u00b7\u00b7\u00b7]<\/span><\/li>\n<li>Del 18 de julio al 31 de agosto en las salas principales del Castillo de Valderrobres (Teruel) <span class=\"su-lightbox\" data-mfp-src=\"http:\/\/feguars.es\/ex-valderobres.html\" data-mfp-type=\"iframe\" data-mobile=\"yes\">[\u00b7\u00b7\u00b7]<\/span><\/li>\n<li>Del 2 al 31 de octubre en el C\u00edrculo de Arte de Toledo. Toledo <span class=\"su-lightbox\" data-mfp-src=\"http:\/\/feguars.es\/ex-toledo.html\" data-mfp-type=\"iframe\" data-mobile=\"yes\">[\u00b7\u00b7\u00b7]<\/span><\/li>\n<\/ul>\n<\/td>\n<\/tr>\n<tr>\n<td width=\"62\"><strong>2010<\/strong><\/td>\n<td>\n<ul>\n<li>Del 14 al 28 de enero en la Sala CAI-Barbas\u00e1n. Jamie I n\u00ba 33 Zaragoza. <span class=\"su-lightbox\" data-mfp-src=\"http:\/\/feguars.es\/ex-cai.html\" data-mfp-type=\"iframe\" data-mobile=\"yes\">[\u00b7\u00b7\u00b7]<\/span><\/li>\n<li>Del 19 de octubre al 5 de noviembre en la Galer\u00eda \u00d3leos C\/ C\u00f3rcega, 224. Barcelona.<\/li>\n<li>Del 27 al 28 de noviembre. 1\u00ba Muestra de Arte \u00abCiudad de Huesca\u00bb, Palacio de Congresos. Huesca<\/li>\n<\/ul>\n<\/td>\n<\/tr>\n<tr>\n<td><strong>2011<\/strong><\/td>\n<td>\n<ul>\n<li>Del 31 de enero al 17 de febrero den la Sala CAI huesca, coso Alto, 11 Huesca<\/li>\n<li>Del 6 al 27 de Mayo , Colegio Oficial de Veterinarios de M\u00e1laga. Pasaje. Esperanto, 1. M\u00e1laga.<\/li>\n<\/ul>\n<\/td>\n<\/tr>\n<tr>\n<td><strong>2012<\/strong><\/td>\n<td>\n<ul>\n<li>Del 18 al 30 de enero en el Centro Cultural Quinta del Berro C\/ E.D&#8217;Almonte, 1. Distrito Salamanca, Madrid<\/li>\n<li>Del 24 de febrero al 17 de marzo en la Galer\u00eda Sharon Art, C\/ Cervantes 10. Le\u00f3n.<\/li>\n<li>Del 27 de marzo al 20 de abril en la Galer\u00eda Eduma C\/ Isaac Peral, 34. Linares (Ja\u00e9n)<\/li>\n<li>Del 4 al 19 de agosto en la Casa-Palacio Piazuelo Barber\u00e1n. Caspe (Zaragoza)<\/li>\n<\/ul>\n<\/td>\n<\/tr>\n<tr>\n<td><strong>2014<\/strong><\/td>\n<td>\n<ul>\n<li>Del 14 de marzo al 31 de mayo, Centro Bu\u00f1uel de Calanda. C\/ Mayor, 48. Calanda (Teruel) <span class=\"su-lightbox\" data-mfp-src=\"http:\/\/feguars.es\/?page_id=149\" data-mfp-type=\"iframe\" data-mobile=\"yes\">[\u00b7\u00b7\u00b7]<\/span><\/li>\n<li>Del 31 de octubre al 28 de noviembre en la Sede RTVA en la isla de la Cartuja Sevilla.<\/li>\n<\/ul>\n<\/td>\n<\/tr>\n<tr>\n<td><strong>2015<\/strong><\/td>\n<td>\n<ul>\n<li>Del 4 al 28 de febrero en el Escpacio de Arte Nazca C\/ Francisco Vitoria n\u00ba 6 (Zaragoza).<\/li>\n<li>Del 18 de abril al 1 de mayo de 2015 en la Sala de exposiciones del BBVA, C\/ San Francisco n\u00ba 2, Oviedo.<\/li>\n<li>Del 6 al 30 de octubre en le Sala de Exposiciones de Ibercja Actur C\/ Ant\u00f3n Garc\u00eda Abril n\u00ba 1 Zaragoza<\/li>\n<\/ul>\n<\/td>\n<\/tr>\n<tr>\n<td><strong>2016<\/strong><\/td>\n<td>\n<ul>\n<li>Del 6 al 27 de mayo en el CMI PUMAR\u00cdN GIJ\u00d3N-SUR C\/Ram\u00f3n Areces n\u00ba 7 Gij\u00f3n (Asturias).<\/li>\n<li>Del 2 al 28 de agosto en la sede de R.T.V.A. C\/ Carpinteros de Ribera n\u00ba 2 11007 C\u00e1diz.<\/li>\n<li>Del 4 al 14 de octubre en el Excmo. Ateneo de Sevilla C\/ Orfila n\u00ba 7 41003 Sevilla.<\/li>\n<li>Del 2 al 17 de diciembre en el Centro Cultural Montjuic. Gran v\u00eda de las Cortes Catalanas, 296 Barcelona.<\/li>\n<\/ul>\n<\/td>\n<\/tr>\n<tr>\n<td><strong>2017<\/strong><\/td>\n<td>\n<ul>\n<li>Del 8 de marzo al 2 de abril en el Centro Cultural Sanchinarro. C\/ Princesa de \u00c9boli S\/N 28050 Madrid.<\/li>\n<li>Del 15 al 29 de septiembre en la Ermita de la Consolaci\u00f3n. Chiprana (Zaragoza).<\/li>\n<li>Del 1 al 14 de octubre en el Sal\u00f3n de Actos del Ayuntamiento de Nonaspe (Zaragoza).<\/li>\n<li>Del 16 al 31 de octubre en las Bodegas del Castillo. Maella (Zaragoza).<\/li>\n<li>Del 2 al 28 de noviembre en la Casa de Cultura. Caspe (Zaragoza).<\/li>\n<li>Del 1 al 10 de diciembre en en Vest\u00edbulo del Cine. Fay\u00f3n (Zaragoza).<\/li>\n<\/ul>\n<\/td>\n<\/tr>\n<tr>\n<td><strong>2018<\/strong><\/td>\n<td>\n<ul>\n<li>Del 23 de marzo al 22 de abril en la Sala de Exposiciones del Diario Informaci\u00f3n. Doctor Rico 17, Alicante.<\/li>\n<li>Del 5 al 30 de noviembre en la Biblioteca de Arag\u00f3n. C\/ Doctor Cerrada n\u00ba 22 (Zaragoza).<\/li>\n<\/ul>\n<\/td>\n<\/tr>\n<tr>\n<td><strong>2019<\/strong><\/td>\n<td>\n<ul>\n<li>Del 4 de abril al 6 de mayo en la Galer\u00eda Le Petit Atelier. C\/ Amsterdan n\u00ba 4 L\u00e9rida.<\/li>\n<\/ul>\n<\/td>\n<\/tr>\n<tr>\n<td><strong>2020<\/strong><\/td>\n<td>\n<ul>\n<li>Del 23 de enero al 23 de febrero en la Galer\u00eda Sharon Art. Plaza Conde Luna 9 Le\u00f3n<\/li>\n<\/ul>\n<\/td>\n<\/tr>\n<tr>\n<td><strong>2021<\/strong><\/td>\n<td>\n<ul>\n<li>Del 25 de mayo al 25 de junio, Centro Cultural San Clemente. Diputaci\u00f3n Provincial de Toledo.<\/li>\n<\/ul>\n<\/td>\n<\/tr>\n<tr>\n<td><strong>2022<\/strong><\/td>\n<td>\n<ul>\n<li>Del 3 de octubre al 2 de noviembre. Museo Municipal Elisa Cendrero. C\/ Toledo n\u00ba 11 13001 Ciudad Real<\/li>\n<\/ul>\n<\/td>\n<\/tr>\n<tr>\n<td><strong>2023<\/strong><\/td>\n<td>\n<ul>\n<li>Del 24 de marzo al 24 de junio en G C Espacio para el Arte. Plaza Rubiales 1 Linares (Ja\u00e9n)<\/li>\n<\/ul>\n<\/td>\n<\/tr>\n<tr>\n<td><strong>2024<\/strong><\/td>\n<td>\n<ul>\n<li>Del 23 de abril al 16 de mayo en Fundaci\u00f3n Caja Rioja, Gran V\u00eda, 2 Logro\u00f1o (La Rioja)<\/li>\n<li>\u00a0\u00a0\u00a0\u00a0\u00a0\u00a0\u00a0\u00a0\u00a0\u00a0\u00a0 Del 21 de noviembre de 2024 al 17 de enero de 2025 en F. Caja Rural de Arag\u00f3n. Coso. Zaragoza.<\/li>\n<\/ul>\n<\/td>\n<\/tr>\n<tr>\n<td><strong>2025<\/strong><\/td>\n<td>\n<ul>\n<li>Del 6 al 29 de junio en la Sala \u201cCompromiso de Caspe\u201d. C\/ Mayor,21 &#8211; Caspe (Zaragoza)<\/li>\n<\/ul>\n<\/td>\n<\/tr>\n<\/tbody>\n<\/table>\n","protected":false},"excerpt":{"rendered":"<p>1993 Del 25 de diciembre al 3 de enero de 1993 en la Casa Palacio Piazuelo Barber\u00e1n. Caspe. 1999 Del 20-N al 10-D en el Colegio de Espa\u00f1a en la Ciudad Internacional Universitaria de Par\u00eds (Francia) 2000 Del 20 al <span class=\"excerpt-dots\">&hellip;<\/span> <a class=\"more-link\" href=\"https:\/\/feguars.es\/?page_id=34\"><span class=\"more-msg\">Sigue leyendo &rarr;<\/span><\/a><\/p>\n","protected":false},"author":1,"featured_media":0,"parent":41,"menu_order":0,"comment_status":"closed","ping_status":"closed","template":"","meta":{"footnotes":""},"class_list":["post-34","page","type-page","status-publish","hentry"],"_links":{"self":[{"href":"https:\/\/feguars.es\/index.php?rest_route=\/wp\/v2\/pages\/34","targetHints":{"allow":["GET"]}}],"collection":[{"href":"https:\/\/feguars.es\/index.php?rest_route=\/wp\/v2\/pages"}],"about":[{"href":"https:\/\/feguars.es\/index.php?rest_route=\/wp\/v2\/types\/page"}],"author":[{"embeddable":true,"href":"https:\/\/feguars.es\/index.php?rest_route=\/wp\/v2\/users\/1"}],"replies":[{"embeddable":true,"href":"https:\/\/feguars.es\/index.php?rest_route=%2Fwp%2Fv2%2Fcomments&post=34"}],"version-history":[{"count":49,"href":"https:\/\/feguars.es\/index.php?rest_route=\/wp\/v2\/pages\/34\/revisions"}],"predecessor-version":[{"id":4085,"href":"https:\/\/feguars.es\/index.php?rest_route=\/wp\/v2\/pages\/34\/revisions\/4085"}],"up":[{"embeddable":true,"href":"https:\/\/feguars.es\/index.php?rest_route=\/wp\/v2\/pages\/41"}],"wp:attachment":[{"href":"https:\/\/feguars.es\/index.php?rest_route=%2Fwp%2Fv2%2Fmedia&parent=34"}],"curies":[{"name":"wp","href":"https:\/\/api.w.org\/{rel}","templated":true}]}}