{"id":371,"date":"2016-01-28T12:21:38","date_gmt":"2016-01-28T12:21:38","guid":{"rendered":"http:\/\/feguars.es\/?page_id=371"},"modified":"2018-06-29T16:10:07","modified_gmt":"2018-06-29T16:10:07","slug":"llego-con-tres-heridas","status":"publish","type":"page","link":"https:\/\/feguars.es\/?page_id=371","title":{"rendered":"Lleg\u00f3 con Tres heridas"},"content":{"rendered":"<p><a href=\"http:\/\/feguars.es\/wp-content\/uploads\/2015\/11\/C19-Con-tres-heridas.jpg\" data-gallery><img loading=\"lazy\" decoding=\"async\" class=\"aligncenter wp-image-274 \" src=\"http:\/\/feguars.es\/wp-content\/uploads\/2015\/11\/C19-Con-tres-heridas-300x242.jpg\" alt=\"C19 Con tres heridas\" width=\"396\" height=\"323\" \/><\/a><\/p>\n<table id=\"table54\" border=\"0\" width=\"100%\" cellpadding=\"0\">\n<tbody>\n<tr>\n<td width=\"30\"><\/td>\n<td width=\"24%\"><b><span style=\"font-family: Verdana; font-size: x-large;\">T\u00edtulo<\/span><\/b><\/td>\n<td><span style=\"font-family: Verdana; font-size: x-large;\">Lleg\u00f3 con Tres heridas<\/span><\/td>\n<\/tr>\n<tr>\n<td width=\"30\"><\/td>\n<td width=\"24%\"><b><span style=\"font-family: Verdana; font-size: x-large;\">Medidas<\/span><\/b><\/td>\n<td><span style=\"font-family: Verdana; font-size: x-large;\">34 x 42 cm<\/span><\/td>\n<\/tr>\n<tr>\n<td width=\"30\"><\/td>\n<td width=\"24%\"><b><span style=\"font-family: Verdana; font-size: x-large;\">T\u00e9cnica<\/span><\/b><\/td>\n<td><span style=\"font-family: Verdana; font-size: x-large;\">\u00d3leo sobre tabla<\/span><\/td>\n<\/tr>\n<tr>\n<td width=\"30\"><\/td>\n<td colspan=\"2\"><b><span style=\"font-family: Verdana;\">Basado en la canci\u00f3n del mismo t\u00edtulo interpretada por Joan Baez.<\/span><\/b><\/td>\n<\/tr>\n<\/tbody>\n<\/table>\n","protected":false},"excerpt":{"rendered":"<p>T\u00edtulo Lleg\u00f3 con Tres heridas Medidas 34 x 42 cm T\u00e9cnica \u00d3leo sobre tabla Basado en la canci\u00f3n del mismo t\u00edtulo interpretada por Joan Baez.<\/p>\n <a class=\"more-link\" href=\"https:\/\/feguars.es\/?page_id=371\"><span class=\"more-msg\">Sigue leyendo &rarr;<\/span><\/a>","protected":false},"author":1,"featured_media":274,"parent":174,"menu_order":0,"comment_status":"closed","ping_status":"closed","template":"","meta":{"footnotes":""},"class_list":["post-371","page","type-page","status-publish","has-post-thumbnail","hentry"],"_links":{"self":[{"href":"https:\/\/feguars.es\/index.php?rest_route=\/wp\/v2\/pages\/371","targetHints":{"allow":["GET"]}}],"collection":[{"href":"https:\/\/feguars.es\/index.php?rest_route=\/wp\/v2\/pages"}],"about":[{"href":"https:\/\/feguars.es\/index.php?rest_route=\/wp\/v2\/types\/page"}],"author":[{"embeddable":true,"href":"https:\/\/feguars.es\/index.php?rest_route=\/wp\/v2\/users\/1"}],"replies":[{"embeddable":true,"href":"https:\/\/feguars.es\/index.php?rest_route=%2Fwp%2Fv2%2Fcomments&post=371"}],"version-history":[{"count":2,"href":"https:\/\/feguars.es\/index.php?rest_route=\/wp\/v2\/pages\/371\/revisions"}],"predecessor-version":[{"id":1027,"href":"https:\/\/feguars.es\/index.php?rest_route=\/wp\/v2\/pages\/371\/revisions\/1027"}],"up":[{"embeddable":true,"href":"https:\/\/feguars.es\/index.php?rest_route=\/wp\/v2\/pages\/174"}],"wp:featuredmedia":[{"embeddable":true,"href":"https:\/\/feguars.es\/index.php?rest_route=\/wp\/v2\/media\/274"}],"wp:attachment":[{"href":"https:\/\/feguars.es\/index.php?rest_route=%2Fwp%2Fv2%2Fmedia&parent=371"}],"curies":[{"name":"wp","href":"https:\/\/api.w.org\/{rel}","templated":true}]}}