{"id":3907,"date":"2021-12-30T16:41:09","date_gmt":"2021-12-30T16:41:09","guid":{"rendered":"http:\/\/feguars.es\/?page_id=3907"},"modified":"2021-12-30T16:41:09","modified_gmt":"2021-12-30T16:41:09","slug":"summertime","status":"publish","type":"page","link":"https:\/\/feguars.es\/?page_id=3907","title":{"rendered":"Summertime"},"content":{"rendered":"<p><a href=\"http:\/\/feguars.es\/wp-content\/uploads\/2021\/12\/Titulo-Summertime-65-x-72-Cm.-copia-copia.jpg\" data-gallery><img loading=\"lazy\" decoding=\"async\" class=\"aligncenter wp-image-3902 size-large\" src=\"http:\/\/feguars.es\/wp-content\/uploads\/2021\/12\/Titulo-Summertime-65-x-72-Cm.-copia-copia-1024x721.jpg\" alt=\"\" width=\"1024\" height=\"721\" srcset=\"https:\/\/feguars.es\/wp-content\/uploads\/2021\/12\/Titulo-Summertime-65-x-72-Cm.-copia-copia-1024x721.jpg 1024w, https:\/\/feguars.es\/wp-content\/uploads\/2021\/12\/Titulo-Summertime-65-x-72-Cm.-copia-copia-300x211.jpg 300w, https:\/\/feguars.es\/wp-content\/uploads\/2021\/12\/Titulo-Summertime-65-x-72-Cm.-copia-copia-768x541.jpg 768w, https:\/\/feguars.es\/wp-content\/uploads\/2021\/12\/Titulo-Summertime-65-x-72-Cm.-copia-copia-1148x808.jpg 1148w, https:\/\/feguars.es\/wp-content\/uploads\/2021\/12\/Titulo-Summertime-65-x-72-Cm.-copia-copia-426x300.jpg 426w, https:\/\/feguars.es\/wp-content\/uploads\/2021\/12\/Titulo-Summertime-65-x-72-Cm.-copia-copia.jpg 1454w\" sizes=\"auto, (max-width: 1024px) 100vw, 1024px\" \/><\/a><\/p>\n<table width=\"94%\">\n<tbody>\n<tr>\n<td width=\"24%\"><strong>T\u00edtulo<\/strong><\/td>\n<td>Summertime<\/td>\n<\/tr>\n<tr>\n<td width=\"24%\"><strong>Medidas<\/strong><\/td>\n<td>65 x 75 cm<\/td>\n<\/tr>\n<tr>\n<td width=\"24%\"><strong>T\u00e9cnica<\/strong><\/td>\n<td>\u00d3leo sobre lienzo.<\/td>\n<\/tr>\n<tr>\n<td colspan=\"2\"><strong> Basado en la composici\u00f3n de George Gershwin, con letra de DuBose Heyward, Dorothy Heyward e Ira Gershwin<br \/>\n<\/strong><\/td>\n<\/tr>\n<\/tbody>\n<\/table>\n<blockquote>\n<p style=\"text-align: right;\">\nSummertime<br \/>\nAnd the livin&#8217; is easy<br \/>\nFish are jumpin&#8217;<br \/>\nAnd the cotton is high<br \/>\nYour daddy&#8217;s rich<br \/>\nAnd your mamma&#8217;s good lookin&#8217;<br \/>\nSo hush little baby<br \/>\nDon&#8217;t you cry<br \/>\nOne of these mornings<br \/>\nYou&#8217;re going to rise up singing<br \/>\nThen you&#8217;ll spread your wings<br \/>\nAnd you&#8217;ll take to the sky<br \/>\nBut till that morning<br \/>\nThere&#8217;s a&#8217;nothing can harm you<br \/>\nWith daddy and mamma standing by<\/p>\n<h3><\/h3>\n<p>Hora de verano<br \/>\nY la vida es f\u00e1cil<br \/>\nLos peces est\u00e1n saltando<br \/>\nY el algod\u00f3n es alto<br \/>\nTu pap\u00e1 es rico<br \/>\nY tu mam\u00e1 se ve bien<br \/>\nAs\u00ed que callar peque\u00f1o beb\u00e9<br \/>\nNo llores<br \/>\nUna de estas ma\u00f1anas<br \/>\nVas a levantarte cantando<br \/>\nEntonces extender\u00e1 sus alas<br \/>\nY te llevar\u00e1s al cielo<br \/>\nPero hasta esa ma\u00f1ana<br \/>\nNo hay nada que pueda hacerte da\u00f1o<br \/>\nCon pap\u00e1 y mam\u00e1 esperando<\/p>\n<p>\u00abSummertime\u00bb es una composici\u00f3n de George Gershwin, con letra de DuBose Heyward, Dorothy Heyward e Ira Gershwin concebida como aria para la \u00f3pera Porgy y Bess, de 1935.<\/p><\/blockquote>\n","protected":false},"excerpt":{"rendered":"<p>T\u00edtulo Summertime Medidas 65 x 75 cm T\u00e9cnica \u00d3leo sobre lienzo. Basado en la composici\u00f3n de George Gershwin, con letra de DuBose Heyward, Dorothy Heyward e Ira Gershwin Summertime And the livin&#8217; is easy Fish are jumpin&#8217; And the cotton <span class=\"excerpt-dots\">&hellip;<\/span> <a class=\"more-link\" href=\"https:\/\/feguars.es\/?page_id=3907\"><span class=\"more-msg\">Sigue leyendo &rarr;<\/span><\/a><\/p>\n","protected":false},"author":1,"featured_media":3902,"parent":174,"menu_order":0,"comment_status":"closed","ping_status":"closed","template":"","meta":{"footnotes":""},"class_list":["post-3907","page","type-page","status-publish","has-post-thumbnail","hentry"],"_links":{"self":[{"href":"https:\/\/feguars.es\/index.php?rest_route=\/wp\/v2\/pages\/3907","targetHints":{"allow":["GET"]}}],"collection":[{"href":"https:\/\/feguars.es\/index.php?rest_route=\/wp\/v2\/pages"}],"about":[{"href":"https:\/\/feguars.es\/index.php?rest_route=\/wp\/v2\/types\/page"}],"author":[{"embeddable":true,"href":"https:\/\/feguars.es\/index.php?rest_route=\/wp\/v2\/users\/1"}],"replies":[{"embeddable":true,"href":"https:\/\/feguars.es\/index.php?rest_route=%2Fwp%2Fv2%2Fcomments&post=3907"}],"version-history":[{"count":1,"href":"https:\/\/feguars.es\/index.php?rest_route=\/wp\/v2\/pages\/3907\/revisions"}],"predecessor-version":[{"id":3908,"href":"https:\/\/feguars.es\/index.php?rest_route=\/wp\/v2\/pages\/3907\/revisions\/3908"}],"up":[{"embeddable":true,"href":"https:\/\/feguars.es\/index.php?rest_route=\/wp\/v2\/pages\/174"}],"wp:featuredmedia":[{"embeddable":true,"href":"https:\/\/feguars.es\/index.php?rest_route=\/wp\/v2\/media\/3902"}],"wp:attachment":[{"href":"https:\/\/feguars.es\/index.php?rest_route=%2Fwp%2Fv2%2Fmedia&parent=3907"}],"curies":[{"name":"wp","href":"https:\/\/api.w.org\/{rel}","templated":true}]}}